{"id":2810,"date":"2016-10-28T14:35:42","date_gmt":"2016-10-28T18:35:42","guid":{"rendered":"https:\/\/youngmindsinmotion.com\/?page_id=2810"},"modified":"2021-02-25T10:34:53","modified_gmt":"2021-02-25T15:34:53","slug":"pre-school-program","status":"publish","type":"page","link":"https:\/\/youngmindsinmotion.com\/es\/pre-school-program\/","title":{"rendered":"Programa preescolar"},"content":{"rendered":"<div class=\"wpb-content-wrapper\"><div  class=\"wpb_row cshero_69e14b9c165ae   background-image-fixed    vc_row-fluid vc_custom_1477680169401\" style =\"background-attachment:fixed;background-repeat: no-repeat;\">\r\n                        <div class=\"container\"><div class=\"row\">        \n\t<div class=\"vc_col-sm-12  wpb_column vc_column_container\">\n\t\t<div class=\"wpb_wrapper\" style=\"font-size:;font-weight:;line-height:;\">\n\t\t\t\n\t\t<\/div> \n\t<\/div> \n    <\/div><\/div>    <\/div>\r\n<div  class=\"wpb_row cshero_69e14b9c168f8  bg-effect-lg     vc_row-fluid vc_custom_1477686696368\" style =\"color:#ffffff;\">\r\n                        <div class=\"container\"><div class=\"row\">        \n\t<div class=\"vc_col-sm-12  wpb_column vc_column_container\">\n\t\t<div class=\"wpb_wrapper\" style=\"font-size:;font-weight:;line-height:;\">\n\t\t\t\n\t<div class=\"wpb_text_column wpb_content_element\" >\n\t\t<div class=\"wpb_wrapper\">\n\t\t\t<h1 style=\"text-align: center; font-size: 38px; line-height: 48px; font-weight: bold; font-family: Dosis; color: white;\">We currently offer 2 Preschool programs.<\/h1>\n\n\t\t<\/div>\n\t<\/div>\n\n\t\t<\/div> \n\t<\/div> \n    <\/div><\/div>    <\/div>\r\n<div  class=\"wpb_row cshero_69e14b9c16c69       vc_row-fluid vc_custom_1613847083103\" style =\"\">\r\n                        <div class=\"container\"><div class=\"row\">        \n\t<div class=\"vc_col-sm-12  wpb_column vc_column_container\">\n\t\t<div class=\"wpb_wrapper\" style=\"font-size:;font-weight:;line-height:;\">\n\t\t\t\n\t<div class=\"wpb_text_column wpb_content_element\" >\n\t\t<div class=\"wpb_wrapper\">\n\t\t\t<h3 style=\"font-size: 45px;\">Private\/Voucher Program 2k, 3k &amp; PreK and Department of Education (DOE) 3K &amp; PreK<\/h3>\n\n\t\t<\/div>\n\t<\/div>\n\n\t\t<\/div> \n\t<\/div> \n    <\/div><\/div>    <\/div>\r\n<div  class=\"wpb_row cshero_69e14b9c16e70       vc_row-fluid vc_custom_1613847083103\" style =\"\">\r\n                        <div class=\"container\"><div class=\"row\">        \n\t<div class=\"vc_col-sm-6  wpb_column vc_column_container    vc_custom_1613847906484  vc_custom_1613847906484\">\n\t\t<div class=\"wpb_wrapper\" style=\"font-size:;font-weight:;line-height:;\">\n\t\t\t\n\t<div class=\"wpb_text_column wpb_content_element\" >\n\t\t<div class=\"wpb_wrapper\">\n\t\t\t<h4 style=\"color: #6f4792; font-weight: 400;\">Private\/Voucher program:<\/h4>\n\n\t\t<\/div>\n\t<\/div>\n<div class=\"vc_empty_space\"   style=\"height: 12px\"><span class=\"vc_empty_space_inner\"><\/span><\/div>\n\t<div class=\"wpb_text_column wpb_content_element\" >\n\t\t<div class=\"wpb_wrapper\">\n\t\t\t<p>If you currently have an ACS, HRA, or voucher through your job or want a private school for your child, this is the program for you. The biggest difference in this program vs. the DOE program is in this program every student must be accepted into the school and, does a one-week trial to get in. The DOE program is offered to the general public. This program also has fewer days off because we do not follow a national holiday schedule. The curriculum of the 2 programs is the same which exceeds the national standard for preschool education. Our curriculum standards are overseen by an independent board of experts that oversee schools throughout the country, not just NYC. We want your child to leave YMIM with the tools not only to be able to compete in NYC but on a national level. The one difference in the curriculum is the preparation for the gifted and talented exam. In this program, there is a focus on preparing the students to be ready to take the G&amp;T admissions exam for kindergarten. School days are from 8 am &#8211; 5:30 pm all year round. Breakfast, lunch, and snacks are provided.<\/p>\n<p><b>Tuition:<\/b>$300 per week discounts can be given<\/p>\n<p><b>Early drop off: <\/b>6:30 am to 8 am is $10 per day<\/p>\n<p>&nbsp;<\/p>\n\n\t\t<\/div>\n\t<\/div>\n\n\t<div class=\"wpb_text_column wpb_content_element\" >\n\t\t<div class=\"wpb_wrapper\">\n\t\t\t<p><a href=\"https:\/\/youngmindsinmotion.com\/es\/enroll\/\">https:\/\/youngmindsinmotion.com\/enroll\/<\/a><\/p>\n\n\t\t<\/div>\n\t<\/div>\n\n\t\t<\/div> \n\t<\/div> \n\n\t<div class=\"vc_col-sm-6  wpb_column vc_column_container\">\n\t\t<div class=\"wpb_wrapper\" style=\"font-size:;font-weight:;line-height:;\">\n\t\t\t\n\t<div class=\"wpb_text_column wpb_content_element\" >\n\t\t<div class=\"wpb_wrapper\">\n\t\t\t<h4 style=\"color: #6f4792; font-weight: 400;\">Department of Education (DOE) program:<\/h4>\n\n\t\t<\/div>\n\t<\/div>\n<div class=\"vc_empty_space\"   style=\"height: 12px\"><span class=\"vc_empty_space_inner\"><\/span><\/div>\n\t<div class=\"wpb_text_column wpb_content_element\" >\n\t\t<div class=\"wpb_wrapper\">\n\t\t\t<p>This is for 3k (children born in 2018) and PreK (children born in 2017). We do not have a DOE 2k program. This program runs from 8 am \u2013 2.20 pm, September \u2013 June. Breakfast, lunch, and snacks are provided. If you qualify based on income, the program is extended to 8 am &#8211; 5:30 pm all year round. This program will follow the DOE school closing schedule. To enroll in this program and find out the income eligibility for extending day\/year you must go to the DOE website @<\/p>\n<p><a href=\"https:\/\/www.schools.nyc.gov\/enrollment\/enroll-grade-by-grade\/3k\">https:\/\/www.schools.nyc.gov\/enrollment\/enroll-grade-by-grade\/3k <\/a><\/p>\n<p>or<\/p>\n<p><a href=\"https:\/\/www.schools.nyc.gov\/enrollment\/enroll-grade-by-grade\/pre-k\">https:\/\/www.schools.nyc.gov\/enrollment\/enroll-grade-by-grade\/pre-k<\/a><\/p>\n<p>The curriculum for this program will follow the same curriculum as the private program minus G&amp;T prep.<\/p>\n<p>For parents enrolled in this program who do not qualify for extended day\/extended year, there is a private pay solution.<br \/>\n<b>During the summer June and July:<\/b><br \/>\nTuition is $ 300 per week and breakfast; lunch and snacks are provided.<\/p>\n<p><b>During the school year:<\/b><br \/>\nEarly drop off \u2013 6:30 am to 8 am is $10 per day and breakfast is provided.<br \/>\nExtend day 2:30 pm \u2013 6 pm for $30 per day and snack is provided.<\/p>\n<p>*All tuition payments are made at the start of the week for service that week and are paid through the school&#8217;s app.<\/p>\n\n\t\t<\/div>\n\t<\/div>\n\n\t\t<\/div> \n\t<\/div> \n    <\/div><\/div>    <\/div>\r\n<div  class=\"wpb_row cshero_69e14b9c17684  bg-effect-lg     vc_row-fluid vc_custom_1477686696368\" style =\"color:#ffffff;\">\r\n                        <div class=\"container\"><div class=\"row\">        \n\t<div class=\"vc_col-sm-12  wpb_column vc_column_container\">\n\t\t<div class=\"wpb_wrapper\" style=\"font-size:;font-weight:;line-height:;\">\n\t\t\t\n\t<div class=\"wpb_text_column wpb_content_element\" >\n\t\t<div class=\"wpb_wrapper\">\n\t\t\t<h1 style=\"text-align: center; font-size: 38px; line-height: 48px; font-weight: bold; font-family: Dosis; color: white;\">Programa preescolar (de 2 a 5 a\u00f1os)<\/h1>\n\n\t\t<\/div>\n\t<\/div>\n\n\t\t<\/div> \n\t<\/div> \n    <\/div><\/div>    <\/div>\r\n<div  class=\"wpb_row cshero_69e14b9c17875       vc_row-fluid\" style =\"\">\r\n                        <div class=\"container\"><div class=\"row\">        \n\t<div class=\"vc_col-sm-12  wpb_column vc_column_container\">\n\t\t<div class=\"wpb_wrapper\" style=\"font-size:;font-weight:;line-height:;\">\n\t\t\t<div class=\"vc_empty_space\"   style=\"height: 32px\"><span class=\"vc_empty_space_inner\"><\/span><\/div>\n\t\t<\/div> \n\t<\/div> \n    <\/div><\/div>    <\/div>\r\n<div  class=\"wpb_row cshero_69e14b9c17add       vc_row-fluid\" style =\"\">\r\n                        <div class=\"container\"><div class=\"row\">        \n\t<div class=\"vc_col-sm-6  wpb_column vc_column_container\">\n\t\t<div class=\"wpb_wrapper\" style=\"font-size:;font-weight:;line-height:;\">\n\t\t\t\n\t<div class=\"wpb_text_column wpb_content_element\" >\n\t\t<div class=\"wpb_wrapper\">\n\t\t\t<h2>Rese\u00f1a del programa<\/h2>\n\n\t\t<\/div>\n\t<\/div>\n\n\t<div class=\"wpb_text_column wpb_content_element\" >\n\t\t<div class=\"wpb_wrapper\">\n\t\t\t<p><span style=\"font-weight: 400;\">Nuestro programa preescolar est\u00e1 estructurado como la primera introducci\u00f3n formal al aprendizaje &quot;acad\u00e9mico&quot; para su hijo. Nos centraremos en las habilidades cognitivas, sociales, motoras gruesas y finas, la apreciaci\u00f3n de la m\u00fasica, la vida sana, la forma f\u00edsica y el juego dram\u00e1tico. Es con gran entusiasmo que presentaremos nuestra t\u00e9cnica de aprendizaje basada en proyectos para participar activamente en el aprendizaje para un conocimiento m\u00e1s profundo de las materias que est\u00e1n estudiando. La clave es presentar varias herramientas que necesitar\u00e1n para su futura experiencia escolar y de vida, todas adaptadas a su edad espec\u00edfica.<\/span><\/p>\n<p><span style=\"font-weight: 400;\"> Aprender\u00e1n a escribir su nombre, letras, contar, atarse los zapatos y aprender a ir al ba\u00f1o. <\/span><\/p>\n<p><span style=\"font-weight: 400;\">Con el uso de tecnolog\u00eda interactiva, iPad, pizarras inteligentes, tabletas, tendr\u00e1n el mundo al alcance de la mano.<\/span><\/p>\n<p><span style=\"font-weight: 400;\">Las actividades preescolares que se encuentran en nuestro plan de estudios incluyen juego imaginativo, m\u00fasica y sociales, arte y acad\u00e9micos, juego de habilidades motoras a trav\u00e9s de bloques y escaladores, y desarrollo cognitivo a trav\u00e9s de la introducci\u00f3n al alfabeto, rompecabezas, juegos mentales y m\u00e1s.<\/span><\/p>\n\n\t\t<\/div>\n\t<\/div>\n\n\t\t<\/div> \n\t<\/div> \n\n\t<div class=\"vc_col-sm-6  wpb_column vc_column_container\">\n\t\t<div class=\"wpb_wrapper\" style=\"font-size:;font-weight:;line-height:;\">\n\t\t\t\n\t<div  class=\"wpb_single_image wpb_content_element vc_align_left wpb_content_element\">\n\t\t\n\t\t<figure class=\"wpb_wrapper vc_figure\">\n\t\t\t<div class=\"vc_single_image-wrapper   vc_box_border_grey\"><img fetchpriority=\"high\" decoding=\"async\" width=\"625\" height=\"417\" src=\"https:\/\/youngmindsinmotion.com\/wp-content\/uploads\/2016\/10\/shutterstock_874592.jpg\" class=\"vc_single_image-img attachment-large\" alt=\"\" title=\"shutterstock_874592\" srcset=\"https:\/\/youngmindsinmotion.com\/wp-content\/uploads\/2016\/10\/shutterstock_874592.jpg 1000w, https:\/\/youngmindsinmotion.com\/wp-content\/uploads\/2016\/10\/shutterstock_874592-300x200.jpg 300w, https:\/\/youngmindsinmotion.com\/wp-content\/uploads\/2016\/10\/shutterstock_874592-768x512.jpg 768w, https:\/\/youngmindsinmotion.com\/wp-content\/uploads\/2016\/10\/shutterstock_874592-624x416.jpg 624w\" sizes=\"(max-width: 625px) 100vw, 625px\" \/><\/div>\n\t\t<\/figure>\n\t<\/div>\n\n\t\t<\/div> \n\t<\/div> \n    <\/div><\/div>    <\/div>\r\n<div  class=\"wpb_row cshero_69e14b9c1850b       vc_row-fluid\" style =\"\">\r\n                        <div class=\"container\"><div class=\"row\">        \n\t<div class=\"vc_col-sm-12  wpb_column vc_column_container\">\n\t\t<div class=\"wpb_wrapper\" style=\"font-size:;font-weight:;line-height:;\">\n\t\t\t<div class=\"vc_empty_space\"   style=\"height: 32px\"><span class=\"vc_empty_space_inner\"><\/span><\/div>\n\t<div class=\"wpb_text_column wpb_content_element\" >\n\t\t<div class=\"wpb_wrapper\">\n\t\t\t<h2>ACTIVIDADES PREESCOLARES Y CURR\u00cdCULO<\/h2>\n\n\t\t<\/div>\n\t<\/div>\n<div class=\"vc_empty_space\"   style=\"height: 32px\"><span class=\"vc_empty_space_inner\"><\/span><\/div>\n\t\t<\/div> \n\t<\/div> \n    <\/div><\/div>    <\/div>\r\n<div  class=\"wpb_row cshero_69e14b9c18842       vc_row-fluid\" style =\"\">\r\n                        <div class=\"container\"><div class=\"row\">        \n\t<div class=\"vc_col-sm-6  wpb_column vc_column_container\">\n\t\t<div class=\"wpb_wrapper\" style=\"font-size:;font-weight:;line-height:;\">\n\t\t\t\n\t<div class=\"wpb_text_column wpb_content_element\" >\n\t\t<div class=\"wpb_wrapper\">\n\t\t\t<p><b style=\"color: #000000;\">Desarrollo del lenguaje<\/b><\/p>\n<ul>\n<li style=\"font-weight: 400;\"><span style=\"font-weight: 400;\">Verbalizar nombre, edad<\/span><\/li>\n<li style=\"font-weight: 400;\"><span style=\"font-weight: 400;\">Distinguir letras de n\u00fameros y palabras<\/span><\/li>\n<li style=\"font-weight: 400;\"><span style=\"font-weight: 400;\">Participa en el aprendizaje del proyecto<\/span><\/li>\n<li style=\"font-weight: 400;\"><span style=\"font-weight: 400;\">Aprender lenguaje de se\u00f1as<\/span><\/li>\n<li>Learn Mandarin (Chinese)<\/li>\n<li>Learn Spanish<\/li>\n<li style=\"font-weight: 400;\"><span style=\"font-weight: 400;\">Comprender y seguir instrucciones<\/span><\/li>\n<\/ul>\n<p><b style=\"color: black;\">Preparaci\u00f3n para la lectura<\/b><\/p>\n<ul>\n<li><b><span style=\"font-weight: 400;\">Reconocer y recrear todas las letras del alfabeto.<\/span><\/b><\/li>\n<li><span style=\"font-weight: 400;\">Asociar letras y sonidos <\/span><\/li>\n<li><span style=\"font-weight: 400;\">Identificar palabras b\u00e1sicas reconocibles a la vista<\/span><\/li>\n<li><span style=\"font-weight: 400;\">Escribe palabras familiares<\/span><\/li>\n<\/ul>\n<p><b style=\"color: black;\">Tecnolog\u00eda<\/b><\/p>\n<ul>\n<li>Centro de mesa inteligente<\/li>\n<li>Centro de Computaci\u00f3n<\/li>\n<\/ul>\n\n\t\t<\/div>\n\t<\/div>\n\n\t\t<\/div> \n\t<\/div> \n\n\t<div class=\"vc_col-sm-6  wpb_column vc_column_container\">\n\t\t<div class=\"wpb_wrapper\" style=\"font-size:;font-weight:;line-height:;\">\n\t\t\t\n\t<div class=\"wpb_text_column wpb_content_element\" >\n\t\t<div class=\"wpb_wrapper\">\n\t\t\t<p><strong style=\"color: black;\">Matem\u00e1ticas \/ Ciencias<\/strong><\/p>\n<ul>\n<li>Reconocer y recrear s\u00edmbolos num\u00e9ricos del 0 al 10<\/li>\n<li>Hacer coincidir el n\u00famero configurado con los s\u00edmbolos num\u00e9ricos 0-30<\/li>\n<li>Desarrollar la comprensi\u00f3n del tiempo<\/li>\n<li>Recopile y registre la fecha en listas y gr\u00e1ficos<\/li>\n<li>Identificar momentos del d\u00eda<\/li>\n<li>Comprender los conceptos del clima<\/li>\n<li>Programas de ajedrez<\/li>\n<\/ul>\n<p><strong style=\"color: black;\">Apreciaci\u00f3n de las artes, el fitness y la m\u00fasica<\/strong><\/p>\n<ul>\n<li>Obra dram\u00e1tica<\/li>\n<li>Teatro<\/li>\n<li>Yoga<\/li>\n<li>Entrenamiento deportivo<\/li>\n<li>Danza<\/li>\n<li>Introducci\u00f3n a varios compositores musicales.<\/li>\n<\/ul>\n\n\t\t<\/div>\n\t<\/div>\n\n\t\t<\/div> \n\t<\/div> \n    <\/div><\/div>    <\/div>\n<p>&nbsp;<\/p>\n<\/div>","protected":false},"excerpt":{"rendered":"<p>&nbsp;<\/p>","protected":false},"author":54,"featured_media":0,"parent":0,"menu_order":0,"comment_status":"closed","ping_status":"closed","template":"","meta":{"footnotes":""},"class_list":["post-2810","page","type-page","status-publish","hentry"],"yoast_head":"<!-- This site is optimized with the Yoast SEO plugin v27.2 - https:\/\/yoast.com\/product\/yoast-seo-wordpress\/ -->\n<title>Pre-School Program - Young Minds In Motion<\/title>\n<meta name=\"robots\" content=\"index, follow, max-snippet:-1, max-image-preview:large, max-video-preview:-1\" \/>\n<link rel=\"canonical\" href=\"https:\/\/youngmindsinmotion.com\/es\/pre-school-program\/\" \/>\n<meta property=\"og:locale\" content=\"es_ES\" \/>\n<meta property=\"og:type\" content=\"article\" \/>\n<meta property=\"og:title\" content=\"Pre-School Program - Young Minds In Motion\" \/>\n<meta property=\"og:description\" content=\"&nbsp;\" \/>\n<meta property=\"og:url\" content=\"https:\/\/youngmindsinmotion.com\/es\/pre-school-program\/\" \/>\n<meta property=\"og:site_name\" content=\"Young Minds In Motion\" \/>\n<meta property=\"article:publisher\" content=\"https:\/\/www.facebook.com\/YoungMindsInMotionYMIM\/\" \/>\n<meta property=\"article:modified_time\" content=\"2021-02-25T15:34:53+00:00\" \/>\n<meta name=\"twitter:card\" content=\"summary_large_image\" \/>\n<meta name=\"twitter:label1\" content=\"Tiempo de lectura\" \/>\n\t<meta name=\"twitter:data1\" content=\"4 minutos\" \/>\n<script type=\"application\/ld+json\" class=\"yoast-schema-graph\">{\"@context\":\"https:\/\/schema.org\",\"@graph\":[{\"@type\":\"WebPage\",\"@id\":\"https:\/\/youngmindsinmotion.com\/pre-school-program\/\",\"url\":\"https:\/\/youngmindsinmotion.com\/pre-school-program\/\",\"name\":\"Pre-School Program - Young Minds In Motion\",\"isPartOf\":{\"@id\":\"https:\/\/youngmindsinmotion.com\/#website\"},\"datePublished\":\"2016-10-28T18:35:42+00:00\",\"dateModified\":\"2021-02-25T15:34:53+00:00\",\"breadcrumb\":{\"@id\":\"https:\/\/youngmindsinmotion.com\/pre-school-program\/#breadcrumb\"},\"inLanguage\":\"es\",\"potentialAction\":[{\"@type\":\"ReadAction\",\"target\":[\"https:\/\/youngmindsinmotion.com\/pre-school-program\/\"]}]},{\"@type\":\"BreadcrumbList\",\"@id\":\"https:\/\/youngmindsinmotion.com\/pre-school-program\/#breadcrumb\",\"itemListElement\":[{\"@type\":\"ListItem\",\"position\":1,\"name\":\"Home\",\"item\":\"https:\/\/youngmindsinmotion.com\/\"},{\"@type\":\"ListItem\",\"position\":2,\"name\":\"Pre-School Program\"}]},{\"@type\":\"WebSite\",\"@id\":\"https:\/\/youngmindsinmotion.com\/#website\",\"url\":\"https:\/\/youngmindsinmotion.com\/\",\"name\":\"Young Minds In Motion\",\"description\":\"Early Childhood Education Center\",\"potentialAction\":[{\"@type\":\"SearchAction\",\"target\":{\"@type\":\"EntryPoint\",\"urlTemplate\":\"https:\/\/youngmindsinmotion.com\/?s={search_term_string}\"},\"query-input\":{\"@type\":\"PropertyValueSpecification\",\"valueRequired\":true,\"valueName\":\"search_term_string\"}}],\"inLanguage\":\"es\"}]}<\/script>\n<!-- \/ Yoast SEO plugin. -->","yoast_head_json":{"title":"Pre-School Program - Young Minds In Motion","robots":{"index":"index","follow":"follow","max-snippet":"max-snippet:-1","max-image-preview":"max-image-preview:large","max-video-preview":"max-video-preview:-1"},"canonical":"https:\/\/youngmindsinmotion.com\/es\/pre-school-program\/","og_locale":"es_ES","og_type":"article","og_title":"Pre-School Program - Young Minds In Motion","og_description":"&nbsp;","og_url":"https:\/\/youngmindsinmotion.com\/es\/pre-school-program\/","og_site_name":"Young Minds In Motion","article_publisher":"https:\/\/www.facebook.com\/YoungMindsInMotionYMIM\/","article_modified_time":"2021-02-25T15:34:53+00:00","twitter_card":"summary_large_image","twitter_misc":{"Tiempo de lectura":"4 minutos"},"schema":{"@context":"https:\/\/schema.org","@graph":[{"@type":"WebPage","@id":"https:\/\/youngmindsinmotion.com\/pre-school-program\/","url":"https:\/\/youngmindsinmotion.com\/pre-school-program\/","name":"Pre-School Program - Young Minds In Motion","isPartOf":{"@id":"https:\/\/youngmindsinmotion.com\/#website"},"datePublished":"2016-10-28T18:35:42+00:00","dateModified":"2021-02-25T15:34:53+00:00","breadcrumb":{"@id":"https:\/\/youngmindsinmotion.com\/pre-school-program\/#breadcrumb"},"inLanguage":"es","potentialAction":[{"@type":"ReadAction","target":["https:\/\/youngmindsinmotion.com\/pre-school-program\/"]}]},{"@type":"BreadcrumbList","@id":"https:\/\/youngmindsinmotion.com\/pre-school-program\/#breadcrumb","itemListElement":[{"@type":"ListItem","position":1,"name":"Home","item":"https:\/\/youngmindsinmotion.com\/"},{"@type":"ListItem","position":2,"name":"Pre-School Program"}]},{"@type":"WebSite","@id":"https:\/\/youngmindsinmotion.com\/#website","url":"https:\/\/youngmindsinmotion.com\/","name":"Mentes j\u00f3venes en movimiento","description":"Early Childhood Education Center","potentialAction":[{"@type":"SearchAction","target":{"@type":"EntryPoint","urlTemplate":"https:\/\/youngmindsinmotion.com\/?s={search_term_string}"},"query-input":{"@type":"PropertyValueSpecification","valueRequired":true,"valueName":"search_term_string"}}],"inLanguage":"es"}]}},"_links":{"self":[{"href":"https:\/\/youngmindsinmotion.com\/es\/wp-json\/wp\/v2\/pages\/2810","targetHints":{"allow":["GET"]}}],"collection":[{"href":"https:\/\/youngmindsinmotion.com\/es\/wp-json\/wp\/v2\/pages"}],"about":[{"href":"https:\/\/youngmindsinmotion.com\/es\/wp-json\/wp\/v2\/types\/page"}],"author":[{"embeddable":true,"href":"https:\/\/youngmindsinmotion.com\/es\/wp-json\/wp\/v2\/users\/54"}],"replies":[{"embeddable":true,"href":"https:\/\/youngmindsinmotion.com\/es\/wp-json\/wp\/v2\/comments?post=2810"}],"version-history":[{"count":0,"href":"https:\/\/youngmindsinmotion.com\/es\/wp-json\/wp\/v2\/pages\/2810\/revisions"}],"wp:attachment":[{"href":"https:\/\/youngmindsinmotion.com\/es\/wp-json\/wp\/v2\/media?parent=2810"}],"curies":[{"name":"wp","href":"https:\/\/api.w.org\/{rel}","templated":true}]}}