{"id":2830,"date":"2016-11-09T17:29:03","date_gmt":"2016-11-09T22:29:03","guid":{"rendered":"https:\/\/youngmindsinmotion.com\/?page_id=2830"},"modified":"2018-09-12T12:28:54","modified_gmt":"2018-09-12T16:28:54","slug":"gifted-talented","status":"publish","type":"page","link":"https:\/\/youngmindsinmotion.com\/es\/gifted-talented\/","title":{"rendered":"Dotados y talentosos"},"content":{"rendered":"<div class=\"wpb-content-wrapper\"><div  class=\"wpb_row cshero_69d94737e1217   background-image-fixed    vc_row-fluid vc_custom_1477680169401\" style =\"background-attachment:fixed;background-repeat: no-repeat;\">\r\n                        <div class=\"container\"><div class=\"row\">        \n\t<div class=\"vc_col-sm-12  wpb_column vc_column_container\">\n\t\t<div class=\"wpb_wrapper\" style=\"font-size:;font-weight:;line-height:;\">\n\t\t\t\n\t\t<\/div> \n\t<\/div> \n    <\/div><\/div>    <\/div>\r\n<div  class=\"wpb_row cshero_69d94737e16de  bg-effect-lg     vc_row-fluid vc_custom_1477686696368\" style =\"color:#ffffff;\">\r\n                        <div class=\"container\"><div class=\"row\">        \n\t<div class=\"vc_col-sm-12  wpb_column vc_column_container\">\n\t\t<div class=\"wpb_wrapper\" style=\"font-size:;font-weight:;line-height:;\">\n\t\t\t\n\t<div class=\"wpb_text_column wpb_content_element\" >\n\t\t<div class=\"wpb_wrapper\">\n\t\t\t<h1 style=\"text-align: center; font-size: 38px; line-height: 48px; font-weight: bold; font-family: Dosis; color: white;\">Dotados y talentosos<\/h1>\n\n\t\t<\/div>\n\t<\/div>\n\n\t\t<\/div> \n\t<\/div> \n    <\/div><\/div>    <\/div>\r\n<div  class=\"wpb_row cshero_69d94737e1b05       vc_row-fluid\" style =\"\">\r\n                        <div class=\"container\"><div class=\"row\">        \n\t<div class=\"vc_col-sm-12  wpb_column vc_column_container\">\n\t\t<div class=\"wpb_wrapper\" style=\"font-size:;font-weight:;line-height:;\">\n\t\t\t<div class=\"vc_empty_space\"   style=\"height: 32px\"><span class=\"vc_empty_space_inner\"><\/span><\/div>\n\t<div class=\"wpb_text_column wpb_content_element\" >\n\t\t<div class=\"wpb_wrapper\">\n\t\t\t<h2>Que y por que es importante<\/h2>\n<p><span style=\"font-weight: 400;\">Nuestros ni\u00f1os son enviados a la escuela para aprender. Para aprender, el material debe ser nuevo. La mayor\u00eda de las personas solo aprenden a nadar una vez. No pondr\u00edas a alguien que sabe nadar en una clase para principiantes sin importar su edad. Una vez que hayas aprendido el crol, querr\u00e1s pasar a otros estilos, como el de la mariposa. Pasar tiempo nadando mientras tus compa\u00f1eros de clase todav\u00eda est\u00e1n averiguando la respiraci\u00f3n lateral es tiempo que no se aprende. El aula no es diferente. Algunos ni\u00f1os est\u00e1n por delante de sus compa\u00f1eros en lo acad\u00e9mico. Reaprender el material no tiene sentido para ellos. Algunos ni\u00f1os aprenden mucho m\u00e1s r\u00e1pido que otros. Darles hojas de trabajo adicionales (&quot;vueltas de nataci\u00f3n&quot;) no les ense\u00f1ar\u00e1 m\u00e1s. En Young Minds In Motion nos enfocamos en qu\u00e9 material est\u00e1 alineado acad\u00e9micamente, no alineado con la edad.<\/span><\/p>\n<h2>\u00bfC\u00f3mo continuaremos con esto una vez que dejen Young Minds in Motion?<\/h2>\n<p>NYC ya tiene un programa para estos estudiantes; tienen que calificar aprobando un examen. Aqu\u00ed est\u00e1n los detalles. El Examen de Estudiantes Dotados y Talentosos de la Ciudad de Nueva York es una evaluaci\u00f3n administrada por el Departamento de Educaci\u00f3n de la ciudad (DOE) para identificar a los ni\u00f1os dotados de 4 a 7 a\u00f1os (estudiantes que ingresan al jard\u00edn de infantes hasta el tercer grado) y determinar su elegibilidad para ser admitidos en las escuelas G&amp;T de la ciudad de Nueva York y programas. La prueba G&amp;T de NYC incluye dos porciones iguales derivadas de dos evaluaciones para superdotados com\u00fanmente administradas:<\/p>\n<ul>\n<li>Secci\u00f3n verbal del OLSAT\u00ae (Otis-Lennon School Abilities Test\u00ae, octava edici\u00f3n): comprende 50% de la puntuaci\u00f3n compuesta<\/li>\n<li>Secci\u00f3n no verbal del NNAT\u00ae-2 (Prueba de habilidades no verbales de Naglieri, segunda edici\u00f3n): comprende 50% de la puntuaci\u00f3n compuesta<\/li>\n<\/ul>\n<p>Hay dos tipos de programas para dotados y talentosos. La admisi\u00f3n a estos programas se basa en el puntaje de la prueba de su hijo:<\/p>\n<ul>\n<li><strong>Programas distritales de G&amp;T\u00a0<\/strong>se ofrecen en las escuelas primarias del distrito. Priorizan la admisi\u00f3n de estudiantes que viven en las comunidades locales atendidas por la escuela. Solo es elegible para postularse a estos programas si obtiene un puntaje de 90 o m\u00e1s.<\/li>\n<li><strong>Escuelas G&amp;T de la ciudad\u00a0<\/strong>aceptar estudiantes de todos los condados. No se da prioridad de admisi\u00f3n seg\u00fan el lugar donde viva. Solo es elegible para postularse a estos programas si obtiene una puntuaci\u00f3n de 97 o superior.<\/li>\n<\/ul>\n<h2>Ejemplos de preguntas para estudiantes dotados y talentosos de NYC<\/h2>\n<p>\u00bfSe pregunta qu\u00e9 tipo de preguntas se le har\u00e1n a su hijo en el examen NYC para estudiantes dotados y talentosos? A continuaci\u00f3n se muestran cinco ejemplos.<\/p>\n<p><strong>IMPORTANTE: <\/strong>Si bien las preguntas de muestra del examen NYC para estudiantes dotados y talentosos que se muestran en esta p\u00e1gina son representativas de lo que ver\u00e1 su hijo, no se toman directamente del examen real que se administra este a\u00f1o.<\/p>\n<p>&nbsp;<\/p>\n<p><strong>Pregunta de muestra 1 del examen NYC Gifted Test TP3T1 - OLSAT\u00ae (Otis-Lennon School Abilities Test\u00ae, octava edici\u00f3n), siguiendo las instrucciones<\/strong><\/p>\n<p>Padre, d\u00edgale a su hijo: &quot;Se\u00f1ale la imagen que muestra un p\u00e1jaro volando&quot;.\u00a0<img fetchpriority=\"high\" decoding=\"async\" class=\"aligncenter size-full wp-image-2831\" src=\"https:\/\/youngmindsinmotion.com\/wp-content\/uploads\/2016\/11\/gt-img1.png\" alt=\"gt-img1\" width=\"1088\" height=\"383\" srcset=\"https:\/\/youngmindsinmotion.com\/wp-content\/uploads\/2016\/11\/gt-img1.png 1088w, https:\/\/youngmindsinmotion.com\/wp-content\/uploads\/2016\/11\/gt-img1-300x106.png 300w, https:\/\/youngmindsinmotion.com\/wp-content\/uploads\/2016\/11\/gt-img1-768x270.png 768w, https:\/\/youngmindsinmotion.com\/wp-content\/uploads\/2016\/11\/gt-img1-1024x360.png 1024w, https:\/\/youngmindsinmotion.com\/wp-content\/uploads\/2016\/11\/gt-img1-624x220.png 624w\" sizes=\"(max-width: 1088px) 100vw, 1088px\" \/><\/p>\n<p><strong>Pregunta de muestra 1 del examen NYC Gifted Test TP3T2 - OLSAT\u00ae, razonamiento auditivo<\/strong><\/p>\n<p>Padre, d\u00edgale a su hijo: &quot;Se\u00f1ale la imagen que muestra dos animales que los ni\u00f1os suelen tener como mascotas&quot;.<\/p>\n<p><img decoding=\"async\" class=\"aligncenter size-full wp-image-2832\" src=\"https:\/\/youngmindsinmotion.com\/wp-content\/uploads\/2016\/11\/gt-img2.png\" alt=\"gt-img2\" width=\"1118\" height=\"749\" srcset=\"https:\/\/youngmindsinmotion.com\/wp-content\/uploads\/2016\/11\/gt-img2.png 1118w, https:\/\/youngmindsinmotion.com\/wp-content\/uploads\/2016\/11\/gt-img2-300x201.png 300w, https:\/\/youngmindsinmotion.com\/wp-content\/uploads\/2016\/11\/gt-img2-768x515.png 768w, https:\/\/youngmindsinmotion.com\/wp-content\/uploads\/2016\/11\/gt-img2-1024x686.png 1024w, https:\/\/youngmindsinmotion.com\/wp-content\/uploads\/2016\/11\/gt-img2-624x418.png 624w\" sizes=\"(max-width: 1118px) 100vw, 1118px\" \/><\/p>\n<p><strong>NYC Gifted Test Sample Question #3 - NNAT\u00ae-2 (Prueba de habilidad no verbal de Naglieri, segunda edici\u00f3n), Razonamiento por analog\u00eda<\/strong><\/p>\n<p>Padre, d\u00edgale a su hijo: &quot;Mira este rompecabezas&quot;. Se\u00f1ale el cuadro vac\u00edo y diga &quot;Falta algo&quot;. Luego, se\u00f1ale las opciones de respuesta y diga: &quot;\u00bfCu\u00e1l de estas opciones de respuesta va aqu\u00ed?&quot; (Aseg\u00farese de se\u00f1alar el cuadro vac\u00edo cuando diga &quot;aqu\u00ed&quot;).<\/p>\n<p><strong><img decoding=\"async\" class=\"aligncenter size-full wp-image-2833\" src=\"https:\/\/youngmindsinmotion.com\/wp-content\/uploads\/2016\/11\/gt-img3.png\" alt=\"gt-img3\" width=\"680\" height=\"243\" srcset=\"https:\/\/youngmindsinmotion.com\/wp-content\/uploads\/2016\/11\/gt-img3.png 680w, https:\/\/youngmindsinmotion.com\/wp-content\/uploads\/2016\/11\/gt-img3-300x107.png 300w, https:\/\/youngmindsinmotion.com\/wp-content\/uploads\/2016\/11\/gt-img3-624x223.png 624w\" sizes=\"(max-width: 680px) 100vw, 680px\" \/><\/strong><\/p>\n<p><strong>Pregunta de muestra 1 del examen NYC Gifted Test TP3T4 - NNAT\u00ae-2, Visualizaci\u00f3n espacial:<\/strong><\/p>\n<p>Padre, d\u00edgale a su hijo: &quot;Mira este rompecabezas&quot;. Se\u00f1ale el cuadro vac\u00edo y diga &quot;Falta algo&quot;. Luego, se\u00f1ale las opciones de respuesta y diga: &quot;\u00bfCu\u00e1l de estas opciones de respuesta va aqu\u00ed?&quot; (Aseg\u00farese de se\u00f1alar el cuadro vac\u00edo cuando diga &quot;aqu\u00ed&quot;).<\/p>\n<p><strong><img loading=\"lazy\" decoding=\"async\" class=\"aligncenter size-full wp-image-2834\" src=\"https:\/\/youngmindsinmotion.com\/wp-content\/uploads\/2016\/11\/gt-img4.png\" alt=\"gt-img4\" width=\"732\" height=\"396\" srcset=\"https:\/\/youngmindsinmotion.com\/wp-content\/uploads\/2016\/11\/gt-img4.png 732w, https:\/\/youngmindsinmotion.com\/wp-content\/uploads\/2016\/11\/gt-img4-300x162.png 300w, https:\/\/youngmindsinmotion.com\/wp-content\/uploads\/2016\/11\/gt-img4-624x338.png 624w\" sizes=\"(max-width: 732px) 100vw, 732px\" \/><\/strong><\/p>\n<p><strong>NYC Gifted Test Sample Question #5 - Stanford-Binet\u00ae V (Escalas de inteligencia Stanford-Binet, Quinta edici\u00f3n\u00ae), Matrices<\/strong><\/p>\n<p>Padre, d\u00edgale a su hijo: \u201c\u00bfVes estas cuatro cajas? Las im\u00e1genes de la fila superior van juntas de cierta manera. Ahora, mire la fila inferior. \u00bfVes la caja vac\u00eda? \u00bfCu\u00e1l de las cuatro im\u00e1genes que se muestran en las opciones de respuesta de la derecha va con la imagen del cuadro inferior izquierdo de la misma manera que las dos im\u00e1genes de la fila superior van juntas? &quot;<\/p>\n<p><img loading=\"lazy\" decoding=\"async\" class=\"aligncenter size-full wp-image-2835\" src=\"https:\/\/youngmindsinmotion.com\/wp-content\/uploads\/2016\/11\/gt-img5.png\" alt=\"gt-img5\" width=\"924\" height=\"375\" srcset=\"https:\/\/youngmindsinmotion.com\/wp-content\/uploads\/2016\/11\/gt-img5.png 924w, https:\/\/youngmindsinmotion.com\/wp-content\/uploads\/2016\/11\/gt-img5-300x122.png 300w, https:\/\/youngmindsinmotion.com\/wp-content\/uploads\/2016\/11\/gt-img5-768x312.png 768w, https:\/\/youngmindsinmotion.com\/wp-content\/uploads\/2016\/11\/gt-img5-624x253.png 624w\" sizes=\"(max-width: 924px) 100vw, 924px\" \/><\/p>\n<p>En 2016, el programa NYC Gifted &amp; Talented evalu\u00f3 a 14,513 estudiantes de kindergarten, solo 4,539 fueron elegibles. Solo hubo 2.507 estudiantes a los que se les ofrecieron espacios en toda la ciudad. Staten Island solo tuvo en 2% de esos solicitantes a los que se les ofrecieron espacios. Como puede ver en los n\u00fameros, los programas G&amp;T tienen una gran demanda con un n\u00famero reducido de espacios. Estar preparado para el examen es de suma importancia.<\/p>\n<p>&nbsp;<\/p>\n<p>En Young Minds in Motion brindaremos clases de preparaci\u00f3n para ex\u00e1menes y prepararemos a su hijo para el examen y una mayor comprensi\u00f3n de las interacciones diarias<\/p>\n\n\t\t<\/div>\n\t<\/div>\n<div class=\"vc_empty_space\"   style=\"height: 32px\"><span class=\"vc_empty_space_inner\"><\/span><\/div>\n\t\t<\/div> \n\t<\/div> \n    <\/div><\/div>    <\/div>\n<\/div>","protected":false},"excerpt":{"rendered":"Gifted &amp; Talented What and why is it important Our children are sent to school to learn. To learn, the material must be new. Most people only learn how to swim once. You would not put someone who knows how to swim in a beginner\u2019s class no matter his age. Once you have learned the [...]","protected":false},"author":54,"featured_media":0,"parent":0,"menu_order":0,"comment_status":"closed","ping_status":"closed","template":"","meta":{"footnotes":""},"class_list":["post-2830","page","type-page","status-publish","hentry"],"yoast_head":"<!-- This site is optimized with the Yoast SEO plugin v27.2 - https:\/\/yoast.com\/product\/yoast-seo-wordpress\/ -->\n<title>Gifted &amp; Talented - Young Minds In Motion<\/title>\n<meta name=\"robots\" content=\"index, follow, max-snippet:-1, max-image-preview:large, max-video-preview:-1\" \/>\n<link rel=\"canonical\" href=\"https:\/\/youngmindsinmotion.com\/es\/gifted-talented\/\" \/>\n<meta property=\"og:locale\" content=\"es_ES\" \/>\n<meta property=\"og:type\" content=\"article\" \/>\n<meta property=\"og:title\" content=\"Gifted &amp; Talented - Young Minds In Motion\" \/>\n<meta property=\"og:url\" content=\"https:\/\/youngmindsinmotion.com\/es\/gifted-talented\/\" \/>\n<meta property=\"og:site_name\" content=\"Young Minds In Motion\" \/>\n<meta property=\"article:publisher\" content=\"https:\/\/www.facebook.com\/YoungMindsInMotionYMIM\/\" \/>\n<meta property=\"article:modified_time\" content=\"2018-09-12T16:28:54+00:00\" \/>\n<meta property=\"og:image\" content=\"https:\/\/youngmindsinmotion.com\/wp-content\/uploads\/2016\/11\/gt-img1.png\" \/>\n<meta name=\"twitter:card\" content=\"summary_large_image\" \/>\n<meta name=\"twitter:label1\" content=\"Tiempo de lectura\" \/>\n\t<meta name=\"twitter:data1\" content=\"4 minutos\" \/>\n<script type=\"application\/ld+json\" class=\"yoast-schema-graph\">{\"@context\":\"https:\/\/schema.org\",\"@graph\":[{\"@type\":\"WebPage\",\"@id\":\"https:\/\/youngmindsinmotion.com\/es\/gifted-talented\/\",\"url\":\"https:\/\/youngmindsinmotion.com\/es\/gifted-talented\/\",\"name\":\"Gifted & Talented - Young Minds In Motion\",\"isPartOf\":{\"@id\":\"https:\/\/youngmindsinmotion.com\/#website\"},\"primaryImageOfPage\":{\"@id\":\"https:\/\/youngmindsinmotion.com\/es\/gifted-talented\/#primaryimage\"},\"image\":{\"@id\":\"https:\/\/youngmindsinmotion.com\/es\/gifted-talented\/#primaryimage\"},\"thumbnailUrl\":\"https:\/\/youngmindsinmotion.com\/wp-content\/uploads\/2016\/11\/gt-img1.png\",\"datePublished\":\"2016-11-09T22:29:03+00:00\",\"dateModified\":\"2018-09-12T16:28:54+00:00\",\"breadcrumb\":{\"@id\":\"https:\/\/youngmindsinmotion.com\/es\/gifted-talented\/#breadcrumb\"},\"inLanguage\":\"es\",\"potentialAction\":[{\"@type\":\"ReadAction\",\"target\":[\"https:\/\/youngmindsinmotion.com\/es\/gifted-talented\/\"]}]},{\"@type\":\"ImageObject\",\"inLanguage\":\"es\",\"@id\":\"https:\/\/youngmindsinmotion.com\/es\/gifted-talented\/#primaryimage\",\"url\":\"https:\/\/youngmindsinmotion.com\/wp-content\/uploads\/2016\/11\/gt-img1.png\",\"contentUrl\":\"https:\/\/youngmindsinmotion.com\/wp-content\/uploads\/2016\/11\/gt-img1.png\"},{\"@type\":\"BreadcrumbList\",\"@id\":\"https:\/\/youngmindsinmotion.com\/es\/gifted-talented\/#breadcrumb\",\"itemListElement\":[{\"@type\":\"ListItem\",\"position\":1,\"name\":\"Home\",\"item\":\"https:\/\/youngmindsinmotion.com\/\"},{\"@type\":\"ListItem\",\"position\":2,\"name\":\"Gifted &#038; Talented\"}]},{\"@type\":\"WebSite\",\"@id\":\"https:\/\/youngmindsinmotion.com\/#website\",\"url\":\"https:\/\/youngmindsinmotion.com\/\",\"name\":\"Young Minds In Motion\",\"description\":\"Early Childhood Education Center\",\"potentialAction\":[{\"@type\":\"SearchAction\",\"target\":{\"@type\":\"EntryPoint\",\"urlTemplate\":\"https:\/\/youngmindsinmotion.com\/?s={search_term_string}\"},\"query-input\":{\"@type\":\"PropertyValueSpecification\",\"valueRequired\":true,\"valueName\":\"search_term_string\"}}],\"inLanguage\":\"es\"}]}<\/script>\n<!-- \/ Yoast SEO plugin. -->","yoast_head_json":{"title":"Gifted & Talented - Young Minds In Motion","robots":{"index":"index","follow":"follow","max-snippet":"max-snippet:-1","max-image-preview":"max-image-preview:large","max-video-preview":"max-video-preview:-1"},"canonical":"https:\/\/youngmindsinmotion.com\/es\/gifted-talented\/","og_locale":"es_ES","og_type":"article","og_title":"Gifted & Talented - Young Minds In Motion","og_url":"https:\/\/youngmindsinmotion.com\/es\/gifted-talented\/","og_site_name":"Young Minds In Motion","article_publisher":"https:\/\/www.facebook.com\/YoungMindsInMotionYMIM\/","article_modified_time":"2018-09-12T16:28:54+00:00","og_image":[{"url":"https:\/\/youngmindsinmotion.com\/wp-content\/uploads\/2016\/11\/gt-img1.png","type":"","width":"","height":""}],"twitter_card":"summary_large_image","twitter_misc":{"Tiempo de lectura":"4 minutos"},"schema":{"@context":"https:\/\/schema.org","@graph":[{"@type":"WebPage","@id":"https:\/\/youngmindsinmotion.com\/es\/gifted-talented\/","url":"https:\/\/youngmindsinmotion.com\/es\/gifted-talented\/","name":"Gifted & Talented - Young Minds In Motion","isPartOf":{"@id":"https:\/\/youngmindsinmotion.com\/#website"},"primaryImageOfPage":{"@id":"https:\/\/youngmindsinmotion.com\/es\/gifted-talented\/#primaryimage"},"image":{"@id":"https:\/\/youngmindsinmotion.com\/es\/gifted-talented\/#primaryimage"},"thumbnailUrl":"https:\/\/youngmindsinmotion.com\/wp-content\/uploads\/2016\/11\/gt-img1.png","datePublished":"2016-11-09T22:29:03+00:00","dateModified":"2018-09-12T16:28:54+00:00","breadcrumb":{"@id":"https:\/\/youngmindsinmotion.com\/es\/gifted-talented\/#breadcrumb"},"inLanguage":"es","potentialAction":[{"@type":"ReadAction","target":["https:\/\/youngmindsinmotion.com\/es\/gifted-talented\/"]}]},{"@type":"ImageObject","inLanguage":"es","@id":"https:\/\/youngmindsinmotion.com\/es\/gifted-talented\/#primaryimage","url":"https:\/\/youngmindsinmotion.com\/wp-content\/uploads\/2016\/11\/gt-img1.png","contentUrl":"https:\/\/youngmindsinmotion.com\/wp-content\/uploads\/2016\/11\/gt-img1.png"},{"@type":"BreadcrumbList","@id":"https:\/\/youngmindsinmotion.com\/es\/gifted-talented\/#breadcrumb","itemListElement":[{"@type":"ListItem","position":1,"name":"Home","item":"https:\/\/youngmindsinmotion.com\/"},{"@type":"ListItem","position":2,"name":"Gifted &#038; Talented"}]},{"@type":"WebSite","@id":"https:\/\/youngmindsinmotion.com\/#website","url":"https:\/\/youngmindsinmotion.com\/","name":"Mentes j\u00f3venes en movimiento","description":"Early Childhood Education Center","potentialAction":[{"@type":"SearchAction","target":{"@type":"EntryPoint","urlTemplate":"https:\/\/youngmindsinmotion.com\/?s={search_term_string}"},"query-input":{"@type":"PropertyValueSpecification","valueRequired":true,"valueName":"search_term_string"}}],"inLanguage":"es"}]}},"_links":{"self":[{"href":"https:\/\/youngmindsinmotion.com\/es\/wp-json\/wp\/v2\/pages\/2830","targetHints":{"allow":["GET"]}}],"collection":[{"href":"https:\/\/youngmindsinmotion.com\/es\/wp-json\/wp\/v2\/pages"}],"about":[{"href":"https:\/\/youngmindsinmotion.com\/es\/wp-json\/wp\/v2\/types\/page"}],"author":[{"embeddable":true,"href":"https:\/\/youngmindsinmotion.com\/es\/wp-json\/wp\/v2\/users\/54"}],"replies":[{"embeddable":true,"href":"https:\/\/youngmindsinmotion.com\/es\/wp-json\/wp\/v2\/comments?post=2830"}],"version-history":[{"count":0,"href":"https:\/\/youngmindsinmotion.com\/es\/wp-json\/wp\/v2\/pages\/2830\/revisions"}],"wp:attachment":[{"href":"https:\/\/youngmindsinmotion.com\/es\/wp-json\/wp\/v2\/media?parent=2830"}],"curies":[{"name":"wp","href":"https:\/\/api.w.org\/{rel}","templated":true}]}}