{"id":3272,"date":"2018-09-17T08:22:21","date_gmt":"2018-09-17T12:22:21","guid":{"rendered":"https:\/\/youngmindsinmotion.com\/?page_id=3272"},"modified":"2019-10-17T23:01:53","modified_gmt":"2019-10-18T03:01:53","slug":"food-program","status":"publish","type":"page","link":"https:\/\/youngmindsinmotion.com\/es\/food-program\/","title":{"rendered":"Programa de alimentaci\u00f3n"},"content":{"rendered":"<div class=\"wpb-content-wrapper\"><div  class=\"wpb_row cshero_69d0e866660d6       vc_row-fluid\" style =\"\">\r\n                        <div class=\"container\"><div class=\"row\">        \n\t<div class=\"vc_col-sm-12  wpb_column vc_column_container\">\n\t\t<div class=\"wpb_wrapper\" style=\"font-size:;font-weight:;line-height:;\">\n\t\t\t\n\t<div class=\"wpb_text_column wpb_content_element\" >\n\t\t<div class=\"wpb_wrapper\">\n\t\t\t<h2>Cada comida excede las pautas de nutrici\u00f3n del USDA<\/h2>\n\n\t\t<\/div>\n\t<\/div>\n\n\t<div class=\"wpb_text_column wpb_content_element\" >\n\t\t<div class=\"wpb_wrapper\">\n\t\t\t<p>Nos hemos asociado con <a href=\"http:\/\/reginacaterers.com\/\">Catering Regina<\/a> para proporcionar comidas nutritivas que excedan las pautas de nutrici\u00f3n del USDA.<\/p>\n<p><strong>En Regina Caterers, trabajamos en estrecha colaboraci\u00f3n con los operadores del programa para desarrollar y dise\u00f1ar men\u00fas que satisfagan las necesidades nutricionales y culturales de sus clientes.<\/strong><\/p>\n<p>Nuestro personal trabaja en estrecha colaboraci\u00f3n con los nutricionistas del Programa de alimentos para el cuidado de ni\u00f1os y adultos (CACFP) en Albany, a fin de garantizar que se mantengan al tanto de los \u00faltimos requisitos diet\u00e9ticos y las nuevas regulaciones emitidas por el Departamento de Salud del Estado y el USDA.<\/p>\n<p><strong>Menu de ni\u00f1os<\/strong><\/p>\n<p>Cuando se trata de alimentar a ni\u00f1os y adultos j\u00f3venes, preparamos almuerzos, cenas y refrigerios nutritivos y somos conscientes de c\u00f3mo una buena nutrici\u00f3n puede beneficiar el desempe\u00f1o y el comportamiento de un estudiante en la escuela. Nuestros dietistas participan en cada paso de la planificaci\u00f3n de nuestro men\u00fa y el proceso de selecci\u00f3n de alimentos \/ ingredientes.<\/p>\n<p>Nuestro objetivo al dise\u00f1ar men\u00fas escolares y extracurriculares es encontrar el equilibrio adecuado entre el valor nutricional y la comodidad de los ni\u00f1os.<\/p>\n<p>Todas las ubicaciones de Regina son &#039;Instalaciones sin nueces&#039;<\/p>\n<p>Todas nuestras comidas se pueden suministrar al estilo familiar o empaquetadas individualmente.<\/p>\n\n\t\t<\/div>\n\t<\/div>\n<div class=\"vc_empty_space\"   style=\"height: 32px\"><span class=\"vc_empty_space_inner\"><\/span><\/div>\n\t\t<\/div> \n\t<\/div> \n    <\/div><\/div>    <\/div>\r\n<div  class=\"wpb_row cshero_69d0e86666611       vc_row-fluid\" style =\"\">\r\n                        <div class=\"container\"><div class=\"row\">        \n\t<div class=\"vc_col-sm-12  wpb_column vc_column_container\">\n\t\t<div class=\"wpb_wrapper\" style=\"font-size:;font-weight:;line-height:;\">\n\t\t\t\n\t<div class=\"wpb_text_column wpb_content_element\" >\n\t\t<div class=\"wpb_wrapper\">\n\t\t\t<a href=\"https:\/\/youngmindsinmotion.com\/wp-content\/uploads\/2019\/10\/CACFP-October-Menu.pdf\" class=\"pdfemb-viewer\" style=\"\" data-width=\"max\" data-height=\"max\" data-toolbar=\"bottom\" data-toolbar-fixed=\"off\">Men\u00fa de Octubre del CACFP<\/a>\n\n\t\t<\/div>\n\t<\/div>\n\n\t\t<\/div> \n\t<\/div> \n    <\/div><\/div>    <\/div>\n<\/div>","protected":false},"excerpt":{"rendered":"Each meal\u00a0exceeds USDA nutrition guidelines We have partnered with Regina Caterers to provide nutritious meals that exceed USDA nutrition guidelines. At Regina Caterers, we work closely with program operators to develop and design menus that meet the nutritional and cultural needs of their clients. Our staff work closely with nutritionists at the Child and Adult [...]","protected":false},"author":54,"featured_media":0,"parent":0,"menu_order":0,"comment_status":"closed","ping_status":"closed","template":"","meta":{"footnotes":""},"class_list":["post-3272","page","type-page","status-publish","hentry"],"yoast_head":"<!-- This site is optimized with the Yoast SEO plugin v27.2 - https:\/\/yoast.com\/product\/yoast-seo-wordpress\/ -->\n<title>Food Program - Young Minds In Motion<\/title>\n<meta name=\"robots\" content=\"index, follow, max-snippet:-1, max-image-preview:large, max-video-preview:-1\" \/>\n<link rel=\"canonical\" href=\"https:\/\/youngmindsinmotion.com\/es\/food-program\/\" \/>\n<meta property=\"og:locale\" content=\"es_ES\" \/>\n<meta property=\"og:type\" content=\"article\" \/>\n<meta property=\"og:title\" content=\"Food Program - Young Minds In Motion\" \/>\n<meta property=\"og:url\" content=\"https:\/\/youngmindsinmotion.com\/es\/food-program\/\" \/>\n<meta property=\"og:site_name\" content=\"Young Minds In Motion\" \/>\n<meta property=\"article:publisher\" content=\"https:\/\/www.facebook.com\/YoungMindsInMotionYMIM\/\" \/>\n<meta property=\"article:modified_time\" content=\"2019-10-18T03:01:53+00:00\" \/>\n<meta name=\"twitter:card\" content=\"summary_large_image\" \/>\n<meta name=\"twitter:label1\" content=\"Tiempo de lectura\" \/>\n\t<meta name=\"twitter:data1\" content=\"1 minuto\" \/>\n<script type=\"application\/ld+json\" class=\"yoast-schema-graph\">{\"@context\":\"https:\/\/schema.org\",\"@graph\":[{\"@type\":\"WebPage\",\"@id\":\"https:\/\/youngmindsinmotion.com\/food-program\/\",\"url\":\"https:\/\/youngmindsinmotion.com\/food-program\/\",\"name\":\"Food Program - Young Minds In Motion\",\"isPartOf\":{\"@id\":\"https:\/\/youngmindsinmotion.com\/#website\"},\"datePublished\":\"2018-09-17T12:22:21+00:00\",\"dateModified\":\"2019-10-18T03:01:53+00:00\",\"breadcrumb\":{\"@id\":\"https:\/\/youngmindsinmotion.com\/food-program\/#breadcrumb\"},\"inLanguage\":\"es\",\"potentialAction\":[{\"@type\":\"ReadAction\",\"target\":[\"https:\/\/youngmindsinmotion.com\/food-program\/\"]}]},{\"@type\":\"BreadcrumbList\",\"@id\":\"https:\/\/youngmindsinmotion.com\/food-program\/#breadcrumb\",\"itemListElement\":[{\"@type\":\"ListItem\",\"position\":1,\"name\":\"Home\",\"item\":\"https:\/\/youngmindsinmotion.com\/\"},{\"@type\":\"ListItem\",\"position\":2,\"name\":\"Food Program\"}]},{\"@type\":\"WebSite\",\"@id\":\"https:\/\/youngmindsinmotion.com\/#website\",\"url\":\"https:\/\/youngmindsinmotion.com\/\",\"name\":\"Young Minds In Motion\",\"description\":\"Early Childhood Education Center\",\"potentialAction\":[{\"@type\":\"SearchAction\",\"target\":{\"@type\":\"EntryPoint\",\"urlTemplate\":\"https:\/\/youngmindsinmotion.com\/?s={search_term_string}\"},\"query-input\":{\"@type\":\"PropertyValueSpecification\",\"valueRequired\":true,\"valueName\":\"search_term_string\"}}],\"inLanguage\":\"es\"}]}<\/script>\n<!-- \/ Yoast SEO plugin. -->","yoast_head_json":{"title":"Food Program - Young Minds In Motion","robots":{"index":"index","follow":"follow","max-snippet":"max-snippet:-1","max-image-preview":"max-image-preview:large","max-video-preview":"max-video-preview:-1"},"canonical":"https:\/\/youngmindsinmotion.com\/es\/food-program\/","og_locale":"es_ES","og_type":"article","og_title":"Food Program - Young Minds In Motion","og_url":"https:\/\/youngmindsinmotion.com\/es\/food-program\/","og_site_name":"Young Minds In Motion","article_publisher":"https:\/\/www.facebook.com\/YoungMindsInMotionYMIM\/","article_modified_time":"2019-10-18T03:01:53+00:00","twitter_card":"summary_large_image","twitter_misc":{"Tiempo de lectura":"1 minuto"},"schema":{"@context":"https:\/\/schema.org","@graph":[{"@type":"WebPage","@id":"https:\/\/youngmindsinmotion.com\/food-program\/","url":"https:\/\/youngmindsinmotion.com\/food-program\/","name":"Food Program - Young Minds In Motion","isPartOf":{"@id":"https:\/\/youngmindsinmotion.com\/#website"},"datePublished":"2018-09-17T12:22:21+00:00","dateModified":"2019-10-18T03:01:53+00:00","breadcrumb":{"@id":"https:\/\/youngmindsinmotion.com\/food-program\/#breadcrumb"},"inLanguage":"es","potentialAction":[{"@type":"ReadAction","target":["https:\/\/youngmindsinmotion.com\/food-program\/"]}]},{"@type":"BreadcrumbList","@id":"https:\/\/youngmindsinmotion.com\/food-program\/#breadcrumb","itemListElement":[{"@type":"ListItem","position":1,"name":"Home","item":"https:\/\/youngmindsinmotion.com\/"},{"@type":"ListItem","position":2,"name":"Food Program"}]},{"@type":"WebSite","@id":"https:\/\/youngmindsinmotion.com\/#website","url":"https:\/\/youngmindsinmotion.com\/","name":"Mentes j\u00f3venes en movimiento","description":"Early Childhood Education Center","potentialAction":[{"@type":"SearchAction","target":{"@type":"EntryPoint","urlTemplate":"https:\/\/youngmindsinmotion.com\/?s={search_term_string}"},"query-input":{"@type":"PropertyValueSpecification","valueRequired":true,"valueName":"search_term_string"}}],"inLanguage":"es"}]}},"_links":{"self":[{"href":"https:\/\/youngmindsinmotion.com\/es\/wp-json\/wp\/v2\/pages\/3272","targetHints":{"allow":["GET"]}}],"collection":[{"href":"https:\/\/youngmindsinmotion.com\/es\/wp-json\/wp\/v2\/pages"}],"about":[{"href":"https:\/\/youngmindsinmotion.com\/es\/wp-json\/wp\/v2\/types\/page"}],"author":[{"embeddable":true,"href":"https:\/\/youngmindsinmotion.com\/es\/wp-json\/wp\/v2\/users\/54"}],"replies":[{"embeddable":true,"href":"https:\/\/youngmindsinmotion.com\/es\/wp-json\/wp\/v2\/comments?post=3272"}],"version-history":[{"count":0,"href":"https:\/\/youngmindsinmotion.com\/es\/wp-json\/wp\/v2\/pages\/3272\/revisions"}],"wp:attachment":[{"href":"https:\/\/youngmindsinmotion.com\/es\/wp-json\/wp\/v2\/media?parent=3272"}],"curies":[{"name":"wp","href":"https:\/\/api.w.org\/{rel}","templated":true}]}}