{"id":3409,"date":"2019-10-15T12:16:04","date_gmt":"2019-10-15T16:16:04","guid":{"rendered":"https:\/\/youngmindsinmotion.com\/?page_id=3409"},"modified":"2019-10-15T12:16:10","modified_gmt":"2019-10-15T16:16:10","slug":"partners-2","status":"publish","type":"page","link":"https:\/\/youngmindsinmotion.com\/es\/partners-2\/","title":{"rendered":"Programa de regreso al trabajo de la HRA"},"content":{"rendered":"<div class=\"wp-block-image\"><figure class=\"aligncenter\"><img fetchpriority=\"high\" decoding=\"async\" width=\"477\" height=\"162\" src=\"https:\/\/youngmindsinmotion.com\/wp-content\/uploads\/2019\/10\/nyc.png\" alt=\"\" class=\"wp-image-3389\" srcset=\"https:\/\/youngmindsinmotion.com\/wp-content\/uploads\/2019\/10\/nyc.png 477w, https:\/\/youngmindsinmotion.com\/wp-content\/uploads\/2019\/10\/nyc-300x102.png 300w\" sizes=\"(max-width: 477px) 100vw, 477px\" \/><\/figure><\/div>\n\n\n\n<p><strong>Programa de regreso al trabajo de la HRA<\/strong><\/p>\n\n\n\n<p>Empleamos a la comunidad a la que servimos. Si actualmente recibe asistencia p\u00fablica, tiene inter\u00e9s en el cuidado de ni\u00f1os y su hijo asiste a nuestra escuela, somos una instalaci\u00f3n de regreso al trabajo. Le ayudaremos a capacitarlo para una carrera en el cuidado de ni\u00f1os.&nbsp;<\/p>\n\n\n\n<p><a href=\"https:\/\/www1.nyc.gov\/site\/hra\/help\/employment-services.page\">https:\/\/www1.nyc.gov\/site\/hra\/help\/employment-services.page<\/a><\/p>","protected":false},"excerpt":{"rendered":"<p>HRA Back to Work Program We employ the community we serve. If you are currently on public assistance, have an interest in childcare, and your child attends our school, we are a back to work facility. We will help train you for a career in childcare.&nbsp; https:\/\/www1.nyc.gov\/site\/hra\/help\/employment-services.page<\/p>","protected":false},"author":54,"featured_media":0,"parent":0,"menu_order":0,"comment_status":"closed","ping_status":"closed","template":"","meta":{"footnotes":""},"class_list":["post-3409","page","type-page","status-publish","hentry"],"yoast_head":"<!-- This site is optimized with the Yoast SEO plugin v27.2 - https:\/\/yoast.com\/product\/yoast-seo-wordpress\/ -->\n<title>HRA Back to Work Program - Young Minds In Motion<\/title>\n<meta name=\"robots\" content=\"index, follow, max-snippet:-1, max-image-preview:large, max-video-preview:-1\" \/>\n<link rel=\"canonical\" href=\"https:\/\/youngmindsinmotion.com\/es\/partners-2\/\" \/>\n<meta property=\"og:locale\" content=\"es_ES\" \/>\n<meta property=\"og:type\" content=\"article\" \/>\n<meta property=\"og:title\" content=\"HRA Back to Work Program - Young Minds In Motion\" \/>\n<meta property=\"og:description\" content=\"HRA Back to Work Program We employ the community we serve. If you are currently on public assistance, have an interest in childcare, and your child attends our school, we are a back to work facility. We will help train you for a career in childcare.&nbsp; https:\/\/www1.nyc.gov\/site\/hra\/help\/employment-services.page\" \/>\n<meta property=\"og:url\" content=\"https:\/\/youngmindsinmotion.com\/es\/partners-2\/\" \/>\n<meta property=\"og:site_name\" content=\"Young Minds In Motion\" \/>\n<meta property=\"article:publisher\" content=\"https:\/\/www.facebook.com\/YoungMindsInMotionYMIM\/\" \/>\n<meta property=\"article:modified_time\" content=\"2019-10-15T16:16:10+00:00\" \/>\n<meta property=\"og:image\" content=\"https:\/\/youngmindsinmotion.com\/wp-content\/uploads\/2019\/10\/nyc.png\" \/>\n<meta name=\"twitter:card\" content=\"summary_large_image\" \/>\n<script type=\"application\/ld+json\" class=\"yoast-schema-graph\">{\"@context\":\"https:\/\/schema.org\",\"@graph\":[{\"@type\":\"WebPage\",\"@id\":\"https:\/\/youngmindsinmotion.com\/es\/partners-2\/\",\"url\":\"https:\/\/youngmindsinmotion.com\/es\/partners-2\/\",\"name\":\"HRA Back to Work Program - Young Minds In Motion\",\"isPartOf\":{\"@id\":\"https:\/\/youngmindsinmotion.com\/#website\"},\"primaryImageOfPage\":{\"@id\":\"https:\/\/youngmindsinmotion.com\/es\/partners-2\/#primaryimage\"},\"image\":{\"@id\":\"https:\/\/youngmindsinmotion.com\/es\/partners-2\/#primaryimage\"},\"thumbnailUrl\":\"https:\/\/youngmindsinmotion.com\/wp-content\/uploads\/2019\/10\/nyc.png\",\"datePublished\":\"2019-10-15T16:16:04+00:00\",\"dateModified\":\"2019-10-15T16:16:10+00:00\",\"breadcrumb\":{\"@id\":\"https:\/\/youngmindsinmotion.com\/es\/partners-2\/#breadcrumb\"},\"inLanguage\":\"es\",\"potentialAction\":[{\"@type\":\"ReadAction\",\"target\":[\"https:\/\/youngmindsinmotion.com\/es\/partners-2\/\"]}]},{\"@type\":\"ImageObject\",\"inLanguage\":\"es\",\"@id\":\"https:\/\/youngmindsinmotion.com\/es\/partners-2\/#primaryimage\",\"url\":\"https:\/\/youngmindsinmotion.com\/wp-content\/uploads\/2019\/10\/nyc.png\",\"contentUrl\":\"https:\/\/youngmindsinmotion.com\/wp-content\/uploads\/2019\/10\/nyc.png\"},{\"@type\":\"BreadcrumbList\",\"@id\":\"https:\/\/youngmindsinmotion.com\/es\/partners-2\/#breadcrumb\",\"itemListElement\":[{\"@type\":\"ListItem\",\"position\":1,\"name\":\"Home\",\"item\":\"https:\/\/youngmindsinmotion.com\/\"},{\"@type\":\"ListItem\",\"position\":2,\"name\":\"HRA Back to Work Program\"}]},{\"@type\":\"WebSite\",\"@id\":\"https:\/\/youngmindsinmotion.com\/#website\",\"url\":\"https:\/\/youngmindsinmotion.com\/\",\"name\":\"Young Minds In Motion\",\"description\":\"Early Childhood Education Center\",\"potentialAction\":[{\"@type\":\"SearchAction\",\"target\":{\"@type\":\"EntryPoint\",\"urlTemplate\":\"https:\/\/youngmindsinmotion.com\/?s={search_term_string}\"},\"query-input\":{\"@type\":\"PropertyValueSpecification\",\"valueRequired\":true,\"valueName\":\"search_term_string\"}}],\"inLanguage\":\"es\"}]}<\/script>\n<!-- \/ Yoast SEO plugin. -->","yoast_head_json":{"title":"HRA Back to Work Program - Young Minds In Motion","robots":{"index":"index","follow":"follow","max-snippet":"max-snippet:-1","max-image-preview":"max-image-preview:large","max-video-preview":"max-video-preview:-1"},"canonical":"https:\/\/youngmindsinmotion.com\/es\/partners-2\/","og_locale":"es_ES","og_type":"article","og_title":"HRA Back to Work Program - Young Minds In Motion","og_description":"HRA Back to Work Program We employ the community we serve. If you are currently on public assistance, have an interest in childcare, and your child attends our school, we are a back to work facility. We will help train you for a career in childcare.&nbsp; https:\/\/www1.nyc.gov\/site\/hra\/help\/employment-services.page","og_url":"https:\/\/youngmindsinmotion.com\/es\/partners-2\/","og_site_name":"Young Minds In Motion","article_publisher":"https:\/\/www.facebook.com\/YoungMindsInMotionYMIM\/","article_modified_time":"2019-10-15T16:16:10+00:00","og_image":[{"url":"https:\/\/youngmindsinmotion.com\/wp-content\/uploads\/2019\/10\/nyc.png","type":"","width":"","height":""}],"twitter_card":"summary_large_image","schema":{"@context":"https:\/\/schema.org","@graph":[{"@type":"WebPage","@id":"https:\/\/youngmindsinmotion.com\/es\/partners-2\/","url":"https:\/\/youngmindsinmotion.com\/es\/partners-2\/","name":"HRA Back to Work Program - Young Minds In Motion","isPartOf":{"@id":"https:\/\/youngmindsinmotion.com\/#website"},"primaryImageOfPage":{"@id":"https:\/\/youngmindsinmotion.com\/es\/partners-2\/#primaryimage"},"image":{"@id":"https:\/\/youngmindsinmotion.com\/es\/partners-2\/#primaryimage"},"thumbnailUrl":"https:\/\/youngmindsinmotion.com\/wp-content\/uploads\/2019\/10\/nyc.png","datePublished":"2019-10-15T16:16:04+00:00","dateModified":"2019-10-15T16:16:10+00:00","breadcrumb":{"@id":"https:\/\/youngmindsinmotion.com\/es\/partners-2\/#breadcrumb"},"inLanguage":"es","potentialAction":[{"@type":"ReadAction","target":["https:\/\/youngmindsinmotion.com\/es\/partners-2\/"]}]},{"@type":"ImageObject","inLanguage":"es","@id":"https:\/\/youngmindsinmotion.com\/es\/partners-2\/#primaryimage","url":"https:\/\/youngmindsinmotion.com\/wp-content\/uploads\/2019\/10\/nyc.png","contentUrl":"https:\/\/youngmindsinmotion.com\/wp-content\/uploads\/2019\/10\/nyc.png"},{"@type":"BreadcrumbList","@id":"https:\/\/youngmindsinmotion.com\/es\/partners-2\/#breadcrumb","itemListElement":[{"@type":"ListItem","position":1,"name":"Home","item":"https:\/\/youngmindsinmotion.com\/"},{"@type":"ListItem","position":2,"name":"HRA Back to Work Program"}]},{"@type":"WebSite","@id":"https:\/\/youngmindsinmotion.com\/#website","url":"https:\/\/youngmindsinmotion.com\/","name":"Mentes j\u00f3venes en movimiento","description":"Early Childhood Education Center","potentialAction":[{"@type":"SearchAction","target":{"@type":"EntryPoint","urlTemplate":"https:\/\/youngmindsinmotion.com\/?s={search_term_string}"},"query-input":{"@type":"PropertyValueSpecification","valueRequired":true,"valueName":"search_term_string"}}],"inLanguage":"es"}]}},"_links":{"self":[{"href":"https:\/\/youngmindsinmotion.com\/es\/wp-json\/wp\/v2\/pages\/3409","targetHints":{"allow":["GET"]}}],"collection":[{"href":"https:\/\/youngmindsinmotion.com\/es\/wp-json\/wp\/v2\/pages"}],"about":[{"href":"https:\/\/youngmindsinmotion.com\/es\/wp-json\/wp\/v2\/types\/page"}],"author":[{"embeddable":true,"href":"https:\/\/youngmindsinmotion.com\/es\/wp-json\/wp\/v2\/users\/54"}],"replies":[{"embeddable":true,"href":"https:\/\/youngmindsinmotion.com\/es\/wp-json\/wp\/v2\/comments?post=3409"}],"version-history":[{"count":0,"href":"https:\/\/youngmindsinmotion.com\/es\/wp-json\/wp\/v2\/pages\/3409\/revisions"}],"wp:attachment":[{"href":"https:\/\/youngmindsinmotion.com\/es\/wp-json\/wp\/v2\/media?parent=3409"}],"curies":[{"name":"wp","href":"https:\/\/api.w.org\/{rel}","templated":true}]}}