{"id":3412,"date":"2019-10-15T12:51:05","date_gmt":"2019-10-15T16:51:05","guid":{"rendered":"https:\/\/youngmindsinmotion.com\/?page_id=3412"},"modified":"2019-10-15T12:51:11","modified_gmt":"2019-10-15T16:51:11","slug":"partners-4","status":"publish","type":"page","link":"https:\/\/youngmindsinmotion.com\/es\/partners-4\/","title":{"rendered":"Literacy Inc."},"content":{"rendered":"<div class=\"wp-block-image\"><figure class=\"aligncenter\"><img fetchpriority=\"high\" decoding=\"async\" width=\"300\" height=\"181\" src=\"https:\/\/youngmindsinmotion.com\/wp-content\/uploads\/2019\/10\/linc.png\" alt=\"\" class=\"wp-image-3391\"\/><\/figure><\/div>\n\n\n\n<p><strong>Alfabetizaci\u00f3n INC.<\/strong><\/p>\n\n\n\n<p>Literacy INC. Es una organizaci\u00f3n sin fines de lucro que trabaja con escuelas, centros de primera infancia y organizaciones orientadas a la familia para fortalecer los entornos de aprendizaje de la alfabetizaci\u00f3n. Literacy Inc. viene a nuestra escuela semanalmente para leer cuentos a los ni\u00f1os, disfrazarse como personajes tem\u00e1ticos del libro que est\u00e1n leyendo y tambi\u00e9n hacer talleres para los padres para ense\u00f1arles c\u00f3mo leer a sus hijos.<\/p>\n\n\n\n<p><a href=\"http:\/\/www.lincnyc.org\/\">http:\/\/www.lincnyc.org\/<\/a><\/p>","protected":false},"excerpt":{"rendered":"<p>Literacy INC. Literacy INC. is a non-profit organization which works with schools, early childhood centers and family-facing organizations to strengthen literacy learning environments.&nbsp;Literacy Inc. comes into our school weekly to read stories to the children, dress up as themed characters of the book they are reading, and also do workshops for the parents to teach [&hellip;]<\/p>\n","protected":false},"author":54,"featured_media":0,"parent":0,"menu_order":0,"comment_status":"closed","ping_status":"closed","template":"","meta":{"footnotes":""},"class_list":["post-3412","page","type-page","status-publish","hentry"],"yoast_head":"<!-- This site is optimized with the Yoast SEO plugin v27.2 - https:\/\/yoast.com\/product\/yoast-seo-wordpress\/ -->\n<title>Literacy Inc. - Young Minds In Motion<\/title>\n<meta name=\"robots\" content=\"index, follow, max-snippet:-1, max-image-preview:large, max-video-preview:-1\" \/>\n<link rel=\"canonical\" href=\"https:\/\/youngmindsinmotion.com\/es\/partners-4\/\" \/>\n<meta property=\"og:locale\" content=\"es_ES\" \/>\n<meta property=\"og:type\" content=\"article\" \/>\n<meta property=\"og:title\" content=\"Literacy Inc. - Young Minds In Motion\" \/>\n<meta property=\"og:description\" content=\"Literacy INC. Literacy INC. is a non-profit organization which works with schools, early childhood centers and family-facing organizations to strengthen literacy learning environments.&nbsp;Literacy Inc. comes into our school weekly to read stories to the children, dress up as themed characters of the book they are reading, and also do workshops for the parents to teach [&hellip;]\" \/>\n<meta property=\"og:url\" content=\"https:\/\/youngmindsinmotion.com\/es\/partners-4\/\" \/>\n<meta property=\"og:site_name\" content=\"Young Minds In Motion\" \/>\n<meta property=\"article:publisher\" content=\"https:\/\/www.facebook.com\/YoungMindsInMotionYMIM\/\" \/>\n<meta property=\"article:modified_time\" content=\"2019-10-15T16:51:11+00:00\" \/>\n<meta property=\"og:image\" content=\"https:\/\/youngmindsinmotion.com\/wp-content\/uploads\/2019\/10\/linc.png\" \/>\n<meta name=\"twitter:card\" content=\"summary_large_image\" \/>\n<script type=\"application\/ld+json\" class=\"yoast-schema-graph\">{\"@context\":\"https:\/\/schema.org\",\"@graph\":[{\"@type\":\"WebPage\",\"@id\":\"https:\/\/youngmindsinmotion.com\/partners-4\/\",\"url\":\"https:\/\/youngmindsinmotion.com\/partners-4\/\",\"name\":\"Literacy Inc. - Young Minds In Motion\",\"isPartOf\":{\"@id\":\"https:\/\/youngmindsinmotion.com\/#website\"},\"primaryImageOfPage\":{\"@id\":\"https:\/\/youngmindsinmotion.com\/partners-4\/#primaryimage\"},\"image\":{\"@id\":\"https:\/\/youngmindsinmotion.com\/partners-4\/#primaryimage\"},\"thumbnailUrl\":\"https:\/\/youngmindsinmotion.com\/wp-content\/uploads\/2019\/10\/linc.png\",\"datePublished\":\"2019-10-15T16:51:05+00:00\",\"dateModified\":\"2019-10-15T16:51:11+00:00\",\"breadcrumb\":{\"@id\":\"https:\/\/youngmindsinmotion.com\/partners-4\/#breadcrumb\"},\"inLanguage\":\"es\",\"potentialAction\":[{\"@type\":\"ReadAction\",\"target\":[\"https:\/\/youngmindsinmotion.com\/partners-4\/\"]}]},{\"@type\":\"ImageObject\",\"inLanguage\":\"es\",\"@id\":\"https:\/\/youngmindsinmotion.com\/partners-4\/#primaryimage\",\"url\":\"https:\/\/youngmindsinmotion.com\/wp-content\/uploads\/2019\/10\/linc.png\",\"contentUrl\":\"https:\/\/youngmindsinmotion.com\/wp-content\/uploads\/2019\/10\/linc.png\"},{\"@type\":\"BreadcrumbList\",\"@id\":\"https:\/\/youngmindsinmotion.com\/partners-4\/#breadcrumb\",\"itemListElement\":[{\"@type\":\"ListItem\",\"position\":1,\"name\":\"Home\",\"item\":\"https:\/\/youngmindsinmotion.com\/\"},{\"@type\":\"ListItem\",\"position\":2,\"name\":\"Literacy Inc.\"}]},{\"@type\":\"WebSite\",\"@id\":\"https:\/\/youngmindsinmotion.com\/#website\",\"url\":\"https:\/\/youngmindsinmotion.com\/\",\"name\":\"Young Minds In Motion\",\"description\":\"Early Childhood Education Center\",\"potentialAction\":[{\"@type\":\"SearchAction\",\"target\":{\"@type\":\"EntryPoint\",\"urlTemplate\":\"https:\/\/youngmindsinmotion.com\/?s={search_term_string}\"},\"query-input\":{\"@type\":\"PropertyValueSpecification\",\"valueRequired\":true,\"valueName\":\"search_term_string\"}}],\"inLanguage\":\"es\"}]}<\/script>\n<!-- \/ Yoast SEO plugin. -->","yoast_head_json":{"title":"Literacy Inc. - Young Minds In Motion","robots":{"index":"index","follow":"follow","max-snippet":"max-snippet:-1","max-image-preview":"max-image-preview:large","max-video-preview":"max-video-preview:-1"},"canonical":"https:\/\/youngmindsinmotion.com\/es\/partners-4\/","og_locale":"es_ES","og_type":"article","og_title":"Literacy Inc. - Young Minds In Motion","og_description":"Literacy INC. Literacy INC. is a non-profit organization which works with schools, early childhood centers and family-facing organizations to strengthen literacy learning environments.&nbsp;Literacy Inc. comes into our school weekly to read stories to the children, dress up as themed characters of the book they are reading, and also do workshops for the parents to teach [&hellip;]","og_url":"https:\/\/youngmindsinmotion.com\/es\/partners-4\/","og_site_name":"Young Minds In Motion","article_publisher":"https:\/\/www.facebook.com\/YoungMindsInMotionYMIM\/","article_modified_time":"2019-10-15T16:51:11+00:00","og_image":[{"url":"https:\/\/youngmindsinmotion.com\/wp-content\/uploads\/2019\/10\/linc.png","type":"","width":"","height":""}],"twitter_card":"summary_large_image","schema":{"@context":"https:\/\/schema.org","@graph":[{"@type":"WebPage","@id":"https:\/\/youngmindsinmotion.com\/partners-4\/","url":"https:\/\/youngmindsinmotion.com\/partners-4\/","name":"Literacy Inc. - Young Minds In Motion","isPartOf":{"@id":"https:\/\/youngmindsinmotion.com\/#website"},"primaryImageOfPage":{"@id":"https:\/\/youngmindsinmotion.com\/partners-4\/#primaryimage"},"image":{"@id":"https:\/\/youngmindsinmotion.com\/partners-4\/#primaryimage"},"thumbnailUrl":"https:\/\/youngmindsinmotion.com\/wp-content\/uploads\/2019\/10\/linc.png","datePublished":"2019-10-15T16:51:05+00:00","dateModified":"2019-10-15T16:51:11+00:00","breadcrumb":{"@id":"https:\/\/youngmindsinmotion.com\/partners-4\/#breadcrumb"},"inLanguage":"es","potentialAction":[{"@type":"ReadAction","target":["https:\/\/youngmindsinmotion.com\/partners-4\/"]}]},{"@type":"ImageObject","inLanguage":"es","@id":"https:\/\/youngmindsinmotion.com\/partners-4\/#primaryimage","url":"https:\/\/youngmindsinmotion.com\/wp-content\/uploads\/2019\/10\/linc.png","contentUrl":"https:\/\/youngmindsinmotion.com\/wp-content\/uploads\/2019\/10\/linc.png"},{"@type":"BreadcrumbList","@id":"https:\/\/youngmindsinmotion.com\/partners-4\/#breadcrumb","itemListElement":[{"@type":"ListItem","position":1,"name":"Home","item":"https:\/\/youngmindsinmotion.com\/"},{"@type":"ListItem","position":2,"name":"Literacy Inc."}]},{"@type":"WebSite","@id":"https:\/\/youngmindsinmotion.com\/#website","url":"https:\/\/youngmindsinmotion.com\/","name":"Mentes j\u00f3venes en movimiento","description":"Early Childhood Education Center","potentialAction":[{"@type":"SearchAction","target":{"@type":"EntryPoint","urlTemplate":"https:\/\/youngmindsinmotion.com\/?s={search_term_string}"},"query-input":{"@type":"PropertyValueSpecification","valueRequired":true,"valueName":"search_term_string"}}],"inLanguage":"es"}]}},"_links":{"self":[{"href":"https:\/\/youngmindsinmotion.com\/es\/wp-json\/wp\/v2\/pages\/3412","targetHints":{"allow":["GET"]}}],"collection":[{"href":"https:\/\/youngmindsinmotion.com\/es\/wp-json\/wp\/v2\/pages"}],"about":[{"href":"https:\/\/youngmindsinmotion.com\/es\/wp-json\/wp\/v2\/types\/page"}],"author":[{"embeddable":true,"href":"https:\/\/youngmindsinmotion.com\/es\/wp-json\/wp\/v2\/users\/54"}],"replies":[{"embeddable":true,"href":"https:\/\/youngmindsinmotion.com\/es\/wp-json\/wp\/v2\/comments?post=3412"}],"version-history":[{"count":0,"href":"https:\/\/youngmindsinmotion.com\/es\/wp-json\/wp\/v2\/pages\/3412\/revisions"}],"wp:attachment":[{"href":"https:\/\/youngmindsinmotion.com\/es\/wp-json\/wp\/v2\/media?parent=3412"}],"curies":[{"name":"wp","href":"https:\/\/api.w.org\/{rel}","templated":true}]}}