{"id":3417,"date":"2019-10-15T13:10:08","date_gmt":"2019-10-15T17:10:08","guid":{"rendered":"https:\/\/youngmindsinmotion.com\/?page_id=3417"},"modified":"2019-10-15T13:10:14","modified_gmt":"2019-10-15T17:10:14","slug":"partners-9","status":"publish","type":"page","link":"https:\/\/youngmindsinmotion.com\/es\/partners-9\/","title":{"rendered":"Desaf\u00edo"},"content":{"rendered":"<div class=\"wp-block-image\"><figure class=\"aligncenter\"><img decoding=\"async\" width=\"349\" height=\"97\" src=\"https:\/\/youngmindsinmotion.com\/wp-content\/uploads\/2019\/10\/challenge.png\" alt=\"\" class=\"wp-image-3396\" srcset=\"https:\/\/youngmindsinmotion.com\/wp-content\/uploads\/2019\/10\/challenge.png 349w, https:\/\/youngmindsinmotion.com\/wp-content\/uploads\/2019\/10\/challenge-300x83.png 300w\" sizes=\"(max-width: 349px) 100vw, 349px\" \/><\/figure><\/div>\n\n\n\n<p><strong>Desaf\u00edo: Centro de intervenci\u00f3n temprana<\/strong><\/p>\n\n\n\n<p>\u00bfEst\u00e1 mi hijo a la par del desarrollo de otros ni\u00f1os de su edad? \u00bfEst\u00e1 cumpliendo con sus hitos? Estas son preguntas que muchos padres han hecho. Para ayudar con estas inquietudes, nos hemos asociado con Challenge Early Intervention Center, un centro de intervenci\u00f3n temprana de servicio completo.&nbsp;<\/p>\n\n\n\n<p>Servicios ofrecidos en Challenge<\/p>\n\n\n\n<ul class=\"wp-block-list\"><li>Evaluaciones de desarrollo<\/li><li>Servicios de habla \/ lenguaje, alimentaci\u00f3n, audiolog\u00eda y visi\u00f3n<\/li><li>Terapia f\u00edsica y ocupacional<\/li><li>Dispositivos y servicios de tecnolog\u00eda de asistencia<\/li><li>Servicios de psicolog\u00eda y trabajo social<\/li><li>An\u00e1lisis de comportamiento aplicado (ABA)<\/li><li>Educaci\u00f3n especial<\/li><li>Asesoramiento nutricional<\/li><li>Coordinaci\u00f3n de servicios (inicial y continua)<\/li><li>Asesoramiento \/ apoyo familiar<\/li><li>Talleres y grupos de apoyo para padres \/ cuidadores<\/li><\/ul>\n\n\n\n<p>\u00a1El Challenge Early Intervention Center lo har\u00e1 todo! No hay necesidad de estar nervioso. Estaremos contigo en cada paso del camino; todo hasta la evaluaci\u00f3n.&nbsp;<\/p>\n\n\n\n<a href=\"https:\/\/www.challenge-ei.com\">https:\/\/www.challenge-ei.com<\/a>","protected":false},"excerpt":{"rendered":"<p>Challenge: Early Intervention Center Is my child developmentally keeping up with other children their age? Is he\/she meeting their milestones? These are questions that many parents have asked. To help with these concerns, we have partnered with Challenge Early Intervention Center, a full-service early intervention center.&nbsp; Services Offered at Challenge Developmental Evaluations Speech\/Language, Feeding, Audiology [&hellip;]<\/p>\n","protected":false},"author":54,"featured_media":0,"parent":0,"menu_order":0,"comment_status":"closed","ping_status":"closed","template":"","meta":{"footnotes":""},"class_list":["post-3417","page","type-page","status-publish","hentry"],"yoast_head":"<!-- This site is optimized with the Yoast SEO plugin v27.2 - https:\/\/yoast.com\/product\/yoast-seo-wordpress\/ -->\n<title>Challenge - Young Minds In Motion<\/title>\n<meta name=\"robots\" content=\"index, follow, max-snippet:-1, max-image-preview:large, max-video-preview:-1\" \/>\n<link rel=\"canonical\" href=\"https:\/\/youngmindsinmotion.com\/es\/partners-9\/\" \/>\n<meta property=\"og:locale\" content=\"es_ES\" \/>\n<meta property=\"og:type\" content=\"article\" \/>\n<meta property=\"og:title\" content=\"Challenge - Young Minds In Motion\" \/>\n<meta property=\"og:description\" content=\"Challenge: Early Intervention Center Is my child developmentally keeping up with other children their age? Is he\/she meeting their milestones? These are questions that many parents have asked. To help with these concerns, we have partnered with Challenge Early Intervention Center, a full-service early intervention center.&nbsp; Services Offered at Challenge Developmental Evaluations Speech\/Language, Feeding, Audiology [&hellip;]\" \/>\n<meta property=\"og:url\" content=\"https:\/\/youngmindsinmotion.com\/es\/partners-9\/\" \/>\n<meta property=\"og:site_name\" content=\"Young Minds In Motion\" \/>\n<meta property=\"article:publisher\" content=\"https:\/\/www.facebook.com\/YoungMindsInMotionYMIM\/\" \/>\n<meta property=\"article:modified_time\" content=\"2019-10-15T17:10:14+00:00\" \/>\n<meta property=\"og:image\" content=\"https:\/\/youngmindsinmotion.com\/wp-content\/uploads\/2019\/10\/challenge.png\" \/>\n<meta name=\"twitter:card\" content=\"summary_large_image\" \/>\n<meta name=\"twitter:label1\" content=\"Tiempo de lectura\" \/>\n\t<meta name=\"twitter:data1\" content=\"1 minuto\" \/>\n<script type=\"application\/ld+json\" class=\"yoast-schema-graph\">{\"@context\":\"https:\/\/schema.org\",\"@graph\":[{\"@type\":\"WebPage\",\"@id\":\"https:\/\/youngmindsinmotion.com\/partners-9\/\",\"url\":\"https:\/\/youngmindsinmotion.com\/partners-9\/\",\"name\":\"Challenge - Young Minds In Motion\",\"isPartOf\":{\"@id\":\"https:\/\/youngmindsinmotion.com\/#website\"},\"primaryImageOfPage\":{\"@id\":\"https:\/\/youngmindsinmotion.com\/partners-9\/#primaryimage\"},\"image\":{\"@id\":\"https:\/\/youngmindsinmotion.com\/partners-9\/#primaryimage\"},\"thumbnailUrl\":\"https:\/\/youngmindsinmotion.com\/wp-content\/uploads\/2019\/10\/challenge.png\",\"datePublished\":\"2019-10-15T17:10:08+00:00\",\"dateModified\":\"2019-10-15T17:10:14+00:00\",\"breadcrumb\":{\"@id\":\"https:\/\/youngmindsinmotion.com\/partners-9\/#breadcrumb\"},\"inLanguage\":\"es\",\"potentialAction\":[{\"@type\":\"ReadAction\",\"target\":[\"https:\/\/youngmindsinmotion.com\/partners-9\/\"]}]},{\"@type\":\"ImageObject\",\"inLanguage\":\"es\",\"@id\":\"https:\/\/youngmindsinmotion.com\/partners-9\/#primaryimage\",\"url\":\"https:\/\/youngmindsinmotion.com\/wp-content\/uploads\/2019\/10\/challenge.png\",\"contentUrl\":\"https:\/\/youngmindsinmotion.com\/wp-content\/uploads\/2019\/10\/challenge.png\"},{\"@type\":\"BreadcrumbList\",\"@id\":\"https:\/\/youngmindsinmotion.com\/partners-9\/#breadcrumb\",\"itemListElement\":[{\"@type\":\"ListItem\",\"position\":1,\"name\":\"Home\",\"item\":\"https:\/\/youngmindsinmotion.com\/\"},{\"@type\":\"ListItem\",\"position\":2,\"name\":\"Challenge\"}]},{\"@type\":\"WebSite\",\"@id\":\"https:\/\/youngmindsinmotion.com\/#website\",\"url\":\"https:\/\/youngmindsinmotion.com\/\",\"name\":\"Young Minds In Motion\",\"description\":\"Early Childhood Education Center\",\"potentialAction\":[{\"@type\":\"SearchAction\",\"target\":{\"@type\":\"EntryPoint\",\"urlTemplate\":\"https:\/\/youngmindsinmotion.com\/?s={search_term_string}\"},\"query-input\":{\"@type\":\"PropertyValueSpecification\",\"valueRequired\":true,\"valueName\":\"search_term_string\"}}],\"inLanguage\":\"es\"}]}<\/script>\n<!-- \/ Yoast SEO plugin. -->","yoast_head_json":{"title":"Challenge - Young Minds In Motion","robots":{"index":"index","follow":"follow","max-snippet":"max-snippet:-1","max-image-preview":"max-image-preview:large","max-video-preview":"max-video-preview:-1"},"canonical":"https:\/\/youngmindsinmotion.com\/es\/partners-9\/","og_locale":"es_ES","og_type":"article","og_title":"Challenge - Young Minds In Motion","og_description":"Challenge: Early Intervention Center Is my child developmentally keeping up with other children their age? Is he\/she meeting their milestones? These are questions that many parents have asked. To help with these concerns, we have partnered with Challenge Early Intervention Center, a full-service early intervention center.&nbsp; Services Offered at Challenge Developmental Evaluations Speech\/Language, Feeding, Audiology [&hellip;]","og_url":"https:\/\/youngmindsinmotion.com\/es\/partners-9\/","og_site_name":"Young Minds In Motion","article_publisher":"https:\/\/www.facebook.com\/YoungMindsInMotionYMIM\/","article_modified_time":"2019-10-15T17:10:14+00:00","og_image":[{"url":"https:\/\/youngmindsinmotion.com\/wp-content\/uploads\/2019\/10\/challenge.png","type":"","width":"","height":""}],"twitter_card":"summary_large_image","twitter_misc":{"Tiempo de lectura":"1 minuto"},"schema":{"@context":"https:\/\/schema.org","@graph":[{"@type":"WebPage","@id":"https:\/\/youngmindsinmotion.com\/partners-9\/","url":"https:\/\/youngmindsinmotion.com\/partners-9\/","name":"Challenge - Young Minds In Motion","isPartOf":{"@id":"https:\/\/youngmindsinmotion.com\/#website"},"primaryImageOfPage":{"@id":"https:\/\/youngmindsinmotion.com\/partners-9\/#primaryimage"},"image":{"@id":"https:\/\/youngmindsinmotion.com\/partners-9\/#primaryimage"},"thumbnailUrl":"https:\/\/youngmindsinmotion.com\/wp-content\/uploads\/2019\/10\/challenge.png","datePublished":"2019-10-15T17:10:08+00:00","dateModified":"2019-10-15T17:10:14+00:00","breadcrumb":{"@id":"https:\/\/youngmindsinmotion.com\/partners-9\/#breadcrumb"},"inLanguage":"es","potentialAction":[{"@type":"ReadAction","target":["https:\/\/youngmindsinmotion.com\/partners-9\/"]}]},{"@type":"ImageObject","inLanguage":"es","@id":"https:\/\/youngmindsinmotion.com\/partners-9\/#primaryimage","url":"https:\/\/youngmindsinmotion.com\/wp-content\/uploads\/2019\/10\/challenge.png","contentUrl":"https:\/\/youngmindsinmotion.com\/wp-content\/uploads\/2019\/10\/challenge.png"},{"@type":"BreadcrumbList","@id":"https:\/\/youngmindsinmotion.com\/partners-9\/#breadcrumb","itemListElement":[{"@type":"ListItem","position":1,"name":"Home","item":"https:\/\/youngmindsinmotion.com\/"},{"@type":"ListItem","position":2,"name":"Challenge"}]},{"@type":"WebSite","@id":"https:\/\/youngmindsinmotion.com\/#website","url":"https:\/\/youngmindsinmotion.com\/","name":"Mentes j\u00f3venes en movimiento","description":"Early Childhood Education Center","potentialAction":[{"@type":"SearchAction","target":{"@type":"EntryPoint","urlTemplate":"https:\/\/youngmindsinmotion.com\/?s={search_term_string}"},"query-input":{"@type":"PropertyValueSpecification","valueRequired":true,"valueName":"search_term_string"}}],"inLanguage":"es"}]}},"_links":{"self":[{"href":"https:\/\/youngmindsinmotion.com\/es\/wp-json\/wp\/v2\/pages\/3417","targetHints":{"allow":["GET"]}}],"collection":[{"href":"https:\/\/youngmindsinmotion.com\/es\/wp-json\/wp\/v2\/pages"}],"about":[{"href":"https:\/\/youngmindsinmotion.com\/es\/wp-json\/wp\/v2\/types\/page"}],"author":[{"embeddable":true,"href":"https:\/\/youngmindsinmotion.com\/es\/wp-json\/wp\/v2\/users\/54"}],"replies":[{"embeddable":true,"href":"https:\/\/youngmindsinmotion.com\/es\/wp-json\/wp\/v2\/comments?post=3417"}],"version-history":[{"count":0,"href":"https:\/\/youngmindsinmotion.com\/es\/wp-json\/wp\/v2\/pages\/3417\/revisions"}],"wp:attachment":[{"href":"https:\/\/youngmindsinmotion.com\/es\/wp-json\/wp\/v2\/media?parent=3417"}],"curies":[{"name":"wp","href":"https:\/\/api.w.org\/{rel}","templated":true}]}}