{"id":3421,"date":"2019-10-15T13:03:58","date_gmt":"2019-10-15T17:03:58","guid":{"rendered":"https:\/\/youngmindsinmotion.com\/?page_id=3421"},"modified":"2019-10-15T13:04:04","modified_gmt":"2019-10-15T17:04:04","slug":"partners-8","status":"publish","type":"page","link":"https:\/\/youngmindsinmotion.com\/es\/partners-8\/","title":{"rendered":"Catering Regina"},"content":{"rendered":"<div class=\"wp-block-image\"><figure class=\"aligncenter\"><img fetchpriority=\"high\" decoding=\"async\" width=\"352\" height=\"352\" src=\"https:\/\/youngmindsinmotion.com\/wp-content\/uploads\/2019\/10\/reginacaterers.jpg\" alt=\"\" class=\"wp-image-3395\" srcset=\"https:\/\/youngmindsinmotion.com\/wp-content\/uploads\/2019\/10\/reginacaterers.jpg 352w, https:\/\/youngmindsinmotion.com\/wp-content\/uploads\/2019\/10\/reginacaterers-150x150.jpg 150w, https:\/\/youngmindsinmotion.com\/wp-content\/uploads\/2019\/10\/reginacaterers-300x300.jpg 300w, https:\/\/youngmindsinmotion.com\/wp-content\/uploads\/2019\/10\/reginacaterers-75x75.jpg 75w, https:\/\/youngmindsinmotion.com\/wp-content\/uploads\/2019\/10\/reginacaterers-50x50.jpg 50w, https:\/\/youngmindsinmotion.com\/wp-content\/uploads\/2019\/10\/reginacaterers-100x100.jpg 100w\" sizes=\"(max-width: 352px) 100vw, 352px\" \/><\/figure><\/div>\n\n\n\n<p><strong>Catering Regina<\/strong><\/p>\n\n\n\n<p>Sabemos que lo que come su hijo es muy importante, pero tambi\u00e9n debe tener buen sabor. Nos hemos asociado con Regina Caterers, una empresa familiar que nos brinda alimentos de la m\u00e1s alta calidad y tambi\u00e9n sabe muy bien. Su objetivo al dise\u00f1ar los men\u00fas es encontrar el equilibrio adecuado entre el valor nutricional y la aptitud para los ni\u00f1os.<\/p>\n\n\n\n<p><a href=\"http:\/\/reginacaterers.com\">ReginaCaterers.com<\/a><\/p>","protected":false},"excerpt":{"rendered":"<p>Regina Caterers We know what your child eats is very important, but it must also taste good. We have partnered with Regina Caterers, a family owned company that gives us the highest quality food and also tastes great. Their goal when designing the menus is to find the right balance between nutritional value and child [&hellip;]<\/p>\n","protected":false},"author":54,"featured_media":0,"parent":0,"menu_order":0,"comment_status":"closed","ping_status":"closed","template":"","meta":{"footnotes":""},"class_list":["post-3421","page","type-page","status-publish","hentry"],"yoast_head":"<!-- This site is optimized with the Yoast SEO plugin v27.2 - https:\/\/yoast.com\/product\/yoast-seo-wordpress\/ -->\n<title>Regina Caterers - Young Minds In Motion<\/title>\n<meta name=\"robots\" content=\"index, follow, max-snippet:-1, max-image-preview:large, max-video-preview:-1\" \/>\n<link rel=\"canonical\" href=\"https:\/\/youngmindsinmotion.com\/es\/partners-8\/\" \/>\n<meta property=\"og:locale\" content=\"es_ES\" \/>\n<meta property=\"og:type\" content=\"article\" \/>\n<meta property=\"og:title\" content=\"Regina Caterers - Young Minds In Motion\" \/>\n<meta property=\"og:description\" content=\"Regina Caterers We know what your child eats is very important, but it must also taste good. We have partnered with Regina Caterers, a family owned company that gives us the highest quality food and also tastes great. Their goal when designing the menus is to find the right balance between nutritional value and child [&hellip;]\" \/>\n<meta property=\"og:url\" content=\"https:\/\/youngmindsinmotion.com\/es\/partners-8\/\" \/>\n<meta property=\"og:site_name\" content=\"Young Minds In Motion\" \/>\n<meta property=\"article:publisher\" content=\"https:\/\/www.facebook.com\/YoungMindsInMotionYMIM\/\" \/>\n<meta property=\"article:modified_time\" content=\"2019-10-15T17:04:04+00:00\" \/>\n<meta property=\"og:image\" content=\"https:\/\/youngmindsinmotion.com\/wp-content\/uploads\/2019\/10\/reginacaterers.jpg\" \/>\n<meta name=\"twitter:card\" content=\"summary_large_image\" \/>\n<script type=\"application\/ld+json\" class=\"yoast-schema-graph\">{\"@context\":\"https:\/\/schema.org\",\"@graph\":[{\"@type\":\"WebPage\",\"@id\":\"https:\/\/youngmindsinmotion.com\/es\/partners-8\/\",\"url\":\"https:\/\/youngmindsinmotion.com\/es\/partners-8\/\",\"name\":\"Regina Caterers - Young Minds In Motion\",\"isPartOf\":{\"@id\":\"https:\/\/youngmindsinmotion.com\/#website\"},\"primaryImageOfPage\":{\"@id\":\"https:\/\/youngmindsinmotion.com\/es\/partners-8\/#primaryimage\"},\"image\":{\"@id\":\"https:\/\/youngmindsinmotion.com\/es\/partners-8\/#primaryimage\"},\"thumbnailUrl\":\"https:\/\/youngmindsinmotion.com\/wp-content\/uploads\/2019\/10\/reginacaterers.jpg\",\"datePublished\":\"2019-10-15T17:03:58+00:00\",\"dateModified\":\"2019-10-15T17:04:04+00:00\",\"breadcrumb\":{\"@id\":\"https:\/\/youngmindsinmotion.com\/es\/partners-8\/#breadcrumb\"},\"inLanguage\":\"es\",\"potentialAction\":[{\"@type\":\"ReadAction\",\"target\":[\"https:\/\/youngmindsinmotion.com\/es\/partners-8\/\"]}]},{\"@type\":\"ImageObject\",\"inLanguage\":\"es\",\"@id\":\"https:\/\/youngmindsinmotion.com\/es\/partners-8\/#primaryimage\",\"url\":\"https:\/\/youngmindsinmotion.com\/wp-content\/uploads\/2019\/10\/reginacaterers.jpg\",\"contentUrl\":\"https:\/\/youngmindsinmotion.com\/wp-content\/uploads\/2019\/10\/reginacaterers.jpg\"},{\"@type\":\"BreadcrumbList\",\"@id\":\"https:\/\/youngmindsinmotion.com\/es\/partners-8\/#breadcrumb\",\"itemListElement\":[{\"@type\":\"ListItem\",\"position\":1,\"name\":\"Home\",\"item\":\"https:\/\/youngmindsinmotion.com\/\"},{\"@type\":\"ListItem\",\"position\":2,\"name\":\"Regina Caterers\"}]},{\"@type\":\"WebSite\",\"@id\":\"https:\/\/youngmindsinmotion.com\/#website\",\"url\":\"https:\/\/youngmindsinmotion.com\/\",\"name\":\"Young Minds In Motion\",\"description\":\"Early Childhood Education Center\",\"potentialAction\":[{\"@type\":\"SearchAction\",\"target\":{\"@type\":\"EntryPoint\",\"urlTemplate\":\"https:\/\/youngmindsinmotion.com\/?s={search_term_string}\"},\"query-input\":{\"@type\":\"PropertyValueSpecification\",\"valueRequired\":true,\"valueName\":\"search_term_string\"}}],\"inLanguage\":\"es\"}]}<\/script>\n<!-- \/ Yoast SEO plugin. -->","yoast_head_json":{"title":"Regina Caterers - Young Minds In Motion","robots":{"index":"index","follow":"follow","max-snippet":"max-snippet:-1","max-image-preview":"max-image-preview:large","max-video-preview":"max-video-preview:-1"},"canonical":"https:\/\/youngmindsinmotion.com\/es\/partners-8\/","og_locale":"es_ES","og_type":"article","og_title":"Regina Caterers - Young Minds In Motion","og_description":"Regina Caterers We know what your child eats is very important, but it must also taste good. We have partnered with Regina Caterers, a family owned company that gives us the highest quality food and also tastes great. Their goal when designing the menus is to find the right balance between nutritional value and child [&hellip;]","og_url":"https:\/\/youngmindsinmotion.com\/es\/partners-8\/","og_site_name":"Young Minds In Motion","article_publisher":"https:\/\/www.facebook.com\/YoungMindsInMotionYMIM\/","article_modified_time":"2019-10-15T17:04:04+00:00","og_image":[{"url":"https:\/\/youngmindsinmotion.com\/wp-content\/uploads\/2019\/10\/reginacaterers.jpg","type":"","width":"","height":""}],"twitter_card":"summary_large_image","schema":{"@context":"https:\/\/schema.org","@graph":[{"@type":"WebPage","@id":"https:\/\/youngmindsinmotion.com\/es\/partners-8\/","url":"https:\/\/youngmindsinmotion.com\/es\/partners-8\/","name":"Regina Caterers - Young Minds In Motion","isPartOf":{"@id":"https:\/\/youngmindsinmotion.com\/#website"},"primaryImageOfPage":{"@id":"https:\/\/youngmindsinmotion.com\/es\/partners-8\/#primaryimage"},"image":{"@id":"https:\/\/youngmindsinmotion.com\/es\/partners-8\/#primaryimage"},"thumbnailUrl":"https:\/\/youngmindsinmotion.com\/wp-content\/uploads\/2019\/10\/reginacaterers.jpg","datePublished":"2019-10-15T17:03:58+00:00","dateModified":"2019-10-15T17:04:04+00:00","breadcrumb":{"@id":"https:\/\/youngmindsinmotion.com\/es\/partners-8\/#breadcrumb"},"inLanguage":"es","potentialAction":[{"@type":"ReadAction","target":["https:\/\/youngmindsinmotion.com\/es\/partners-8\/"]}]},{"@type":"ImageObject","inLanguage":"es","@id":"https:\/\/youngmindsinmotion.com\/es\/partners-8\/#primaryimage","url":"https:\/\/youngmindsinmotion.com\/wp-content\/uploads\/2019\/10\/reginacaterers.jpg","contentUrl":"https:\/\/youngmindsinmotion.com\/wp-content\/uploads\/2019\/10\/reginacaterers.jpg"},{"@type":"BreadcrumbList","@id":"https:\/\/youngmindsinmotion.com\/es\/partners-8\/#breadcrumb","itemListElement":[{"@type":"ListItem","position":1,"name":"Home","item":"https:\/\/youngmindsinmotion.com\/"},{"@type":"ListItem","position":2,"name":"Regina Caterers"}]},{"@type":"WebSite","@id":"https:\/\/youngmindsinmotion.com\/#website","url":"https:\/\/youngmindsinmotion.com\/","name":"Mentes j\u00f3venes en movimiento","description":"Early Childhood Education Center","potentialAction":[{"@type":"SearchAction","target":{"@type":"EntryPoint","urlTemplate":"https:\/\/youngmindsinmotion.com\/?s={search_term_string}"},"query-input":{"@type":"PropertyValueSpecification","valueRequired":true,"valueName":"search_term_string"}}],"inLanguage":"es"}]}},"_links":{"self":[{"href":"https:\/\/youngmindsinmotion.com\/es\/wp-json\/wp\/v2\/pages\/3421","targetHints":{"allow":["GET"]}}],"collection":[{"href":"https:\/\/youngmindsinmotion.com\/es\/wp-json\/wp\/v2\/pages"}],"about":[{"href":"https:\/\/youngmindsinmotion.com\/es\/wp-json\/wp\/v2\/types\/page"}],"author":[{"embeddable":true,"href":"https:\/\/youngmindsinmotion.com\/es\/wp-json\/wp\/v2\/users\/54"}],"replies":[{"embeddable":true,"href":"https:\/\/youngmindsinmotion.com\/es\/wp-json\/wp\/v2\/comments?post=3421"}],"version-history":[{"count":0,"href":"https:\/\/youngmindsinmotion.com\/es\/wp-json\/wp\/v2\/pages\/3421\/revisions"}],"wp:attachment":[{"href":"https:\/\/youngmindsinmotion.com\/es\/wp-json\/wp\/v2\/media?parent=3421"}],"curies":[{"name":"wp","href":"https:\/\/api.w.org\/{rel}","templated":true}]}}