{"id":3892,"date":"2021-01-25T19:24:21","date_gmt":"2021-01-26T00:24:21","guid":{"rendered":"https:\/\/youngmindsinmotion.com\/home-espanol\/"},"modified":"2021-01-25T19:37:52","modified_gmt":"2021-01-26T00:37:52","slug":"home-espanol","status":"publish","type":"page","link":"https:\/\/youngmindsinmotion.com\/es\/home-espanol\/","title":{"rendered":"Casa"},"content":{"rendered":"<h2>Bienvenido al centro educativo Young Minds In Motion para edades de 2 a 6 a\u00f1os<\/h2>\n<p>\t\t\t<a href=\"\/es\/enroll\/\" role=\"button\"><br \/>\n\t\t\t\t\t\tINSCRIBIRSE AHORA<br \/>\n\t\t\t\t\t<\/a><\/p>\n<figure><a href=\"\/es\/pre-school-program\/\"><img loading=\"lazy\" decoding=\"async\" width=\"270\" height=\"294\" src=\"https:\/\/youngmindsinmotion.com\/wp-content\/uploads\/2021\/01\/first_part.jpg\" alt=\"\" srcset=\"https:\/\/youngmindsinmotion.com\/wp-content\/uploads\/2021\/01\/first_part.jpg 270w, https:\/\/youngmindsinmotion.com\/wp-content\/uploads\/2021\/01\/first_part-11x12.jpg 11w\" sizes=\"auto, (max-width: 270px) 100vw, 270px\" \/><\/a><\/figure>\n<h3><a href=\"\/es\/pre-school-program\/\">Guarder\u00eda \/ Preescolar<\/a><\/h3>\n<p>Para edades de 2-6. Su hijo est\u00e1 creciendo r\u00e1pido y listo para un poco m\u00e1s de independencia, nuestro preescolar ser\u00e1 una introducci\u00f3n perfecta.<\/p>\n<p>\t\t\t<a href=\"\/es\/pre-school-program\/\" role=\"button\"><br \/>\n\t\t\t\t\t\tAprende m\u00e1s<br \/>\n\t\t\t\t\t<\/a><\/p>\n<figure><a href=\"\/es\/after-school-program\/\"><img loading=\"lazy\" decoding=\"async\" width=\"270\" height=\"294\" src=\"https:\/\/youngmindsinmotion.com\/wp-content\/uploads\/2021\/01\/Screenshot-2021-01-20-at-1.40.45-PM.png\" alt=\"\" srcset=\"https:\/\/youngmindsinmotion.com\/wp-content\/uploads\/2021\/01\/Screenshot-2021-01-20-at-1.40.45-PM.png 270w, https:\/\/youngmindsinmotion.com\/wp-content\/uploads\/2021\/01\/Screenshot-2021-01-20-at-1.40.45-PM-11x12.png 11w\" sizes=\"auto, (max-width: 270px) 100vw, 270px\" \/><\/a><\/figure>\n<h3><a href=\"\/es\/after-school-program\/\">Despu\u00e9s de la escuela<\/a><\/h3>\n<p>Para edades de hasta 6 a\u00f1os. Con una amplia gama de actividades que incluyen aprendizaje, artes y artesan\u00edas, juegos imaginativos y actividades f\u00edsicas, nuestro personal se involucrar\u00e1 con sus hijos.\n<\/p>\n<p>\t\t\t<a href=\"\/es\/after-school-program\/\" role=\"button\"><br \/>\n\t\t\t\t\t\tAprende m\u00e1s<br \/>\n\t\t\t\t\t<\/a><\/p>\n<figure><a href=\"\/es\/gifted-talented\/\"><img loading=\"lazy\" decoding=\"async\" width=\"270\" height=\"294\" src=\"https:\/\/youngmindsinmotion.com\/wp-content\/uploads\/2021\/01\/Screenshot-2021-01-20-at-1.40.54-PM.png\" alt=\"\" srcset=\"https:\/\/youngmindsinmotion.com\/wp-content\/uploads\/2021\/01\/Screenshot-2021-01-20-at-1.40.54-PM.png 270w, https:\/\/youngmindsinmotion.com\/wp-content\/uploads\/2021\/01\/Screenshot-2021-01-20-at-1.40.54-PM-11x12.png 11w\" sizes=\"auto, (max-width: 270px) 100vw, 270px\" \/><\/a><\/figure>\n<h3><a href=\"\/es\/gifted-talented\/\">Dotados y talentosos<\/a><\/h3>\n<p>Para edades de 2-6. Preparamos a nuestros estudiantes para los ex\u00e1menes de ingreso de dotados y talentosos para darles la mejor oportunidad de tener \u00e9xito.<\/p>\n<p>\t\t\t<a href=\"\/es\/gifted-talented\/\" role=\"button\"><br \/>\n\t\t\t\t\t\tAprende m\u00e1s<br \/>\n\t\t\t\t\t<\/a><\/p>\n<h2>Por qu\u00e9 Young Minds In Motion<\/h2>\n<p>\t\tCada ni\u00f1o nace tabula rasa (con una pizarra limpia), con al menos un talento y un don; la mayor\u00eda tienen m\u00e1s de uno. Nuestro objetivo es identificar qu\u00e9 dones y talentos poseer. Una forma de hacerlo es a trav\u00e9s del APRENDIZAJE BASADO EN PROYECTOS.<\/p>\n<p>Hemos desarrollado conocimientos, actitudes y habilidades espec\u00edficas m\u00e1s all\u00e1 de los identificados en los est\u00e1ndares escolares tradicionales que ayudar\u00e1n a nuestros estudiantes a tener una experiencia acad\u00e9mica exitosa.<\/p>\n<p>Nuestro objetivo es aprovechar las fortalezas de los estudiantes y abordar las \u00e1reas de mejora a trav\u00e9s de observaciones y evaluaciones consistentes.<br \/>\n\t\t\t\t\t\t\t\t\t\t<img loading=\"lazy\" decoding=\"async\" width=\"625\" height=\"435\" src=\"https:\/\/youngmindsinmotion.com\/wp-content\/uploads\/2016\/09\/shutterstock_152028728-1024x712.jpg\" alt=\"\" srcset=\"https:\/\/youngmindsinmotion.com\/wp-content\/uploads\/2016\/09\/shutterstock_152028728-1024x712.jpg 1024w, https:\/\/youngmindsinmotion.com\/wp-content\/uploads\/2016\/09\/shutterstock_152028728-300x208.jpg 300w, https:\/\/youngmindsinmotion.com\/wp-content\/uploads\/2016\/09\/shutterstock_152028728-768x534.jpg 768w, https:\/\/youngmindsinmotion.com\/wp-content\/uploads\/2016\/09\/shutterstock_152028728-624x434.jpg 624w, https:\/\/youngmindsinmotion.com\/wp-content\/uploads\/2016\/09\/shutterstock_152028728-e1479431875657.jpg 600w\" sizes=\"auto, (max-width: 625px) 100vw, 625px\" \/>\t\t\t\t\t\t\t\t\t\t\t<\/p>\n<h2>Instalaciones del aula<\/h2>\n<p>\t\tNuestras instalaciones de \u00faltima generaci\u00f3n proporcionan un ambiente seguro y divertido para que su hijo aprenda y crezca.<\/p>\n<p>A su hijo le encantar\u00e1 jugar y explorar en nuestra hermosa \u00e1rea de juegos interiores para ni\u00f1os. Hemos dise\u00f1ado nuestras instalaciones pensando en su hijo para estimular e inspirar.<br \/>\n\t\t\t\t\t\t\t\t\t<a href=\"\">Misi\u00f3n<br \/>\n<\/a>\t\t\t\t\t\t\t\t\tCu<a href=\"\">rr\u00edculo<br \/>\n\t\t\t<\/a>\t\t\t\t\t\tBene<a href=\"\">ficios del programa<\/a>un<br \/>\n\t\t\t\t\t\t\t\t\t<a href=\"\">Aprendiz<\/a>aje<br \/>\n\t\t\t\t\t\t\t\t\tMisi\u00f3n<\/p>\n<p>\u00a0<\/p>\n<h1>Nuestra mision<\/h1>\n<p>Young Minds in Motion est\u00e1 aqu\u00ed para atender a las comunidades y empoderar a las familias a trav\u00e9s de la educaci\u00f3n de sus hijos y su preparaci\u00f3n temprana para el \u00e9xito.<\/p>\n<p>No nos consideramos una guarder\u00eda, sino m\u00e1s bien, una academia de aprendizaje que presta servicios a todo el ni\u00f1o apoyo social, emocional y, lo m\u00e1s importante, acad\u00e9mico a trav\u00e9s del aprendizaje pr\u00e1ctico.<\/p>\n<p><\/p>\n<h1>Nuestra visi\u00f3n<\/h1>\n<p>Aqu\u00ed en Young Minds in Motion entendemos que la educaci\u00f3n es la clave de ese \u00e9xito, y por esta raz\u00f3n queremos dar a cada ni\u00f1o que entra en las puertas la oportunidad de tener \u00e9xito y prosperar firmar una experiencia rica de calidad que est\u00e1 espec\u00edficamente orientada a hacer que cada ni\u00f1o &quot;Regalado y talentoso&quot; prueba lista para el momento en que llegue a la edad escolar y est\u00e9 listo para la transici\u00f3n.<\/p>\n<p><\/p>\n<h1>Nuestro objetivo<\/h1>\n<p>Al tomar estos pasos iniciales, nuestro objetivo es empoderar a los padres d\u00e1ndoles el poder de ELEGIR d\u00f3nde quieren que su hijo vaya a la escuela, en lugar de verse obligados a entrar en escuelas de zona que actualmente est\u00e1n fallando a nuestros hijos.<\/p>\n<p>Cada estudiante que pasa autom\u00e1ticamente una varianza aprobada en una escuela que tiene un programa &quot;Regalado y Talentoso&quot; y esto permite a las comunidades recuperar el control de c\u00f3mo quieren que su hijo proceda acad\u00e9micamente. Tambi\u00e9n proporciona un ni\u00f1o de las mismas oportunidades educativamente ricas que otras comunidades ricas reciben autom\u00e1ticamente que no est\u00e1n f\u00e1cilmente disponibles para nuestras comunidades debido a desventajas socioecon\u00f3micas.<\/p>\n<p>Aqu\u00ed en Young Minds nuestro objetivo es formar familias de un ni\u00f1o a la vez.<\/p>\n<p>\t\t\t\t\t\t\t\t\tPlan de estudios<\/p>\n<style>.elementor-3877 .elementor-element.elementor-element-3d466d2:not(.elementor-motion-effects-element-type-background) > .elementor-column-wrap, .elementor-3877 .elementor-element.elementor-element-3d466d2 > .elementor-column-wrap > .elementor-motion-effects-container > .elementor-motion-effects-layer{background-image:url(\"https:\/\/youngmindsinmotion.com\/wp-content\/uploads\/2016\/10\/shutterstock_293079191-1.jpg\");background-position:center center;background-repeat:no-repeat;background-size:contain;}.elementor-3877 .elementor-element.elementor-element-3d466d2 > .elementor-element-populated{transition:background 0.3s, border 0.3s, border-radius 0.3s, box-shadow 0.3s;}.elementor-3877 .elementor-element.elementor-element-3d466d2 > .elementor-element-populated > .elementor-background-overlay{transition:background 0.3s, border-radius 0.3s, opacity 0.3s;}.elementor-3877 .elementor-element.elementor-element-bacf857 .elementor-spacer-inner{height:50px;}@media(max-width:1024px){.elementor-3877 .elementor-element.elementor-element-bacf857 .elementor-spacer-inner{height:260px;}}@media(max-width:1024px) and (min-width:768px){.elementor-3877 .elementor-element.elementor-element-0e3d0d2{width:100%;}.elementor-3877 .elementor-element.elementor-element-3d466d2{width:100%;}}\/* Start custom CSS for section, class: .elementor-element-e571362 *\/.page-title{\n    display: none !important;\n}\/* End custom CSS *\/<\/style>\n<section data-id=\"e571362\" data-element_type=\"section\">\n<section data-id=\"a75996f\" data-element_type=\"section\">\n<h1>Nuestro curr\u00edculo<\/h1>\n<p>Cada ni\u00f1o ser\u00e1 evaluado y evaluado antes de ingresar a la escuela. Una vez que hemos evaluado sus fortalezas y debilidades, construimos un plan de estudios individual no s\u00f3lo para que cumplan con el est\u00e1ndar, sino que excedan el est\u00e1ndar.<\/p>\n<p>La forma en que los ni\u00f1os aprenden es tan importante como lo que aprenden y es por eso que hemos creado una atm\u00f3sfera de flujo libre, con tecnolog\u00eda de vanguardia. Esto incluye Smartboards, laptops, IPads, tabletas que promueven el aprendizaje interactivo para todos los estudiantes.<\/p>\n<p>Nuestro plan de estudios proporciona consistencia y rutina predecible, lo que es reconfortante para los ni\u00f1os. Los ni\u00f1os est\u00e1n relajados y listos para aprender cuando pueden anticipar lo que est\u00e1 sucediendo a continuaci\u00f3n.<\/p>\n<p>Programa de ajedrez para construir pensamiento estrat\u00e9gico.<\/p>\n<p>Cada semana los estudiantes participar\u00e1n en arte bidimensional, m\u00fasica, juego dram\u00e1tico y movimiento creativo.<br \/>\n\t\t<\/section>\n<\/section>\n<p>\t\t\t\t\t\t\t\t\tBeneficios del programa<\/p>\n<style>.elementor-3879 .elementor-element.elementor-element-66dc4ee:not(.elementor-motion-effects-element-type-background) > .elementor-column-wrap, .elementor-3879 .elementor-element.elementor-element-66dc4ee > .elementor-column-wrap > .elementor-motion-effects-container > .elementor-motion-effects-layer{background-image:url(\"https:\/\/youngmindsinmotion.com\/wp-content\/uploads\/2016\/10\/shutterstock_345005984-1.jpg\");background-position:center center;background-repeat:no-repeat;background-size:contain;}.elementor-3879 .elementor-element.elementor-element-66dc4ee > .elementor-element-populated{transition:background 0.3s, border 0.3s, border-radius 0.3s, box-shadow 0.3s;}.elementor-3879 .elementor-element.elementor-element-66dc4ee > .elementor-element-populated > .elementor-background-overlay{transition:background 0.3s, border-radius 0.3s, opacity 0.3s;}.elementor-3879 .elementor-element.elementor-element-e0ce85e .elementor-spacer-inner{height:50px;}@media(max-width:767px){.elementor-3879 .elementor-element.elementor-element-e0ce85e .elementor-spacer-inner{height:254px;}}\/* Start custom CSS for section, class: .elementor-element-40c603d *\/.page-title{\n    display: none !important;\n}\/* End custom CSS *\/<\/style>\n<section data-id=\"40c603d\" data-element_type=\"section\">\n<section data-id=\"0c7775f\" data-element_type=\"section\">\n<h1>Nuestro programa<\/h1>\n<ul>\n<li>  Transporte disponible para ni\u00f1os en los alrededores<\/li>\n<li> Instrucci\u00f3n y preparaci\u00f3n de pruebas dotadas y talentosas<\/li>\n<li> Uso de juegos y actividades instructivas para facilitar el aprendizaje manual, como ABC Mouse y otros<\/li>\n<li> Viajes de campo al teatro, museos, eventos deportivos como parte de nuestro programa de enriquecimiento<\/li>\n<li> Instrucci\u00f3n biling\u00fce<\/li>\n<li> Atenci\u00f3n durante la noche (pr\u00f3ximamente)<\/li>\n<\/ul>\n<\/section>\n<\/section>\n<p>\t\t\t\t\t\t\t\t\tAprendizaje<\/p>\n<style>.elementor-3880 .elementor-element.elementor-element-1d953c9:not(.elementor-motion-effects-element-type-background) > .elementor-column-wrap, .elementor-3880 .elementor-element.elementor-element-1d953c9 > .elementor-column-wrap > .elementor-motion-effects-container > .elementor-motion-effects-layer{background-image:url(\"https:\/\/youngmindsinmotion.com\/wp-content\/uploads\/2016\/10\/shutterstock_388655032-1.jpg\");background-position:center center;background-repeat:no-repeat;background-size:contain;}.elementor-3880 .elementor-element.elementor-element-1d953c9 > .elementor-element-populated{transition:background 0.3s, border 0.3s, border-radius 0.3s, box-shadow 0.3s;}.elementor-3880 .elementor-element.elementor-element-1d953c9 > .elementor-element-populated > .elementor-background-overlay{transition:background 0.3s, border-radius 0.3s, opacity 0.3s;}.elementor-3880 .elementor-element.elementor-element-4cb9d9c .elementor-spacer-inner{height:50px;}@media(max-width:1024px){.elementor-3880 .elementor-element.elementor-element-4cb9d9c .elementor-spacer-inner{height:215px;}}@media(max-width:1024px) and (min-width:768px){.elementor-3880 .elementor-element.elementor-element-9487137{width:100%;}.elementor-3880 .elementor-element.elementor-element-1d953c9{width:100%;}}\/* Start custom CSS for section, class: .elementor-element-02d3437 *\/.page-title{\n    display: none !important;\n}\/* End custom CSS *\/<\/style>\n<section data-id=\"02d3437\" data-element_type=\"section\">\n<section data-id=\"87ab785\" data-element_type=\"section\">\n<h1>Aprendizaje<\/h1>\n<p>\nNuestro objetivo principal es que cada estudiante lea y comprenda lo que est\u00e1 leyendo para cuando ingresa al jard\u00edn de infantes. Con este ser nuestro objetivo n\u00famero uno escuchamos a los expertos.<\/p>\n<p>El Panel Nacional de Lectura comenz\u00f3 un estudio en 1997 y en 2000. El Grupo Especial public\u00f3 sus constataciones, afirmando que hay cinco componentes esenciales que deben ense\u00f1arse en un programa de lectura eficaz: conciencia fon\u00e9tica, fon\u00e9tica, fluidez <a href=\"http:\/\/www.readinghorizons.com\/reading-strategies\/teaching\/fluency\" data-saferedirecturl=\"https:\/\/www.google.com\/url?hl=en&amp;q=http:\/\/www.readinghorizons.com\/reading-strategies\/teaching\/fluency&amp;source=gmail&amp;ust=1481156700811000&amp;usg=AFQjCNH3anSi91s5B7Z3a9aUGgxsjWNxLw\">lectora<\/a>, <a href=\"http:\/\/www.readinghorizons.com\/reading-strategies\/teaching\/vocabulary\" data-saferedirecturl=\"https:\/\/www.google.com\/url?hl=en&amp;q=http:\/\/www.readinghorizons.com\/reading-strategies\/teaching\/vocabulary&amp;source=gmail&amp;ust=1481156700811000&amp;usg=AFQjCNGGQO8MhwWzhgN1aPbTImFPzafHWA\">desarrollo <\/a>del vocabulario y comprensi\u00f3<a href=\"http:\/\/www.readinghorizons.com\/reading-strategies\/teaching\/comprehension\" data-saferedirecturl=\"https:\/\/www.google.com\/url?hl=en&amp;q=http:\/\/www.readinghorizons.com\/reading-strategies\/teaching\/comprehension&amp;source=gmail&amp;ust=1481156700811000&amp;usg=AFQjCNFS4NSEPU1FJ_ChY8ZKEY0yVqpLkQ\">n de la lectur<\/a>a.<sup>mi<\/sup>s por eso que combinamos tanto la fon\u00e9tica como todo el lenguaje, mientras que todav\u00eda promovemos el aprendizaje basado en proyectos.<\/p>\n<p>Le invitamos a venir a hacer un recorrido y escuchar m\u00e1s sobre nuestro sistema propietario que solo se puede encontrar en Young Minds in Motion.<br \/>\n\t\t<\/section>\n<\/section>\n<h2>Servicio de recogida y entrega de autobuses puerta a puerta de 6:30 am a 7 pm Horario del centro de 7:30 am a 6pm.<\/h2>\n<h2>\u00bfEst\u00e1 interesado en inscribir a su hijo?<\/h2>\n<h2>Ll\u00e1meno<br \/>s<br \/>\n347-709-YMIM (9646)<\/h2>\n<h2>Vis\u00edteno<br \/>s<br \/>\n556 Richmond Rd. SI NY 10304<\/h2>\n<p>\t\t\t\t\t<a href=\"https:\/\/www.instagram.com\/ymimnyc\/\" target=\"_blank\" rel=\"noopener\">Instagram<br \/>\n\t\t\t\t\t\t\t\t<\/a><br \/>\n<a href=\"https:\/\/www.facebook.com\/YMiMnyc\" target=\"_blank\" rel=\"noopener\">Facebook<br \/>\n\t\t\t\t\t\t\t\t<\/a>\t\t\t<a href=\"\/es\/contact\/%20\/\" role=\"button\"><br \/>\nSolicitar informaci\u00f3n<\/a><\/p>","protected":false},"excerpt":{"rendered":"<p>Bienvenido al centro educativo Young Minds In Motion para edades de 2 a 6 a\u00f1os INSCRIBIRSE AHORA Guarder\u00eda \/ Preescolar Para edades de 2-6. Su hijo est\u00e1 creciendo r\u00e1pido y listo para un poco m\u00e1s de independencia, nuestro preescolar ser\u00e1 una introducci\u00f3n perfecta. Aprende m\u00e1s Despu\u00e9s de la escuela Para edades de hasta 6 a\u00f1os. [&hellip;]<\/p>\n","protected":false},"author":54,"featured_media":0,"parent":0,"menu_order":0,"comment_status":"closed","ping_status":"closed","template":"","meta":{"footnotes":""},"class_list":["post-3892","page","type-page","status-publish","hentry"],"yoast_head":"<!-- This site is optimized with the Yoast SEO plugin v27.2 - https:\/\/yoast.com\/product\/yoast-seo-wordpress\/ -->\n<title>Casa - Young Minds In Motion<\/title>\n<meta name=\"robots\" content=\"index, follow, max-snippet:-1, max-image-preview:large, max-video-preview:-1\" \/>\n<link rel=\"canonical\" href=\"https:\/\/youngmindsinmotion.com\/es\/home-espanol\/\" \/>\n<meta property=\"og:locale\" content=\"es_ES\" \/>\n<meta property=\"og:type\" content=\"article\" \/>\n<meta property=\"og:title\" content=\"Casa - Young Minds In Motion\" \/>\n<meta property=\"og:description\" content=\"Bienvenido al centro educativo Young Minds In Motion para edades de 2 a 6 a\u00f1os INSCRIBIRSE AHORA Guarder\u00eda \/ Preescolar Para edades de 2-6. Su hijo est\u00e1 creciendo r\u00e1pido y listo para un poco m\u00e1s de independencia, nuestro preescolar ser\u00e1 una introducci\u00f3n perfecta. Aprende m\u00e1s Despu\u00e9s de la escuela Para edades de hasta 6 a\u00f1os. [&hellip;]\" \/>\n<meta property=\"og:url\" content=\"https:\/\/youngmindsinmotion.com\/es\/home-espanol\/\" \/>\n<meta property=\"og:site_name\" content=\"Young Minds In Motion\" \/>\n<meta property=\"article:publisher\" content=\"https:\/\/www.facebook.com\/YoungMindsInMotionYMIM\/\" \/>\n<meta property=\"article:modified_time\" content=\"2021-01-26T00:37:52+00:00\" \/>\n<meta property=\"og:image\" content=\"https:\/\/youngmindsinmotion.com\/wp-content\/uploads\/2021\/01\/first_part.jpg\" \/>\n<meta name=\"twitter:card\" content=\"summary_large_image\" \/>\n<meta name=\"twitter:label1\" content=\"Tiempo de lectura\" \/>\n\t<meta name=\"twitter:data1\" content=\"5 minutos\" \/>\n<script type=\"application\/ld+json\" class=\"yoast-schema-graph\">{\"@context\":\"https:\/\/schema.org\",\"@graph\":[{\"@type\":\"WebPage\",\"@id\":\"https:\/\/youngmindsinmotion.com\/home-espanol\/\",\"url\":\"https:\/\/youngmindsinmotion.com\/home-espanol\/\",\"name\":\"Casa - Young Minds In Motion\",\"isPartOf\":{\"@id\":\"https:\/\/youngmindsinmotion.com\/#website\"},\"primaryImageOfPage\":{\"@id\":\"https:\/\/youngmindsinmotion.com\/home-espanol\/#primaryimage\"},\"image\":{\"@id\":\"https:\/\/youngmindsinmotion.com\/home-espanol\/#primaryimage\"},\"thumbnailUrl\":\"https:\/\/youngmindsinmotion.com\/wp-content\/uploads\/2021\/01\/first_part.jpg\",\"datePublished\":\"2021-01-26T00:24:21+00:00\",\"dateModified\":\"2021-01-26T00:37:52+00:00\",\"breadcrumb\":{\"@id\":\"https:\/\/youngmindsinmotion.com\/home-espanol\/#breadcrumb\"},\"inLanguage\":\"es\",\"potentialAction\":[{\"@type\":\"ReadAction\",\"target\":[\"https:\/\/youngmindsinmotion.com\/home-espanol\/\"]}]},{\"@type\":\"ImageObject\",\"inLanguage\":\"es\",\"@id\":\"https:\/\/youngmindsinmotion.com\/home-espanol\/#primaryimage\",\"url\":\"https:\/\/youngmindsinmotion.com\/wp-content\/uploads\/2021\/01\/first_part.jpg\",\"contentUrl\":\"https:\/\/youngmindsinmotion.com\/wp-content\/uploads\/2021\/01\/first_part.jpg\"},{\"@type\":\"BreadcrumbList\",\"@id\":\"https:\/\/youngmindsinmotion.com\/home-espanol\/#breadcrumb\",\"itemListElement\":[{\"@type\":\"ListItem\",\"position\":1,\"name\":\"Home\",\"item\":\"https:\/\/youngmindsinmotion.com\/\"},{\"@type\":\"ListItem\",\"position\":2,\"name\":\"Casa\"}]},{\"@type\":\"WebSite\",\"@id\":\"https:\/\/youngmindsinmotion.com\/#website\",\"url\":\"https:\/\/youngmindsinmotion.com\/\",\"name\":\"Young Minds In Motion\",\"description\":\"Early Childhood Education Center\",\"potentialAction\":[{\"@type\":\"SearchAction\",\"target\":{\"@type\":\"EntryPoint\",\"urlTemplate\":\"https:\/\/youngmindsinmotion.com\/?s={search_term_string}\"},\"query-input\":{\"@type\":\"PropertyValueSpecification\",\"valueRequired\":true,\"valueName\":\"search_term_string\"}}],\"inLanguage\":\"es\"}]}<\/script>\n<!-- \/ Yoast SEO plugin. -->","yoast_head_json":{"title":"Casa - Young Minds In Motion","robots":{"index":"index","follow":"follow","max-snippet":"max-snippet:-1","max-image-preview":"max-image-preview:large","max-video-preview":"max-video-preview:-1"},"canonical":"https:\/\/youngmindsinmotion.com\/es\/home-espanol\/","og_locale":"es_ES","og_type":"article","og_title":"Casa - Young Minds In Motion","og_description":"Bienvenido al centro educativo Young Minds In Motion para edades de 2 a 6 a\u00f1os INSCRIBIRSE AHORA Guarder\u00eda \/ Preescolar Para edades de 2-6. Su hijo est\u00e1 creciendo r\u00e1pido y listo para un poco m\u00e1s de independencia, nuestro preescolar ser\u00e1 una introducci\u00f3n perfecta. Aprende m\u00e1s Despu\u00e9s de la escuela Para edades de hasta 6 a\u00f1os. [&hellip;]","og_url":"https:\/\/youngmindsinmotion.com\/es\/home-espanol\/","og_site_name":"Young Minds In Motion","article_publisher":"https:\/\/www.facebook.com\/YoungMindsInMotionYMIM\/","article_modified_time":"2021-01-26T00:37:52+00:00","og_image":[{"url":"https:\/\/youngmindsinmotion.com\/wp-content\/uploads\/2021\/01\/first_part.jpg","type":"","width":"","height":""}],"twitter_card":"summary_large_image","twitter_misc":{"Tiempo de lectura":"5 minutos"},"schema":{"@context":"https:\/\/schema.org","@graph":[{"@type":"WebPage","@id":"https:\/\/youngmindsinmotion.com\/home-espanol\/","url":"https:\/\/youngmindsinmotion.com\/home-espanol\/","name":"Casa - Young Minds In Motion","isPartOf":{"@id":"https:\/\/youngmindsinmotion.com\/#website"},"primaryImageOfPage":{"@id":"https:\/\/youngmindsinmotion.com\/home-espanol\/#primaryimage"},"image":{"@id":"https:\/\/youngmindsinmotion.com\/home-espanol\/#primaryimage"},"thumbnailUrl":"https:\/\/youngmindsinmotion.com\/wp-content\/uploads\/2021\/01\/first_part.jpg","datePublished":"2021-01-26T00:24:21+00:00","dateModified":"2021-01-26T00:37:52+00:00","breadcrumb":{"@id":"https:\/\/youngmindsinmotion.com\/home-espanol\/#breadcrumb"},"inLanguage":"es","potentialAction":[{"@type":"ReadAction","target":["https:\/\/youngmindsinmotion.com\/home-espanol\/"]}]},{"@type":"ImageObject","inLanguage":"es","@id":"https:\/\/youngmindsinmotion.com\/home-espanol\/#primaryimage","url":"https:\/\/youngmindsinmotion.com\/wp-content\/uploads\/2021\/01\/first_part.jpg","contentUrl":"https:\/\/youngmindsinmotion.com\/wp-content\/uploads\/2021\/01\/first_part.jpg"},{"@type":"BreadcrumbList","@id":"https:\/\/youngmindsinmotion.com\/home-espanol\/#breadcrumb","itemListElement":[{"@type":"ListItem","position":1,"name":"Home","item":"https:\/\/youngmindsinmotion.com\/"},{"@type":"ListItem","position":2,"name":"Casa"}]},{"@type":"WebSite","@id":"https:\/\/youngmindsinmotion.com\/#website","url":"https:\/\/youngmindsinmotion.com\/","name":"Mentes j\u00f3venes en movimiento","description":"Early Childhood Education Center","potentialAction":[{"@type":"SearchAction","target":{"@type":"EntryPoint","urlTemplate":"https:\/\/youngmindsinmotion.com\/?s={search_term_string}"},"query-input":{"@type":"PropertyValueSpecification","valueRequired":true,"valueName":"search_term_string"}}],"inLanguage":"es"}]}},"_links":{"self":[{"href":"https:\/\/youngmindsinmotion.com\/es\/wp-json\/wp\/v2\/pages\/3892","targetHints":{"allow":["GET"]}}],"collection":[{"href":"https:\/\/youngmindsinmotion.com\/es\/wp-json\/wp\/v2\/pages"}],"about":[{"href":"https:\/\/youngmindsinmotion.com\/es\/wp-json\/wp\/v2\/types\/page"}],"author":[{"embeddable":true,"href":"https:\/\/youngmindsinmotion.com\/es\/wp-json\/wp\/v2\/users\/54"}],"replies":[{"embeddable":true,"href":"https:\/\/youngmindsinmotion.com\/es\/wp-json\/wp\/v2\/comments?post=3892"}],"version-history":[{"count":0,"href":"https:\/\/youngmindsinmotion.com\/es\/wp-json\/wp\/v2\/pages\/3892\/revisions"}],"wp:attachment":[{"href":"https:\/\/youngmindsinmotion.com\/es\/wp-json\/wp\/v2\/media?parent=3892"}],"curies":[{"name":"wp","href":"https:\/\/api.w.org\/{rel}","templated":true}]}}