{"id":4334,"date":"2025-01-27T02:20:06","date_gmt":"2025-01-27T07:20:06","guid":{"rendered":"https:\/\/youngmindsinmotion.com\/?page_id=4334"},"modified":"2025-01-27T02:21:56","modified_gmt":"2025-01-27T07:21:56","slug":"chess-program-e","status":"publish","type":"page","link":"https:\/\/youngmindsinmotion.com\/es\/chess-program-e\/","title":{"rendered":"Chess Program_E"},"content":{"rendered":"<div data-elementor-type=\"wp-page\" data-elementor-id=\"4334\" class=\"elementor elementor-4334\" data-elementor-post-type=\"page\">\n\t\t\t\t\t\t<section class=\"elementor-section elementor-top-section elementor-element elementor-element-6e13d460 elementor-section-boxed elementor-section-height-default elementor-section-height-default\" data-id=\"6e13d460\" data-element_type=\"section\" data-e-type=\"section\">\n\t\t\t\t\t\t<div class=\"elementor-container elementor-column-gap-default\">\n\t\t\t\t\t<div class=\"elementor-column elementor-col-100 elementor-top-column elementor-element elementor-element-38c5b2f5\" data-id=\"38c5b2f5\" data-element_type=\"column\" data-e-type=\"column\">\n\t\t\t<div class=\"elementor-widget-wrap elementor-element-populated\">\n\t\t\t\t\t\t<div class=\"elementor-element elementor-element-437ba53 elementor-widget elementor-widget-heading\" data-id=\"437ba53\" data-element_type=\"widget\" data-e-type=\"widget\" data-widget_type=\"heading.default\">\n\t\t\t\t<div class=\"elementor-widget-container\">\n\t\t\t\t\t<h2 class=\"elementor-heading-title elementor-size-default\">RECONSTRUYE TU PROGRAMA DE AJEDREZ TEMPLO\n<\/h2>\t\t\t\t<\/div>\n\t\t\t\t<\/div>\n\t\t\t\t<div class=\"elementor-element elementor-element-aec2046 elementor-widget elementor-widget-image\" data-id=\"aec2046\" data-element_type=\"widget\" data-e-type=\"widget\" data-widget_type=\"image.default\">\n\t\t\t\t<div class=\"elementor-widget-container\">\n\t\t\t\t\t\t\t\t\t\t\t\t\t\t\t<img decoding=\"async\" src=\"https:\/\/youngmindsinmotion.com\/wp-content\/uploads\/2018\/07\/chess1-1024x676.png\" title=\"\" alt=\"\" loading=\"lazy\" \/>\t\t\t\t\t\t\t\t\t\t\t\t\t\t\t<\/div>\n\t\t\t\t<\/div>\n\t\t\t\t<div class=\"elementor-element elementor-element-a16b73a elementor-widget elementor-widget-text-editor\" data-id=\"a16b73a\" data-element_type=\"widget\" data-e-type=\"widget\" data-widget_type=\"text-editor.default\">\n\t\t\t\t<div class=\"elementor-widget-container\">\n\t\t\t\t\t\t\t\t\t<p>El programa de ajedrez Reconstruye tu templo es un programa de diecis\u00e9is semanas estructurado para ense\u00f1ar a nuestros ni\u00f1os los fundamentos del juego de ajedrez y c\u00f3mo el ajedrez se aplica a la toma de decisiones b\u00e1sicas en la vida. Los elementos clave para reconstruir la gu\u00eda de programaci\u00f3n de ajedrez del templo son el desarrollo intelectual y cognitivo, el pensamiento cr\u00edtico y las habilidades de resoluci\u00f3n de problemas que se desarrollar\u00e1n jugando al ajedrez.<\/p><p><b>Desarrollo intelectual y cognitivo:<\/b><\/p><p>\u00bfEl concepto de llevar una idea o un pensamiento a trav\u00e9s de un proceso de pensamiento minucioso? El cerebro humano proyecta muchas ideas por segundo, pero la mec\u00e1nica de todos no funciona igual; por otro lado, el desarrollo cognitivo depende del propio patr\u00f3n de desarrollo del ni\u00f1o. Con RYT, este programa desafiar\u00e1 el intelecto de la mente del ni\u00f1o al mejorar su proceso de pensamiento con ideas conceptuales que pueden lograr. Tener la capacidad de tomar una decisi\u00f3n consciente antes de hacer un movimiento es tener la capacidad de poner la mente antes que la materia. El desarrollo cognitivo se trata de c\u00f3mo usamos nuestras mentes y el pensamiento organizado para comprender el mundo que nos rodea. \u00a0<\/p><p><b>El desarrollo cognitivo e intelectual incluye:<\/b><\/p><p><b>Imaginaci\u00f3n-<\/b>\u00a0Es poder imaginar cosas cuando no est\u00e1n frente a ti. El ajedrez realza la imaginaci\u00f3n de los ni\u00f1os porque el tablero de ajedrez no tiene que estar frente al jugador para que el jugador sea un rey, reina, alfil, caballero, castillo \/ torre o peones del mundo.<\/p><p><b>Creatividad-<\/b>\u00a0Es capaz de expresar ideas imaginativas de una manera \u00fanica.<\/p><p><b>Conceptos-<\/b>\u00a0Es poner informaci\u00f3n en forma comprensiva. El tablero de ajedrez consta de n\u00fameros, letras, formas, tiempo y colores. Que es una combinaci\u00f3n de matem\u00e1ticas y realidad. Que el tablero de ajedrez es capaz de unir diferentes conceptos para hacer de un juego sin\u00f3nimo de las realidades de la vida.<\/p><p><b>Memoria-<\/b>\u00a0Es la capacidad de almacenar y recordar informaci\u00f3n, ideas y eventos. En el ajedrez, memorizar las reglas del juego junto con el valor de las piezas, le da a uno la confianza para luchar contra el desaf\u00edo en el tablero y en el mundo real.<\/p><p><b>Concentraci\u00f3n-<\/b>\u00a0es la capacidad de prestar atenci\u00f3n. Los ni\u00f1os tienden a concentrarse m\u00e1s si est\u00e1n interesados en la tarea \/ actividad. Necesitan concentrarse para poder almacenar y clasificar informaci\u00f3n. El ajedrez permite que los ni\u00f1os piensen antes de mover una pieza, ya que en la vida todos debemos evaluar todas las opciones antes de hacer un movimiento para poder realizar el mejor movimiento posible.<\/p><p><b>Pensamiento cr\u00edtico:<\/b><\/p><p><b>\u00a0<\/b>Es el proceso intelectualmente disciplinado de conceptualizar, aplicar, analizar y \/ o evaluar activa y h\u00e1bilmente la informaci\u00f3n recopilada o generada por la observaci\u00f3n, la reflexi\u00f3n, el razonamiento o la comunicaci\u00f3n, como una gu\u00eda para la creencia y la acci\u00f3n. El estado consciente de poder pensar por s\u00ed mismo y por los dem\u00e1s a su alrededor. Las habilidades de pensamiento cr\u00edtico son muy importantes para la toma de decisiones. Estas habilidades de pensamiento son cr\u00edticas porque son la clave para comprender que los problemas ocurrir\u00e1n en la vida, pero comprender la ciencia de los problemas le dar\u00e1 el poder de resolverlos adecuadamente. Todos tenemos problemas, lo que no todos tenemos es paz. Sabiendo y entendiendo esto, la percepci\u00f3n del razonamiento debe analizarse mediante un proceso de pensamiento minucioso. Entender que todas las acciones tienen una causa y un efecto. En el ajedrez, cuando se realiza un movimiento, el oponente tiene que evaluar todos los posibles movimientos de ataque antes de reaccionar al movimiento. Esto le dar\u00e1 al jugador la mejor jugada para hacer a pesar de la situaci\u00f3n actual.<\/p><p><b>Resoluci\u00f3n de problemas:<\/b><\/p><p>La resoluci\u00f3n correcta de problemas encuentra el mejor camino a seguir al tomar decisiones a corto y largo plazo. Los estudiantes del programa de ajedrez RYT reciben un m\u00e9todo claro y firme para sopesar los beneficios de la resoluci\u00f3n positiva de problemas en contraposici\u00f3n a la resoluci\u00f3n negativa de problemas. Un pensador que se enfoca en el problema y trata de sintetizar informaci\u00f3n y conocimiento para lograr una soluci\u00f3n es un solucionador de problemas positivo. En contraste, cuando un pensador hace un movimiento antes de reunir el conocimiento correcto necesario para el mejor movimiento posible, eso es una resoluci\u00f3n negativa de problemas. En las matem\u00e1ticas b\u00e1sicas y tambi\u00e9n en las experiencias de la vida hay una soluci\u00f3n para todos los problemas que enfrentamos como seres. Para salvar esa brecha entre problema y soluci\u00f3n, existe una f\u00f3rmula. En las experiencias de mi vida, el trabajo en equipo ha sido un m\u00e9todo vital en la resoluci\u00f3n de problemas. En el ajedrez, conocer todas tus piezas, su valor y las reglas del juego es un gran paso hacia la victoria de ganar el juego. Cada movimiento de tu oponente te traer\u00e1 un problema diferente, una vez que identifiques el problema, piensa en todas las opciones, luego busca una soluci\u00f3n que beneficie a tu equipo (piezas) y deber\u00edas ganar el juego.<\/p><p><b>Reconstruye tu gremio de programaci\u00f3n de 16 semanas de templo:<\/b><\/p><p>Semana 1: Conocimiento del tablero de ajedrez<\/p><p>Semana 2: Conocimiento de las piezas de ajedrez.<\/p><p>Semana 3: Conocimiento de los movimientos de las piezas.<\/p><p>Semana 4: Conocimiento de las reglas y regulaciones del juego.<\/p><p>Semana 5: conocimiento de la importancia de las estrategias defensivas.<\/p><p>Semana 6: Conocimiento de la importancia de las estrategias ofensivas.<\/p><p>Semana 7: Conocimiento de la importancia del Trabajo en Equipo.<\/p><p>Semana 8: Examen de escritura sobre la comprensi\u00f3n del juego.<\/p><p>Semana 9-16: cree un torneo de ajedrez para todos los que completaron las primeras 8 semanas. El torneo ser\u00e1 un torneo de 8 semanas. Permitir que todos los ni\u00f1os inscritos participen en la competencia entre s\u00ed y la \u00faltima semana del torneo todos los inscritos recibir\u00e1n un trofeo de ajedrez o una placa de ajedrez por su participaci\u00f3n en el programa de ajedrez RYT.<\/p>\t\t\t\t\t\t\t\t<\/div>\n\t\t\t\t<\/div>\n\t\t\t\t\t<\/div>\n\t\t<\/div>\n\t\t\t\t\t<\/div>\n\t\t<\/section>\n\t\t\t\t<\/div>","protected":false},"excerpt":{"rendered":"<p>REBUILD YOUR TEMPLE CHESS PROGRAM Rebuild your temple chess program is a sixteen-week program structured to teach our children the fundamentals of playing chess and how chess is applicable to basic decision making in life. \u00a0The key elements to rebuild your temple chess programming guide is the intellectual and cognitive development, critical thinking, and problem-solving [&hellip;]<\/p>\n","protected":false},"author":33,"featured_media":0,"parent":0,"menu_order":0,"comment_status":"closed","ping_status":"closed","template":"","meta":{"footnotes":""},"class_list":["post-4334","page","type-page","status-publish","hentry"],"yoast_head":"<!-- This site is optimized with the Yoast SEO plugin v27.2 - https:\/\/yoast.com\/product\/yoast-seo-wordpress\/ -->\n<title>Chess Program_E - Young Minds In Motion<\/title>\n<meta name=\"robots\" content=\"index, follow, max-snippet:-1, max-image-preview:large, max-video-preview:-1\" \/>\n<link rel=\"canonical\" href=\"https:\/\/youngmindsinmotion.com\/es\/chess-program-e\/\" \/>\n<meta property=\"og:locale\" content=\"es_ES\" \/>\n<meta property=\"og:type\" content=\"article\" \/>\n<meta property=\"og:title\" content=\"Chess Program_E - Young Minds In Motion\" \/>\n<meta property=\"og:description\" content=\"REBUILD YOUR TEMPLE CHESS PROGRAM Rebuild your temple chess program is a sixteen-week program structured to teach our children the fundamentals of playing chess and how chess is applicable to basic decision making in life. \u00a0The key elements to rebuild your temple chess programming guide is the intellectual and cognitive development, critical thinking, and problem-solving [&hellip;]\" \/>\n<meta property=\"og:url\" content=\"https:\/\/youngmindsinmotion.com\/es\/chess-program-e\/\" \/>\n<meta property=\"og:site_name\" content=\"Young Minds In Motion\" \/>\n<meta property=\"article:publisher\" content=\"https:\/\/www.facebook.com\/YoungMindsInMotionYMIM\/\" \/>\n<meta property=\"article:modified_time\" content=\"2025-01-27T07:21:56+00:00\" \/>\n<meta property=\"og:image\" content=\"https:\/\/youngmindsinmotion.com\/wp-content\/uploads\/2018\/07\/chess1-1024x676.png\" \/>\n<meta name=\"twitter:card\" content=\"summary_large_image\" \/>\n<meta name=\"twitter:label1\" content=\"Tiempo de lectura\" \/>\n\t<meta name=\"twitter:data1\" content=\"5 minutos\" \/>\n<script type=\"application\/ld+json\" class=\"yoast-schema-graph\">{\"@context\":\"https:\/\/schema.org\",\"@graph\":[{\"@type\":\"WebPage\",\"@id\":\"https:\/\/youngmindsinmotion.com\/chess-program-e\/\",\"url\":\"https:\/\/youngmindsinmotion.com\/chess-program-e\/\",\"name\":\"Chess Program_E - Young Minds In Motion\",\"isPartOf\":{\"@id\":\"https:\/\/youngmindsinmotion.com\/#website\"},\"primaryImageOfPage\":{\"@id\":\"https:\/\/youngmindsinmotion.com\/chess-program-e\/#primaryimage\"},\"image\":{\"@id\":\"https:\/\/youngmindsinmotion.com\/chess-program-e\/#primaryimage\"},\"thumbnailUrl\":\"https:\/\/youngmindsinmotion.com\/wp-content\/uploads\/2018\/07\/chess1-1024x676.png\",\"datePublished\":\"2025-01-27T07:20:06+00:00\",\"dateModified\":\"2025-01-27T07:21:56+00:00\",\"breadcrumb\":{\"@id\":\"https:\/\/youngmindsinmotion.com\/chess-program-e\/#breadcrumb\"},\"inLanguage\":\"es\",\"potentialAction\":[{\"@type\":\"ReadAction\",\"target\":[\"https:\/\/youngmindsinmotion.com\/chess-program-e\/\"]}]},{\"@type\":\"ImageObject\",\"inLanguage\":\"es\",\"@id\":\"https:\/\/youngmindsinmotion.com\/chess-program-e\/#primaryimage\",\"url\":\"https:\/\/youngmindsinmotion.com\/wp-content\/uploads\/2018\/07\/chess1-1024x676.png\",\"contentUrl\":\"https:\/\/youngmindsinmotion.com\/wp-content\/uploads\/2018\/07\/chess1-1024x676.png\"},{\"@type\":\"BreadcrumbList\",\"@id\":\"https:\/\/youngmindsinmotion.com\/chess-program-e\/#breadcrumb\",\"itemListElement\":[{\"@type\":\"ListItem\",\"position\":1,\"name\":\"Home\",\"item\":\"https:\/\/youngmindsinmotion.com\/\"},{\"@type\":\"ListItem\",\"position\":2,\"name\":\"Chess Program_E\"}]},{\"@type\":\"WebSite\",\"@id\":\"https:\/\/youngmindsinmotion.com\/#website\",\"url\":\"https:\/\/youngmindsinmotion.com\/\",\"name\":\"Young Minds In Motion\",\"description\":\"Early Childhood Education Center\",\"potentialAction\":[{\"@type\":\"SearchAction\",\"target\":{\"@type\":\"EntryPoint\",\"urlTemplate\":\"https:\/\/youngmindsinmotion.com\/?s={search_term_string}\"},\"query-input\":{\"@type\":\"PropertyValueSpecification\",\"valueRequired\":true,\"valueName\":\"search_term_string\"}}],\"inLanguage\":\"es\"}]}<\/script>\n<!-- \/ Yoast SEO plugin. -->","yoast_head_json":{"title":"Chess Program_E - Young Minds In Motion","robots":{"index":"index","follow":"follow","max-snippet":"max-snippet:-1","max-image-preview":"max-image-preview:large","max-video-preview":"max-video-preview:-1"},"canonical":"https:\/\/youngmindsinmotion.com\/es\/chess-program-e\/","og_locale":"es_ES","og_type":"article","og_title":"Chess Program_E - Young Minds In Motion","og_description":"REBUILD YOUR TEMPLE CHESS PROGRAM Rebuild your temple chess program is a sixteen-week program structured to teach our children the fundamentals of playing chess and how chess is applicable to basic decision making in life. \u00a0The key elements to rebuild your temple chess programming guide is the intellectual and cognitive development, critical thinking, and problem-solving [&hellip;]","og_url":"https:\/\/youngmindsinmotion.com\/es\/chess-program-e\/","og_site_name":"Young Minds In Motion","article_publisher":"https:\/\/www.facebook.com\/YoungMindsInMotionYMIM\/","article_modified_time":"2025-01-27T07:21:56+00:00","og_image":[{"url":"https:\/\/youngmindsinmotion.com\/wp-content\/uploads\/2018\/07\/chess1-1024x676.png","type":"","width":"","height":""}],"twitter_card":"summary_large_image","twitter_misc":{"Tiempo de lectura":"5 minutos"},"schema":{"@context":"https:\/\/schema.org","@graph":[{"@type":"WebPage","@id":"https:\/\/youngmindsinmotion.com\/chess-program-e\/","url":"https:\/\/youngmindsinmotion.com\/chess-program-e\/","name":"Chess Program_E - Young Minds In Motion","isPartOf":{"@id":"https:\/\/youngmindsinmotion.com\/#website"},"primaryImageOfPage":{"@id":"https:\/\/youngmindsinmotion.com\/chess-program-e\/#primaryimage"},"image":{"@id":"https:\/\/youngmindsinmotion.com\/chess-program-e\/#primaryimage"},"thumbnailUrl":"https:\/\/youngmindsinmotion.com\/wp-content\/uploads\/2018\/07\/chess1-1024x676.png","datePublished":"2025-01-27T07:20:06+00:00","dateModified":"2025-01-27T07:21:56+00:00","breadcrumb":{"@id":"https:\/\/youngmindsinmotion.com\/chess-program-e\/#breadcrumb"},"inLanguage":"es","potentialAction":[{"@type":"ReadAction","target":["https:\/\/youngmindsinmotion.com\/chess-program-e\/"]}]},{"@type":"ImageObject","inLanguage":"es","@id":"https:\/\/youngmindsinmotion.com\/chess-program-e\/#primaryimage","url":"https:\/\/youngmindsinmotion.com\/wp-content\/uploads\/2018\/07\/chess1-1024x676.png","contentUrl":"https:\/\/youngmindsinmotion.com\/wp-content\/uploads\/2018\/07\/chess1-1024x676.png"},{"@type":"BreadcrumbList","@id":"https:\/\/youngmindsinmotion.com\/chess-program-e\/#breadcrumb","itemListElement":[{"@type":"ListItem","position":1,"name":"Home","item":"https:\/\/youngmindsinmotion.com\/"},{"@type":"ListItem","position":2,"name":"Chess Program_E"}]},{"@type":"WebSite","@id":"https:\/\/youngmindsinmotion.com\/#website","url":"https:\/\/youngmindsinmotion.com\/","name":"Mentes j\u00f3venes en movimiento","description":"Early Childhood Education Center","potentialAction":[{"@type":"SearchAction","target":{"@type":"EntryPoint","urlTemplate":"https:\/\/youngmindsinmotion.com\/?s={search_term_string}"},"query-input":{"@type":"PropertyValueSpecification","valueRequired":true,"valueName":"search_term_string"}}],"inLanguage":"es"}]}},"_links":{"self":[{"href":"https:\/\/youngmindsinmotion.com\/es\/wp-json\/wp\/v2\/pages\/4334","targetHints":{"allow":["GET"]}}],"collection":[{"href":"https:\/\/youngmindsinmotion.com\/es\/wp-json\/wp\/v2\/pages"}],"about":[{"href":"https:\/\/youngmindsinmotion.com\/es\/wp-json\/wp\/v2\/types\/page"}],"author":[{"embeddable":true,"href":"https:\/\/youngmindsinmotion.com\/es\/wp-json\/wp\/v2\/users\/33"}],"replies":[{"embeddable":true,"href":"https:\/\/youngmindsinmotion.com\/es\/wp-json\/wp\/v2\/comments?post=4334"}],"version-history":[{"count":4,"href":"https:\/\/youngmindsinmotion.com\/es\/wp-json\/wp\/v2\/pages\/4334\/revisions"}],"predecessor-version":[{"id":4338,"href":"https:\/\/youngmindsinmotion.com\/es\/wp-json\/wp\/v2\/pages\/4334\/revisions\/4338"}],"wp:attachment":[{"href":"https:\/\/youngmindsinmotion.com\/es\/wp-json\/wp\/v2\/media?parent=4334"}],"curies":[{"name":"wp","href":"https:\/\/api.w.org\/{rel}","templated":true}]}}