{"id":4366,"date":"2025-01-27T04:16:30","date_gmt":"2025-01-27T09:16:30","guid":{"rendered":"https:\/\/youngmindsinmotion.com\/?page_id=4366"},"modified":"2025-01-27T04:18:20","modified_gmt":"2025-01-27T09:18:20","slug":"food-program-e","status":"publish","type":"page","link":"https:\/\/youngmindsinmotion.com\/es\/food-program-e\/","title":{"rendered":"Food Program_E"},"content":{"rendered":"<div data-elementor-type=\"wp-page\" data-elementor-id=\"4366\" class=\"elementor elementor-4366\" data-elementor-post-type=\"page\">\n\t\t\t\t\t\t<section class=\"elementor-section elementor-top-section elementor-element elementor-element-93c1528 elementor-section-boxed elementor-section-height-default elementor-section-height-default\" data-id=\"93c1528\" data-element_type=\"section\" data-e-type=\"section\">\n\t\t\t\t\t\t<div class=\"elementor-container elementor-column-gap-default\">\n\t\t\t\t\t<div class=\"elementor-column elementor-col-100 elementor-top-column elementor-element elementor-element-7355591e\" data-id=\"7355591e\" data-element_type=\"column\" data-e-type=\"column\">\n\t\t\t<div class=\"elementor-widget-wrap elementor-element-populated\">\n\t\t\t\t\t\t<div class=\"elementor-element elementor-element-d395883 elementor-widget elementor-widget-heading\" data-id=\"d395883\" data-element_type=\"widget\" data-e-type=\"widget\" data-widget_type=\"heading.default\">\n\t\t\t\t<div class=\"elementor-widget-container\">\n\t\t\t\t\t<h2 class=\"elementor-heading-title elementor-size-default\">Each meal exceeds USDA nutrition guidelines\n<\/h2>\t\t\t\t<\/div>\n\t\t\t\t<\/div>\n\t\t\t\t<div class=\"elementor-element elementor-element-25925e48 elementor-widget elementor-widget-text-editor\" data-id=\"25925e48\" data-element_type=\"widget\" data-e-type=\"widget\" data-widget_type=\"text-editor.default\">\n\t\t\t\t<div class=\"elementor-widget-container\">\n\t\t\t\t\t\t\t\t\t<div class=\"wpb_text_column wpb_content_element\"><div class=\"wpb_wrapper\"><p>Nos hemos asociado con\u00a0<a href=\"http:\/\/reginacaterers.com\/\">Catering Regina<\/a>\u00a0para proporcionar comidas nutritivas que excedan las pautas de nutrici\u00f3n del USDA.<\/p><p><strong>En Regina Caterers, trabajamos en estrecha colaboraci\u00f3n con los operadores del programa para desarrollar y dise\u00f1ar men\u00fas que satisfagan las necesidades nutricionales y culturales de sus clientes.<\/strong><\/p><p>Nuestro personal trabaja en estrecha colaboraci\u00f3n con los nutricionistas del Programa de alimentos para el cuidado de ni\u00f1os y adultos (CACFP) en Albany, a fin de garantizar que se mantengan al tanto de los \u00faltimos requisitos diet\u00e9ticos y las nuevas regulaciones emitidas por el Departamento de Salud del Estado y el USDA.<\/p><p><strong>Menu de ni\u00f1os<\/strong><\/p><p>Cuando se trata de alimentar a ni\u00f1os y adultos j\u00f3venes, preparamos almuerzos, cenas y refrigerios nutritivos y somos conscientes de c\u00f3mo una buena nutrici\u00f3n puede beneficiar el desempe\u00f1o y el comportamiento de un estudiante en la escuela. Nuestros dietistas participan en cada paso de la planificaci\u00f3n de nuestro men\u00fa y el proceso de selecci\u00f3n de alimentos \/ ingredientes.<\/p><p>Nuestro objetivo al dise\u00f1ar men\u00fas escolares y extracurriculares es encontrar el equilibrio adecuado entre el valor nutricional y la comodidad de los ni\u00f1os.<\/p><p>Todas las ubicaciones de Regina son &#039;Instalaciones sin nueces&#039;<\/p><p>Todas nuestras comidas se pueden suministrar al estilo familiar o empaquetadas individualmente.<\/p><\/div><\/div>\t\t\t\t\t\t\t\t<\/div>\n\t\t\t\t<\/div>\n\t\t\t\t<div class=\"elementor-element elementor-element-e54a9b6 elementor-widget elementor-widget-shortcode\" data-id=\"e54a9b6\" data-element_type=\"widget\" data-e-type=\"widget\" data-widget_type=\"shortcode.default\">\n\t\t\t\t<div class=\"elementor-widget-container\">\n\t\t\t\t\t\t\t<div class=\"elementor-shortcode\"><a href=\"https:\/\/youngmindsinmotion.com\/wp-content\/uploads\/2019\/10\/CACFP-October-Menu.pdf\" class=\"pdfemb-viewer\" style=\"\" data-width=\"max\" data-height=\"max\" data-toolbar=\"bottom\" data-toolbar-fixed=\"off\">Men\u00fa de Octubre del CACFP<\/a><\/div>\n\t\t\t\t\t\t<\/div>\n\t\t\t\t<\/div>\n\t\t\t\t\t<\/div>\n\t\t<\/div>\n\t\t\t\t\t<\/div>\n\t\t<\/section>\n\t\t\t\t<\/div>","protected":false},"excerpt":{"rendered":"<p>Each meal exceeds USDA nutrition guidelines We have partnered with\u00a0Regina Caterers\u00a0to provide nutritious meals that exceed USDA nutrition guidelines. At Regina Caterers, we work closely with program operators to develop and design menus that meet the nutritional and cultural needs of their clients. Our staff work closely with nutritionists at the Child and Adult Care [&hellip;]<\/p>\n","protected":false},"author":33,"featured_media":0,"parent":0,"menu_order":0,"comment_status":"closed","ping_status":"closed","template":"","meta":{"footnotes":""},"class_list":["post-4366","page","type-page","status-publish","hentry"],"yoast_head":"<!-- This site is optimized with the Yoast SEO plugin v27.2 - https:\/\/yoast.com\/product\/yoast-seo-wordpress\/ -->\n<title>Food Program_E - Young Minds In Motion<\/title>\n<meta name=\"robots\" content=\"index, follow, max-snippet:-1, max-image-preview:large, max-video-preview:-1\" \/>\n<link rel=\"canonical\" href=\"https:\/\/youngmindsinmotion.com\/es\/food-program-e\/\" \/>\n<meta property=\"og:locale\" content=\"es_ES\" \/>\n<meta property=\"og:type\" content=\"article\" \/>\n<meta property=\"og:title\" content=\"Food Program_E - Young Minds In Motion\" \/>\n<meta property=\"og:description\" content=\"Each meal exceeds USDA nutrition guidelines We have partnered with\u00a0Regina Caterers\u00a0to provide nutritious meals that exceed USDA nutrition guidelines. At Regina Caterers, we work closely with program operators to develop and design menus that meet the nutritional and cultural needs of their clients. Our staff work closely with nutritionists at the Child and Adult Care [&hellip;]\" \/>\n<meta property=\"og:url\" content=\"https:\/\/youngmindsinmotion.com\/es\/food-program-e\/\" \/>\n<meta property=\"og:site_name\" content=\"Young Minds In Motion\" \/>\n<meta property=\"article:publisher\" content=\"https:\/\/www.facebook.com\/YoungMindsInMotionYMIM\/\" \/>\n<meta property=\"article:modified_time\" content=\"2025-01-27T09:18:20+00:00\" \/>\n<meta name=\"twitter:card\" content=\"summary_large_image\" \/>\n<meta name=\"twitter:label1\" content=\"Tiempo de lectura\" \/>\n\t<meta name=\"twitter:data1\" content=\"1 minuto\" \/>\n<script type=\"application\/ld+json\" class=\"yoast-schema-graph\">{\"@context\":\"https:\/\/schema.org\",\"@graph\":[{\"@type\":\"WebPage\",\"@id\":\"https:\/\/youngmindsinmotion.com\/food-program-e\/\",\"url\":\"https:\/\/youngmindsinmotion.com\/food-program-e\/\",\"name\":\"Food Program_E - Young Minds In Motion\",\"isPartOf\":{\"@id\":\"https:\/\/youngmindsinmotion.com\/#website\"},\"datePublished\":\"2025-01-27T09:16:30+00:00\",\"dateModified\":\"2025-01-27T09:18:20+00:00\",\"breadcrumb\":{\"@id\":\"https:\/\/youngmindsinmotion.com\/food-program-e\/#breadcrumb\"},\"inLanguage\":\"es\",\"potentialAction\":[{\"@type\":\"ReadAction\",\"target\":[\"https:\/\/youngmindsinmotion.com\/food-program-e\/\"]}]},{\"@type\":\"BreadcrumbList\",\"@id\":\"https:\/\/youngmindsinmotion.com\/food-program-e\/#breadcrumb\",\"itemListElement\":[{\"@type\":\"ListItem\",\"position\":1,\"name\":\"Home\",\"item\":\"https:\/\/youngmindsinmotion.com\/\"},{\"@type\":\"ListItem\",\"position\":2,\"name\":\"Food Program_E\"}]},{\"@type\":\"WebSite\",\"@id\":\"https:\/\/youngmindsinmotion.com\/#website\",\"url\":\"https:\/\/youngmindsinmotion.com\/\",\"name\":\"Young Minds In Motion\",\"description\":\"Early Childhood Education Center\",\"potentialAction\":[{\"@type\":\"SearchAction\",\"target\":{\"@type\":\"EntryPoint\",\"urlTemplate\":\"https:\/\/youngmindsinmotion.com\/?s={search_term_string}\"},\"query-input\":{\"@type\":\"PropertyValueSpecification\",\"valueRequired\":true,\"valueName\":\"search_term_string\"}}],\"inLanguage\":\"es\"}]}<\/script>\n<!-- \/ Yoast SEO plugin. -->","yoast_head_json":{"title":"Food Program_E - Young Minds In Motion","robots":{"index":"index","follow":"follow","max-snippet":"max-snippet:-1","max-image-preview":"max-image-preview:large","max-video-preview":"max-video-preview:-1"},"canonical":"https:\/\/youngmindsinmotion.com\/es\/food-program-e\/","og_locale":"es_ES","og_type":"article","og_title":"Food Program_E - Young Minds In Motion","og_description":"Each meal exceeds USDA nutrition guidelines We have partnered with\u00a0Regina Caterers\u00a0to provide nutritious meals that exceed USDA nutrition guidelines. At Regina Caterers, we work closely with program operators to develop and design menus that meet the nutritional and cultural needs of their clients. Our staff work closely with nutritionists at the Child and Adult Care [&hellip;]","og_url":"https:\/\/youngmindsinmotion.com\/es\/food-program-e\/","og_site_name":"Young Minds In Motion","article_publisher":"https:\/\/www.facebook.com\/YoungMindsInMotionYMIM\/","article_modified_time":"2025-01-27T09:18:20+00:00","twitter_card":"summary_large_image","twitter_misc":{"Tiempo de lectura":"1 minuto"},"schema":{"@context":"https:\/\/schema.org","@graph":[{"@type":"WebPage","@id":"https:\/\/youngmindsinmotion.com\/food-program-e\/","url":"https:\/\/youngmindsinmotion.com\/food-program-e\/","name":"Food Program_E - Young Minds In Motion","isPartOf":{"@id":"https:\/\/youngmindsinmotion.com\/#website"},"datePublished":"2025-01-27T09:16:30+00:00","dateModified":"2025-01-27T09:18:20+00:00","breadcrumb":{"@id":"https:\/\/youngmindsinmotion.com\/food-program-e\/#breadcrumb"},"inLanguage":"es","potentialAction":[{"@type":"ReadAction","target":["https:\/\/youngmindsinmotion.com\/food-program-e\/"]}]},{"@type":"BreadcrumbList","@id":"https:\/\/youngmindsinmotion.com\/food-program-e\/#breadcrumb","itemListElement":[{"@type":"ListItem","position":1,"name":"Home","item":"https:\/\/youngmindsinmotion.com\/"},{"@type":"ListItem","position":2,"name":"Food Program_E"}]},{"@type":"WebSite","@id":"https:\/\/youngmindsinmotion.com\/#website","url":"https:\/\/youngmindsinmotion.com\/","name":"Mentes j\u00f3venes en movimiento","description":"Early Childhood Education Center","potentialAction":[{"@type":"SearchAction","target":{"@type":"EntryPoint","urlTemplate":"https:\/\/youngmindsinmotion.com\/?s={search_term_string}"},"query-input":{"@type":"PropertyValueSpecification","valueRequired":true,"valueName":"search_term_string"}}],"inLanguage":"es"}]}},"_links":{"self":[{"href":"https:\/\/youngmindsinmotion.com\/es\/wp-json\/wp\/v2\/pages\/4366","targetHints":{"allow":["GET"]}}],"collection":[{"href":"https:\/\/youngmindsinmotion.com\/es\/wp-json\/wp\/v2\/pages"}],"about":[{"href":"https:\/\/youngmindsinmotion.com\/es\/wp-json\/wp\/v2\/types\/page"}],"author":[{"embeddable":true,"href":"https:\/\/youngmindsinmotion.com\/es\/wp-json\/wp\/v2\/users\/33"}],"replies":[{"embeddable":true,"href":"https:\/\/youngmindsinmotion.com\/es\/wp-json\/wp\/v2\/comments?post=4366"}],"version-history":[{"count":5,"href":"https:\/\/youngmindsinmotion.com\/es\/wp-json\/wp\/v2\/pages\/4366\/revisions"}],"predecessor-version":[{"id":4371,"href":"https:\/\/youngmindsinmotion.com\/es\/wp-json\/wp\/v2\/pages\/4366\/revisions\/4371"}],"wp:attachment":[{"href":"https:\/\/youngmindsinmotion.com\/es\/wp-json\/wp\/v2\/media?parent=4366"}],"curies":[{"name":"wp","href":"https:\/\/api.w.org\/{rel}","templated":true}]}}