{"id":4378,"date":"2025-01-27T04:38:52","date_gmt":"2025-01-27T09:38:52","guid":{"rendered":"https:\/\/youngmindsinmotion.com\/?page_id=4378"},"modified":"2025-01-27T04:47:00","modified_gmt":"2025-01-27T09:47:00","slug":"gifted-talented-e","status":"publish","type":"page","link":"https:\/\/youngmindsinmotion.com\/es\/gifted-talented-e\/","title":{"rendered":"Gifted &#038; Talented_E"},"content":{"rendered":"<div data-elementor-type=\"wp-page\" data-elementor-id=\"4378\" class=\"elementor elementor-4378\" data-elementor-post-type=\"page\">\n\t\t\t\t\t\t<section class=\"elementor-section elementor-top-section elementor-element elementor-element-36499239 elementor-section-boxed elementor-section-height-default elementor-section-height-default\" data-id=\"36499239\" data-element_type=\"section\" data-e-type=\"section\">\n\t\t\t\t\t\t<div class=\"elementor-container elementor-column-gap-default\">\n\t\t\t\t\t<div class=\"elementor-column elementor-col-100 elementor-top-column elementor-element elementor-element-388b460\" data-id=\"388b460\" data-element_type=\"column\" data-e-type=\"column\">\n\t\t\t<div class=\"elementor-widget-wrap elementor-element-populated\">\n\t\t\t\t\t\t<div class=\"elementor-element elementor-element-4f312d2 elementor-widget elementor-widget-heading\" data-id=\"4f312d2\" data-element_type=\"widget\" data-e-type=\"widget\" data-widget_type=\"heading.default\">\n\t\t\t\t<div class=\"elementor-widget-container\">\n\t\t\t\t\t<h2 class=\"elementor-heading-title elementor-size-default\">Que y por que es importante\n<\/h2>\t\t\t\t<\/div>\n\t\t\t\t<\/div>\n\t\t\t\t<div class=\"elementor-element elementor-element-c92213a elementor-widget elementor-widget-text-editor\" data-id=\"c92213a\" data-element_type=\"widget\" data-e-type=\"widget\" data-widget_type=\"text-editor.default\">\n\t\t\t\t<div class=\"elementor-widget-container\">\n\t\t\t\t\t\t\t\t\tNuestros ni\u00f1os son enviados a la escuela para aprender. Para aprender, el material debe ser nuevo. La mayor\u00eda de las personas solo aprenden a nadar una vez. No pondr\u00edas a alguien que sabe nadar en una clase para principiantes sin importar su edad. Una vez que hayas aprendido el crol, querr\u00e1s pasar a otros estilos, como el de la mariposa. Pasar tiempo nadando mientras tus compa\u00f1eros de clase todav\u00eda est\u00e1n averiguando la respiraci\u00f3n lateral es tiempo que no se aprende. El aula no es diferente. Algunos ni\u00f1os est\u00e1n por delante de sus compa\u00f1eros en lo acad\u00e9mico. Reaprender el material no tiene sentido para ellos. Algunos ni\u00f1os aprenden mucho m\u00e1s r\u00e1pido que otros. Darles hojas de trabajo adicionales (&quot;vueltas de nataci\u00f3n&quot;) no les ense\u00f1ar\u00e1 m\u00e1s. En Young Minds In Motion nos enfocamos en qu\u00e9 material est\u00e1 alineado acad\u00e9micamente, no alineado con la edad.\n\n\t\t\t\t\t\t\t\t<\/div>\n\t\t\t\t<\/div>\n\t\t\t\t<div class=\"elementor-element elementor-element-320b554 elementor-widget elementor-widget-heading\" data-id=\"320b554\" data-element_type=\"widget\" data-e-type=\"widget\" data-widget_type=\"heading.default\">\n\t\t\t\t<div class=\"elementor-widget-container\">\n\t\t\t\t\t<h2 class=\"elementor-heading-title elementor-size-default\">\u00bfC\u00f3mo continuaremos con esto una vez que dejen Young Minds in Motion?\n<\/h2>\t\t\t\t<\/div>\n\t\t\t\t<\/div>\n\t\t\t\t<div class=\"elementor-element elementor-element-7410136 elementor-widget elementor-widget-text-editor\" data-id=\"7410136\" data-element_type=\"widget\" data-e-type=\"widget\" data-widget_type=\"text-editor.default\">\n\t\t\t\t<div class=\"elementor-widget-container\">\n\t\t\t\t\t\t\t\t\tNYC already has a program in place for these students; they have to qualify by passing an exam. Here are the details. The NYC Gifted and Talented Test is an assessment administered by the city\u2019s Department of Education (DOE) to identify gifted children aged 4-7 (students who are entering Kindergarten through third grade) and determine their eligibility for admission into New York City\u2019s G&#038;T schools and programs. NYC\u2019s G&#038;T test includes two equal portions derived from two commonly administered gifted assessments:\n\nVerbal section of the OLSAT\u00ae (Otis-Lennon School Abilities Test\u00ae, Eighth Edition) \u2013 comprises 50% of the composite score\nNonverbal section of the NNAT\u00ae-2 (Naglieri Nonverbal Abilities Test, Second Edition) \u2013 comprises 50% of the composite score\nThere are two types of Gifted &#038; Talented programs. Admission to these programs are based on your child\u2019s test score:\n\nDistrict G&#038;T programs are offered at district elementary schools. They prioritize admitting students who live in the local communities served by the school. You are only eligible to apply to these programs if you score a 90 or above.\nCitywide G&#038;T schools accept students from all boroughs. There is no admission priority given based on where you live. You are only eligible to apply to these programs if you score a 97 or above.\t\t\t\t\t\t\t\t<\/div>\n\t\t\t\t<\/div>\n\t\t\t\t<div class=\"elementor-element elementor-element-8258849 elementor-widget elementor-widget-heading\" data-id=\"8258849\" data-element_type=\"widget\" data-e-type=\"widget\" data-widget_type=\"heading.default\">\n\t\t\t\t<div class=\"elementor-widget-container\">\n\t\t\t\t\t<h2 class=\"elementor-heading-title elementor-size-default\">Ejemplos de preguntas para estudiantes dotados y talentosos de NYC\n<\/h2>\t\t\t\t<\/div>\n\t\t\t\t<\/div>\n\t\t\t\t<div class=\"elementor-element elementor-element-9dbabcd elementor-widget elementor-widget-text-editor\" data-id=\"9dbabcd\" data-element_type=\"widget\" data-e-type=\"widget\" data-widget_type=\"text-editor.default\">\n\t\t\t\t<div class=\"elementor-widget-container\">\n\t\t\t\t\t\t\t\t\t<p>\u00bfSe pregunta qu\u00e9 tipo de preguntas se le har\u00e1n a su hijo en el examen NYC para estudiantes dotados y talentosos? A continuaci\u00f3n se muestran cinco ejemplos.<\/p><p>IMPORTANT: While the NYC Gifted and Talented Test sample questions shown on this page are representative of what your child will be seeing, they are not directly taken from the actual test being administered this year.<\/p><p>Pregunta de muestra 1 del examen NYC Gifted Test TP3T1 - OLSAT\u00ae (Otis-Lennon School Abilities Test\u00ae, octava edici\u00f3n), siguiendo las instrucciones<\/p><p>Padre, d\u00edgale a su hijo: &quot;Se\u00f1ale la imagen que muestra un p\u00e1jaro volando&quot;.<\/p>\t\t\t\t\t\t\t\t<\/div>\n\t\t\t\t<\/div>\n\t\t\t\t<div class=\"elementor-element elementor-element-6898c08 elementor-widget elementor-widget-image\" data-id=\"6898c08\" data-element_type=\"widget\" data-e-type=\"widget\" data-widget_type=\"image.default\">\n\t\t\t\t<div class=\"elementor-widget-container\">\n\t\t\t\t\t\t\t\t\t\t\t\t\t\t\t<img decoding=\"async\" src=\"https:\/\/youngmindsinmotion.com\/wp-content\/uploads\/2016\/11\/gt-img1.png\" title=\"\" alt=\"\" loading=\"lazy\" \/>\t\t\t\t\t\t\t\t\t\t\t\t\t\t\t<\/div>\n\t\t\t\t<\/div>\n\t\t\t\t<div class=\"elementor-element elementor-element-8193ff5 elementor-widget elementor-widget-text-editor\" data-id=\"8193ff5\" data-element_type=\"widget\" data-e-type=\"widget\" data-widget_type=\"text-editor.default\">\n\t\t\t\t<div class=\"elementor-widget-container\">\n\t\t\t\t\t\t\t\t\t<p><strong>Pregunta de muestra 1 del examen NYC Gifted Test TP3T2 - OLSAT\u00ae, razonamiento auditivo<\/strong><\/p><p>Padre, d\u00edgale a su hijo: &quot;Se\u00f1ale la imagen que muestra dos animales que los ni\u00f1os suelen tener como mascotas&quot;.<\/p>\t\t\t\t\t\t\t\t<\/div>\n\t\t\t\t<\/div>\n\t\t\t\t<div class=\"elementor-element elementor-element-fdf6dc2 elementor-widget elementor-widget-image\" data-id=\"fdf6dc2\" data-element_type=\"widget\" data-e-type=\"widget\" data-widget_type=\"image.default\">\n\t\t\t\t<div class=\"elementor-widget-container\">\n\t\t\t\t\t\t\t\t\t\t\t\t\t\t\t<img decoding=\"async\" src=\"https:\/\/youngmindsinmotion.com\/wp-content\/uploads\/2016\/11\/gt-img2.png\" title=\"\" alt=\"\" loading=\"lazy\" \/>\t\t\t\t\t\t\t\t\t\t\t\t\t\t\t<\/div>\n\t\t\t\t<\/div>\n\t\t\t\t<div class=\"elementor-element elementor-element-96e25bb elementor-widget elementor-widget-text-editor\" data-id=\"96e25bb\" data-element_type=\"widget\" data-e-type=\"widget\" data-widget_type=\"text-editor.default\">\n\t\t\t\t<div class=\"elementor-widget-container\">\n\t\t\t\t\t\t\t\t\t<p><strong>NYC Gifted Test Sample Question #3 - NNAT\u00ae-2 (Prueba de habilidad no verbal de Naglieri, segunda edici\u00f3n), Razonamiento por analog\u00eda<\/strong><\/p><p>Padre, d\u00edgale a su hijo: &quot;Mira este rompecabezas&quot;. Se\u00f1ale el cuadro vac\u00edo y diga &quot;Falta algo&quot;. Luego, se\u00f1ale las opciones de respuesta y diga: &quot;\u00bfCu\u00e1l de estas opciones de respuesta va aqu\u00ed?&quot; (Aseg\u00farese de se\u00f1alar el cuadro vac\u00edo cuando diga &quot;aqu\u00ed&quot;).<\/p>\t\t\t\t\t\t\t\t<\/div>\n\t\t\t\t<\/div>\n\t\t\t\t<div class=\"elementor-element elementor-element-286074d elementor-widget elementor-widget-image\" data-id=\"286074d\" data-element_type=\"widget\" data-e-type=\"widget\" data-widget_type=\"image.default\">\n\t\t\t\t<div class=\"elementor-widget-container\">\n\t\t\t\t\t\t\t\t\t\t\t\t\t\t\t<img decoding=\"async\" src=\"https:\/\/youngmindsinmotion.com\/wp-content\/uploads\/2016\/11\/gt-img3.png\" title=\"\" alt=\"\" loading=\"lazy\" \/>\t\t\t\t\t\t\t\t\t\t\t\t\t\t\t<\/div>\n\t\t\t\t<\/div>\n\t\t\t\t<div class=\"elementor-element elementor-element-bcf9ea6 elementor-widget elementor-widget-text-editor\" data-id=\"bcf9ea6\" data-element_type=\"widget\" data-e-type=\"widget\" data-widget_type=\"text-editor.default\">\n\t\t\t\t<div class=\"elementor-widget-container\">\n\t\t\t\t\t\t\t\t\t<p><strong>Pregunta de muestra 1 del examen NYC Gifted Test TP3T4 - NNAT\u00ae-2, Visualizaci\u00f3n espacial:<\/strong><\/p><p>Padre, d\u00edgale a su hijo: &quot;Mira este rompecabezas&quot;. Se\u00f1ale el cuadro vac\u00edo y diga &quot;Falta algo&quot;. Luego, se\u00f1ale las opciones de respuesta y diga: &quot;\u00bfCu\u00e1l de estas opciones de respuesta va aqu\u00ed?&quot; (Aseg\u00farese de se\u00f1alar el cuadro vac\u00edo cuando diga &quot;aqu\u00ed&quot;).<\/p>\t\t\t\t\t\t\t\t<\/div>\n\t\t\t\t<\/div>\n\t\t\t\t<div class=\"elementor-element elementor-element-8359864 elementor-widget elementor-widget-image\" data-id=\"8359864\" data-element_type=\"widget\" data-e-type=\"widget\" data-widget_type=\"image.default\">\n\t\t\t\t<div class=\"elementor-widget-container\">\n\t\t\t\t\t\t\t\t\t\t\t\t\t\t\t<img decoding=\"async\" src=\"https:\/\/youngmindsinmotion.com\/wp-content\/uploads\/2016\/11\/gt-img4.png\" title=\"\" alt=\"\" loading=\"lazy\" \/>\t\t\t\t\t\t\t\t\t\t\t\t\t\t\t<\/div>\n\t\t\t\t<\/div>\n\t\t\t\t<div class=\"elementor-element elementor-element-6ae6cf2 elementor-widget elementor-widget-text-editor\" data-id=\"6ae6cf2\" data-element_type=\"widget\" data-e-type=\"widget\" data-widget_type=\"text-editor.default\">\n\t\t\t\t<div class=\"elementor-widget-container\">\n\t\t\t\t\t\t\t\t\t<p><strong>NYC Gifted Test Sample Question #5 - Stanford-Binet\u00ae V (Escalas de inteligencia Stanford-Binet, Quinta edici\u00f3n\u00ae), Matrices<\/strong><\/p><p>Padre, d\u00edgale a su hijo: \u201c\u00bfVes estas cuatro cajas? Las im\u00e1genes de la fila superior van juntas de cierta manera. Ahora, mire la fila inferior. \u00bfVes la caja vac\u00eda? \u00bfCu\u00e1l de las cuatro im\u00e1genes que se muestran en las opciones de respuesta de la derecha va con la imagen del cuadro inferior izquierdo de la misma manera que las dos im\u00e1genes de la fila superior van juntas? &quot;<\/p>\t\t\t\t\t\t\t\t<\/div>\n\t\t\t\t<\/div>\n\t\t\t\t<div class=\"elementor-element elementor-element-ea2bea1 elementor-widget elementor-widget-image\" data-id=\"ea2bea1\" data-element_type=\"widget\" data-e-type=\"widget\" data-widget_type=\"image.default\">\n\t\t\t\t<div class=\"elementor-widget-container\">\n\t\t\t\t\t\t\t\t\t\t\t\t\t\t\t<img decoding=\"async\" src=\"https:\/\/youngmindsinmotion.com\/wp-content\/uploads\/2016\/11\/gt-img5.png\" title=\"\" alt=\"\" loading=\"lazy\" \/>\t\t\t\t\t\t\t\t\t\t\t\t\t\t\t<\/div>\n\t\t\t\t<\/div>\n\t\t\t\t<div class=\"elementor-element elementor-element-002fb9d elementor-widget elementor-widget-text-editor\" data-id=\"002fb9d\" data-element_type=\"widget\" data-e-type=\"widget\" data-widget_type=\"text-editor.default\">\n\t\t\t\t<div class=\"elementor-widget-container\">\n\t\t\t\t\t\t\t\t\tIn 2016 NYC Gifted &#038;Talented program tested 14,513 kindergarten students only 4,539 became eligible. There were only 2,507 students that were offered slots throughout the city.  Staten Island only had on 2% of those applicants to be offered slots. As you can see from the numbers G&#038;T programs are in high demand with a low number of slots. Being prepared for the exam is of extreme importance.\n\n \n\nAt Young Minds in Motion we will provide Test Readiness classes and prepare your child for the exam and a higher understanding in everyday interactions\t\t\t\t\t\t\t\t<\/div>\n\t\t\t\t<\/div>\n\t\t\t\t\t<\/div>\n\t\t<\/div>\n\t\t\t\t\t<\/div>\n\t\t<\/section>\n\t\t\t\t<\/div>","protected":false},"excerpt":{"rendered":"<p>What and why is it important Our children are sent to school to learn. To learn, the material must be new. Most people only learn how to swim once. You would not put someone who knows how to swim in a beginner\u2019s class no matter his age. Once you have learned the front crawl, you [&hellip;]<\/p>\n","protected":false},"author":33,"featured_media":0,"parent":0,"menu_order":0,"comment_status":"closed","ping_status":"closed","template":"","meta":{"footnotes":""},"class_list":["post-4378","page","type-page","status-publish","hentry"],"yoast_head":"<!-- This site is optimized with the Yoast SEO plugin v27.2 - https:\/\/yoast.com\/product\/yoast-seo-wordpress\/ -->\n<title>Gifted &amp; Talented_E - Young Minds In Motion<\/title>\n<meta name=\"robots\" content=\"index, follow, max-snippet:-1, max-image-preview:large, max-video-preview:-1\" \/>\n<link rel=\"canonical\" href=\"https:\/\/youngmindsinmotion.com\/es\/gifted-talented-e\/\" \/>\n<meta property=\"og:locale\" content=\"es_ES\" \/>\n<meta property=\"og:type\" content=\"article\" \/>\n<meta property=\"og:title\" content=\"Gifted &amp; Talented_E - Young Minds In Motion\" \/>\n<meta property=\"og:description\" content=\"What and why is it important Our children are sent to school to learn. To learn, the material must be new. Most people only learn how to swim once. You would not put someone who knows how to swim in a beginner\u2019s class no matter his age. Once you have learned the front crawl, you [&hellip;]\" \/>\n<meta property=\"og:url\" content=\"https:\/\/youngmindsinmotion.com\/es\/gifted-talented-e\/\" \/>\n<meta property=\"og:site_name\" content=\"Young Minds In Motion\" \/>\n<meta property=\"article:publisher\" content=\"https:\/\/www.facebook.com\/YoungMindsInMotionYMIM\/\" \/>\n<meta property=\"article:modified_time\" content=\"2025-01-27T09:47:00+00:00\" \/>\n<meta property=\"og:image\" content=\"https:\/\/youngmindsinmotion.com\/wp-content\/uploads\/2016\/11\/gt-img1.png\" \/>\n<meta name=\"twitter:card\" content=\"summary_large_image\" \/>\n<meta name=\"twitter:label1\" content=\"Tiempo de lectura\" \/>\n\t<meta name=\"twitter:data1\" content=\"5 minutos\" \/>\n<script type=\"application\/ld+json\" class=\"yoast-schema-graph\">{\"@context\":\"https:\/\/schema.org\",\"@graph\":[{\"@type\":\"WebPage\",\"@id\":\"https:\/\/youngmindsinmotion.com\/gifted-talented-e\/\",\"url\":\"https:\/\/youngmindsinmotion.com\/gifted-talented-e\/\",\"name\":\"Gifted & Talented_E - Young Minds In Motion\",\"isPartOf\":{\"@id\":\"https:\/\/youngmindsinmotion.com\/#website\"},\"primaryImageOfPage\":{\"@id\":\"https:\/\/youngmindsinmotion.com\/gifted-talented-e\/#primaryimage\"},\"image\":{\"@id\":\"https:\/\/youngmindsinmotion.com\/gifted-talented-e\/#primaryimage\"},\"thumbnailUrl\":\"https:\/\/youngmindsinmotion.com\/wp-content\/uploads\/2016\/11\/gt-img1.png\",\"datePublished\":\"2025-01-27T09:38:52+00:00\",\"dateModified\":\"2025-01-27T09:47:00+00:00\",\"breadcrumb\":{\"@id\":\"https:\/\/youngmindsinmotion.com\/gifted-talented-e\/#breadcrumb\"},\"inLanguage\":\"es\",\"potentialAction\":[{\"@type\":\"ReadAction\",\"target\":[\"https:\/\/youngmindsinmotion.com\/gifted-talented-e\/\"]}]},{\"@type\":\"ImageObject\",\"inLanguage\":\"es\",\"@id\":\"https:\/\/youngmindsinmotion.com\/gifted-talented-e\/#primaryimage\",\"url\":\"https:\/\/youngmindsinmotion.com\/wp-content\/uploads\/2016\/11\/gt-img1.png\",\"contentUrl\":\"https:\/\/youngmindsinmotion.com\/wp-content\/uploads\/2016\/11\/gt-img1.png\"},{\"@type\":\"BreadcrumbList\",\"@id\":\"https:\/\/youngmindsinmotion.com\/gifted-talented-e\/#breadcrumb\",\"itemListElement\":[{\"@type\":\"ListItem\",\"position\":1,\"name\":\"Home\",\"item\":\"https:\/\/youngmindsinmotion.com\/\"},{\"@type\":\"ListItem\",\"position\":2,\"name\":\"Gifted &#038; Talented_E\"}]},{\"@type\":\"WebSite\",\"@id\":\"https:\/\/youngmindsinmotion.com\/#website\",\"url\":\"https:\/\/youngmindsinmotion.com\/\",\"name\":\"Young Minds In Motion\",\"description\":\"Early Childhood Education Center\",\"potentialAction\":[{\"@type\":\"SearchAction\",\"target\":{\"@type\":\"EntryPoint\",\"urlTemplate\":\"https:\/\/youngmindsinmotion.com\/?s={search_term_string}\"},\"query-input\":{\"@type\":\"PropertyValueSpecification\",\"valueRequired\":true,\"valueName\":\"search_term_string\"}}],\"inLanguage\":\"es\"}]}<\/script>\n<!-- \/ Yoast SEO plugin. -->","yoast_head_json":{"title":"Gifted & Talented_E - Young Minds In Motion","robots":{"index":"index","follow":"follow","max-snippet":"max-snippet:-1","max-image-preview":"max-image-preview:large","max-video-preview":"max-video-preview:-1"},"canonical":"https:\/\/youngmindsinmotion.com\/es\/gifted-talented-e\/","og_locale":"es_ES","og_type":"article","og_title":"Gifted & Talented_E - Young Minds In Motion","og_description":"What and why is it important Our children are sent to school to learn. To learn, the material must be new. Most people only learn how to swim once. You would not put someone who knows how to swim in a beginner\u2019s class no matter his age. Once you have learned the front crawl, you [&hellip;]","og_url":"https:\/\/youngmindsinmotion.com\/es\/gifted-talented-e\/","og_site_name":"Young Minds In Motion","article_publisher":"https:\/\/www.facebook.com\/YoungMindsInMotionYMIM\/","article_modified_time":"2025-01-27T09:47:00+00:00","og_image":[{"url":"https:\/\/youngmindsinmotion.com\/wp-content\/uploads\/2016\/11\/gt-img1.png","type":"","width":"","height":""}],"twitter_card":"summary_large_image","twitter_misc":{"Tiempo de lectura":"5 minutos"},"schema":{"@context":"https:\/\/schema.org","@graph":[{"@type":"WebPage","@id":"https:\/\/youngmindsinmotion.com\/gifted-talented-e\/","url":"https:\/\/youngmindsinmotion.com\/gifted-talented-e\/","name":"Gifted & Talented_E - Young Minds In Motion","isPartOf":{"@id":"https:\/\/youngmindsinmotion.com\/#website"},"primaryImageOfPage":{"@id":"https:\/\/youngmindsinmotion.com\/gifted-talented-e\/#primaryimage"},"image":{"@id":"https:\/\/youngmindsinmotion.com\/gifted-talented-e\/#primaryimage"},"thumbnailUrl":"https:\/\/youngmindsinmotion.com\/wp-content\/uploads\/2016\/11\/gt-img1.png","datePublished":"2025-01-27T09:38:52+00:00","dateModified":"2025-01-27T09:47:00+00:00","breadcrumb":{"@id":"https:\/\/youngmindsinmotion.com\/gifted-talented-e\/#breadcrumb"},"inLanguage":"es","potentialAction":[{"@type":"ReadAction","target":["https:\/\/youngmindsinmotion.com\/gifted-talented-e\/"]}]},{"@type":"ImageObject","inLanguage":"es","@id":"https:\/\/youngmindsinmotion.com\/gifted-talented-e\/#primaryimage","url":"https:\/\/youngmindsinmotion.com\/wp-content\/uploads\/2016\/11\/gt-img1.png","contentUrl":"https:\/\/youngmindsinmotion.com\/wp-content\/uploads\/2016\/11\/gt-img1.png"},{"@type":"BreadcrumbList","@id":"https:\/\/youngmindsinmotion.com\/gifted-talented-e\/#breadcrumb","itemListElement":[{"@type":"ListItem","position":1,"name":"Home","item":"https:\/\/youngmindsinmotion.com\/"},{"@type":"ListItem","position":2,"name":"Gifted &#038; Talented_E"}]},{"@type":"WebSite","@id":"https:\/\/youngmindsinmotion.com\/#website","url":"https:\/\/youngmindsinmotion.com\/","name":"Mentes j\u00f3venes en movimiento","description":"Early Childhood Education Center","potentialAction":[{"@type":"SearchAction","target":{"@type":"EntryPoint","urlTemplate":"https:\/\/youngmindsinmotion.com\/?s={search_term_string}"},"query-input":{"@type":"PropertyValueSpecification","valueRequired":true,"valueName":"search_term_string"}}],"inLanguage":"es"}]}},"_links":{"self":[{"href":"https:\/\/youngmindsinmotion.com\/es\/wp-json\/wp\/v2\/pages\/4378","targetHints":{"allow":["GET"]}}],"collection":[{"href":"https:\/\/youngmindsinmotion.com\/es\/wp-json\/wp\/v2\/pages"}],"about":[{"href":"https:\/\/youngmindsinmotion.com\/es\/wp-json\/wp\/v2\/types\/page"}],"author":[{"embeddable":true,"href":"https:\/\/youngmindsinmotion.com\/es\/wp-json\/wp\/v2\/users\/33"}],"replies":[{"embeddable":true,"href":"https:\/\/youngmindsinmotion.com\/es\/wp-json\/wp\/v2\/comments?post=4378"}],"version-history":[{"count":4,"href":"https:\/\/youngmindsinmotion.com\/es\/wp-json\/wp\/v2\/pages\/4378\/revisions"}],"predecessor-version":[{"id":4383,"href":"https:\/\/youngmindsinmotion.com\/es\/wp-json\/wp\/v2\/pages\/4378\/revisions\/4383"}],"wp:attachment":[{"href":"https:\/\/youngmindsinmotion.com\/es\/wp-json\/wp\/v2\/media?parent=4378"}],"curies":[{"name":"wp","href":"https:\/\/api.w.org\/{rel}","templated":true}]}}