{"id":4432,"date":"2025-01-27T12:16:52","date_gmt":"2025-01-27T17:16:52","guid":{"rendered":"https:\/\/youngmindsinmotion.com\/?page_id=4432"},"modified":"2025-01-27T12:18:33","modified_gmt":"2025-01-27T17:18:33","slug":"programa-de-alimentos-e","status":"publish","type":"page","link":"https:\/\/youngmindsinmotion.com\/es\/programa-de-alimentos-e\/","title":{"rendered":"Programa de Alimentos_E"},"content":{"rendered":"<div data-elementor-type=\"wp-page\" data-elementor-id=\"4432\" class=\"elementor elementor-4432\" data-elementor-post-type=\"page\">\n\t\t\t\t\t\t<section class=\"elementor-section elementor-top-section elementor-element elementor-element-caeab89 elementor-section-boxed elementor-section-height-default elementor-section-height-default\" data-id=\"caeab89\" data-element_type=\"section\" data-e-type=\"section\">\n\t\t\t\t\t\t<div class=\"elementor-container elementor-column-gap-default\">\n\t\t\t\t\t<div class=\"elementor-column elementor-col-100 elementor-top-column elementor-element elementor-element-72f8afd\" data-id=\"72f8afd\" data-element_type=\"column\" data-e-type=\"column\">\n\t\t\t<div class=\"elementor-widget-wrap elementor-element-populated\">\n\t\t\t\t\t\t<div class=\"elementor-element elementor-element-83a1bfb elementor-widget elementor-widget-heading\" data-id=\"83a1bfb\" data-element_type=\"widget\" data-e-type=\"widget\" data-widget_type=\"heading.default\">\n\t\t\t\t<div class=\"elementor-widget-container\">\n\t\t\t\t\t<h2 class=\"elementor-heading-title elementor-size-default\">Cada comida supera las pautas nutricionales del USDA\n<\/h2>\t\t\t\t<\/div>\n\t\t\t\t<\/div>\n\t\t\t\t<div class=\"elementor-element elementor-element-aa61de7 elementor-widget elementor-widget-text-editor\" data-id=\"aa61de7\" data-element_type=\"widget\" data-e-type=\"widget\" data-widget_type=\"text-editor.default\">\n\t\t\t\t<div class=\"elementor-widget-container\">\n\t\t\t\t\t\t\t\t\t<p>Nos hemos asociado con Reg<a href=\"http:\/\/reginacaterers.com\/\">ina Caterers para\u00a0<\/a>proporcionar comidas nutritivas que excedan las pautas nutricionales del USDA.<\/p><p><strong>En Regina Caterers, trabajamos en estrecha colaboraci\u00f3n con los operadores del programa para desarrollar y dise\u00f1ar men\u00fas que satisfagan las necesidades nutricionales y culturales de sus clientes.<\/strong><\/p><p>Nuestro personal trabaja en estrecha colaboraci\u00f3n con los nutricionistas del Programa de Alimentos para el Cuidado de Ni\u00f1os y Adultos (CACFP) en Albany, con el fin de asegurarse de que se mantengan al tanto de los \u00faltimos requisitos diet\u00e9ticos y nuevas regulaciones emitidas por el Departamento de Salud del Estado y el USDA.<\/p><p><strong>Men\u00fa Infantil<\/strong><\/p><p><strong>Cu<\/strong>ando se trata de alimentar a ni\u00f1os y adultos j\u00f3venes, preparamos almuerzos nutritivos, cenas y refrigerios y somos conscientes de c\u00f3mo una buena nutrici\u00f3n puede beneficiar el rendimiento y el comportamiento de un estudiante en la escuela. Nuestros dietistas est\u00e1n involucrados en cada paso de nuestro proceso de planificaci\u00f3n de men\u00fas y selecci\u00f3n de alimentos\/ingredientes.<\/p><p>Nuestro objetivo en el dise\u00f1o de men\u00fas escolares y despu\u00e9s de la escuela es encontrar el equilibrio adecuado entre el valor nutricional y la amabilidad de los ni\u00f1os.<\/p><p>Todas las ubicaciones de Regina son &#8216;Nut Free Facilties&#8217;<\/p><p>Todas nuestras comidas se pueden suministrar ya sea de estilo familiar o empaquetado individualmente.<\/p>\t\t\t\t\t\t\t\t<\/div>\n\t\t\t\t<\/div>\n\t\t\t\t<div class=\"elementor-element elementor-element-6c883d1 elementor-widget elementor-widget-shortcode\" data-id=\"6c883d1\" data-element_type=\"widget\" data-e-type=\"widget\" data-widget_type=\"shortcode.default\">\n\t\t\t\t<div class=\"elementor-widget-container\">\n\t\t\t\t\t\t\t<div class=\"elementor-shortcode\"><a href=\"https:\/\/youngmindsinmotion.com\/wp-content\/uploads\/2019\/10\/CACFP-October-Menu.pdf\" class=\"pdfemb-viewer\" style=\"\" data-width=\"max\" data-height=\"max\" data-toolbar=\"bottom\" data-toolbar-fixed=\"off\">Men\u00fa de Octubre del CACFP<\/a><\/div>\n\t\t\t\t\t\t<\/div>\n\t\t\t\t<\/div>\n\t\t\t\t\t<\/div>\n\t\t<\/div>\n\t\t\t\t\t<\/div>\n\t\t<\/section>\n\t\t\t\t<\/div>","protected":false},"excerpt":{"rendered":"<p>Cada comida supera las pautas nutricionales del USDA Nos hemos asociado con Regina Caterers para\u00a0proporcionar comidas nutritivas que excedan las pautas nutricionales del USDA. En Regina Caterers, trabajamos en estrecha colaboraci\u00f3n con los operadores del programa para desarrollar y dise\u00f1ar men\u00fas que satisfagan las necesidades nutricionales y culturales de sus clientes. Nuestro personal trabaja en [&hellip;]<\/p>\n","protected":false},"author":33,"featured_media":0,"parent":0,"menu_order":0,"comment_status":"closed","ping_status":"closed","template":"","meta":{"footnotes":""},"class_list":["post-4432","page","type-page","status-publish","hentry"],"yoast_head":"<!-- This site is optimized with the Yoast SEO plugin v27.2 - https:\/\/yoast.com\/product\/yoast-seo-wordpress\/ -->\n<title>Programa de Alimentos_E - Young Minds In Motion<\/title>\n<meta name=\"robots\" content=\"index, follow, max-snippet:-1, max-image-preview:large, max-video-preview:-1\" \/>\n<link rel=\"canonical\" href=\"https:\/\/youngmindsinmotion.com\/es\/programa-de-alimentos-e\/\" \/>\n<meta property=\"og:locale\" content=\"es_ES\" \/>\n<meta property=\"og:type\" content=\"article\" \/>\n<meta property=\"og:title\" content=\"Programa de Alimentos_E - Young Minds In Motion\" \/>\n<meta property=\"og:description\" content=\"Cada comida supera las pautas nutricionales del USDA Nos hemos asociado con Regina Caterers para\u00a0proporcionar comidas nutritivas que excedan las pautas nutricionales del USDA. En Regina Caterers, trabajamos en estrecha colaboraci\u00f3n con los operadores del programa para desarrollar y dise\u00f1ar men\u00fas que satisfagan las necesidades nutricionales y culturales de sus clientes. Nuestro personal trabaja en [&hellip;]\" \/>\n<meta property=\"og:url\" content=\"https:\/\/youngmindsinmotion.com\/es\/programa-de-alimentos-e\/\" \/>\n<meta property=\"og:site_name\" content=\"Young Minds In Motion\" \/>\n<meta property=\"article:publisher\" content=\"https:\/\/www.facebook.com\/YoungMindsInMotionYMIM\/\" \/>\n<meta property=\"article:modified_time\" content=\"2025-01-27T17:18:33+00:00\" \/>\n<meta name=\"twitter:card\" content=\"summary_large_image\" \/>\n<meta name=\"twitter:label1\" content=\"Tiempo de lectura\" \/>\n\t<meta name=\"twitter:data1\" content=\"1 minuto\" \/>\n<script type=\"application\/ld+json\" class=\"yoast-schema-graph\">{\"@context\":\"https:\/\/schema.org\",\"@graph\":[{\"@type\":\"WebPage\",\"@id\":\"https:\/\/youngmindsinmotion.com\/es\/programa-de-alimentos-e\/\",\"url\":\"https:\/\/youngmindsinmotion.com\/es\/programa-de-alimentos-e\/\",\"name\":\"Programa de Alimentos_E - Young Minds In Motion\",\"isPartOf\":{\"@id\":\"https:\/\/youngmindsinmotion.com\/#website\"},\"datePublished\":\"2025-01-27T17:16:52+00:00\",\"dateModified\":\"2025-01-27T17:18:33+00:00\",\"breadcrumb\":{\"@id\":\"https:\/\/youngmindsinmotion.com\/es\/programa-de-alimentos-e\/#breadcrumb\"},\"inLanguage\":\"es\",\"potentialAction\":[{\"@type\":\"ReadAction\",\"target\":[\"https:\/\/youngmindsinmotion.com\/es\/programa-de-alimentos-e\/\"]}]},{\"@type\":\"BreadcrumbList\",\"@id\":\"https:\/\/youngmindsinmotion.com\/es\/programa-de-alimentos-e\/#breadcrumb\",\"itemListElement\":[{\"@type\":\"ListItem\",\"position\":1,\"name\":\"Home\",\"item\":\"https:\/\/youngmindsinmotion.com\/\"},{\"@type\":\"ListItem\",\"position\":2,\"name\":\"Programa de Alimentos_E\"}]},{\"@type\":\"WebSite\",\"@id\":\"https:\/\/youngmindsinmotion.com\/#website\",\"url\":\"https:\/\/youngmindsinmotion.com\/\",\"name\":\"Young Minds In Motion\",\"description\":\"Early Childhood Education Center\",\"potentialAction\":[{\"@type\":\"SearchAction\",\"target\":{\"@type\":\"EntryPoint\",\"urlTemplate\":\"https:\/\/youngmindsinmotion.com\/?s={search_term_string}\"},\"query-input\":{\"@type\":\"PropertyValueSpecification\",\"valueRequired\":true,\"valueName\":\"search_term_string\"}}],\"inLanguage\":\"es\"}]}<\/script>\n<!-- \/ Yoast SEO plugin. -->","yoast_head_json":{"title":"Programa de Alimentos_E - Young Minds In Motion","robots":{"index":"index","follow":"follow","max-snippet":"max-snippet:-1","max-image-preview":"max-image-preview:large","max-video-preview":"max-video-preview:-1"},"canonical":"https:\/\/youngmindsinmotion.com\/es\/programa-de-alimentos-e\/","og_locale":"es_ES","og_type":"article","og_title":"Programa de Alimentos_E - Young Minds In Motion","og_description":"Cada comida supera las pautas nutricionales del USDA Nos hemos asociado con Regina Caterers para\u00a0proporcionar comidas nutritivas que excedan las pautas nutricionales del USDA. En Regina Caterers, trabajamos en estrecha colaboraci\u00f3n con los operadores del programa para desarrollar y dise\u00f1ar men\u00fas que satisfagan las necesidades nutricionales y culturales de sus clientes. Nuestro personal trabaja en [&hellip;]","og_url":"https:\/\/youngmindsinmotion.com\/es\/programa-de-alimentos-e\/","og_site_name":"Young Minds In Motion","article_publisher":"https:\/\/www.facebook.com\/YoungMindsInMotionYMIM\/","article_modified_time":"2025-01-27T17:18:33+00:00","twitter_card":"summary_large_image","twitter_misc":{"Tiempo de lectura":"1 minuto"},"schema":{"@context":"https:\/\/schema.org","@graph":[{"@type":"WebPage","@id":"https:\/\/youngmindsinmotion.com\/es\/programa-de-alimentos-e\/","url":"https:\/\/youngmindsinmotion.com\/es\/programa-de-alimentos-e\/","name":"Programa de Alimentos_E - Young Minds In Motion","isPartOf":{"@id":"https:\/\/youngmindsinmotion.com\/#website"},"datePublished":"2025-01-27T17:16:52+00:00","dateModified":"2025-01-27T17:18:33+00:00","breadcrumb":{"@id":"https:\/\/youngmindsinmotion.com\/es\/programa-de-alimentos-e\/#breadcrumb"},"inLanguage":"es","potentialAction":[{"@type":"ReadAction","target":["https:\/\/youngmindsinmotion.com\/es\/programa-de-alimentos-e\/"]}]},{"@type":"BreadcrumbList","@id":"https:\/\/youngmindsinmotion.com\/es\/programa-de-alimentos-e\/#breadcrumb","itemListElement":[{"@type":"ListItem","position":1,"name":"Home","item":"https:\/\/youngmindsinmotion.com\/"},{"@type":"ListItem","position":2,"name":"Programa de Alimentos_E"}]},{"@type":"WebSite","@id":"https:\/\/youngmindsinmotion.com\/#website","url":"https:\/\/youngmindsinmotion.com\/","name":"Mentes j\u00f3venes en movimiento","description":"Early Childhood Education Center","potentialAction":[{"@type":"SearchAction","target":{"@type":"EntryPoint","urlTemplate":"https:\/\/youngmindsinmotion.com\/?s={search_term_string}"},"query-input":{"@type":"PropertyValueSpecification","valueRequired":true,"valueName":"search_term_string"}}],"inLanguage":"es"}]}},"_links":{"self":[{"href":"https:\/\/youngmindsinmotion.com\/es\/wp-json\/wp\/v2\/pages\/4432","targetHints":{"allow":["GET"]}}],"collection":[{"href":"https:\/\/youngmindsinmotion.com\/es\/wp-json\/wp\/v2\/pages"}],"about":[{"href":"https:\/\/youngmindsinmotion.com\/es\/wp-json\/wp\/v2\/types\/page"}],"author":[{"embeddable":true,"href":"https:\/\/youngmindsinmotion.com\/es\/wp-json\/wp\/v2\/users\/33"}],"replies":[{"embeddable":true,"href":"https:\/\/youngmindsinmotion.com\/es\/wp-json\/wp\/v2\/comments?post=4432"}],"version-history":[{"count":4,"href":"https:\/\/youngmindsinmotion.com\/es\/wp-json\/wp\/v2\/pages\/4432\/revisions"}],"predecessor-version":[{"id":4436,"href":"https:\/\/youngmindsinmotion.com\/es\/wp-json\/wp\/v2\/pages\/4432\/revisions\/4436"}],"wp:attachment":[{"href":"https:\/\/youngmindsinmotion.com\/es\/wp-json\/wp\/v2\/media?parent=4432"}],"curies":[{"name":"wp","href":"https:\/\/api.w.org\/{rel}","templated":true}]}}